{"id":2190,"date":"2021-12-28T08:35:00","date_gmt":"2021-12-28T08:35:00","guid":{"rendered":"https:\/\/maxnext.de\/?page_id=2190"},"modified":"2026-03-08T12:49:09","modified_gmt":"2026-03-08T12:49:09","slug":"impressum","status":"publish","type":"page","link":"https:\/\/maxnext.io\/de\/impressum\/","title":{"rendered":"Impressum"},"content":{"rendered":"\t\t<div data-elementor-type=\"wp-page\" data-elementor-id=\"2190\" class=\"elementor elementor-2190\" data-elementor-post-type=\"page\">\n\t\t\t\t\t\t<section class=\"elementor-section elementor-top-section elementor-element elementor-element-e9690db elementor-section-boxed elementor-section-height-default elementor-section-height-default\" data-id=\"e9690db\" data-element_type=\"section\" data-e-type=\"section\">\n\t\t\t\t\t\t<div class=\"elementor-container elementor-column-gap-default\">\n\t\t\t\t\t<div class=\"elementor-column elementor-col-100 elementor-top-column elementor-element elementor-element-05dc74a\" data-id=\"05dc74a\" data-element_type=\"column\" data-e-type=\"column\">\n\t\t\t<div class=\"elementor-widget-wrap elementor-element-populated\">\n\t\t\t\t\t\t<div class=\"elementor-element elementor-element-448f62e elementor-widget elementor-widget-heading\" data-id=\"448f62e\" data-element_type=\"widget\" data-e-type=\"widget\" data-widget_type=\"heading.default\">\n\t\t\t\t\t<h1 class=\"elementor-heading-title elementor-size-default\">Impressum von maxnext GmbH<\/h1>\t\t\t\t<\/div>\n\t\t\t\t<div class=\"elementor-element elementor-element-d14aab5 elementor-widget elementor-widget-text-editor\" data-id=\"d14aab5\" data-element_type=\"widget\" data-e-type=\"widget\" data-widget_type=\"text-editor.default\">\n\t\t\t\t\t\t\t\t\t<div><div><div><h2 data-fontsize=\"25\" data-lineheight=\"48px\">Angaben gem\u00e4\u00df \u00a7 5 TMG:<\/h2><div>\u00a0<\/div><div><strong>Lieferanschrift \/ Postanschrift:<\/strong><\/div><div>\u00a0<\/div><div><strong><a href=\"https:\/\/maxnext.io\/de\/entwicklung-prototyping-serienfertigung\/\">maxnext<\/a> GmbH <\/strong><br \/>Daimlerstrasse 7<br \/>72285 Pfalzgrafenweiler<br \/>GERMANY<\/div><div>\u00a0<\/div><p>\u00a0<\/p><p><b>Firmensitz \/ Rechnungsadresse:<\/b><\/p><p><b>maxnext GmbH<\/b><\/p><p>Fliederstra\u00dfe 8<br \/>91126 Rednitzhembach<\/p><p><strong>&#8212; GERMANY &#8212;<\/strong><\/p><p><strong>\u00a0<\/strong><\/p><p><strong>Gesch\u00e4ftsf\u00fchrer:<\/strong> Armin Klepsch<\/p><p><strong><span style=\"font-family: Roboto, sans-serif; font-style: normal;\">Eine Marke von:\u00a0<\/span><\/strong><a style=\"font-style: normal; font-family: Roboto, sans-serif;\" href=\"https:\/\/www.formenbau-spritzguss.de\/\">KSE Kunststoff<\/a><\/p><p><strong>Handelsregister:<\/strong> HRB 40855<br \/><strong>Registergericht:<\/strong> Amtsgericht N\u00fcrnberg<\/p><p><strong>UST-ID:<\/strong> DE359087781<\/p><h2 data-fontsize=\"25\" data-lineheight=\"48px\">\u00a0<\/h2><h2 data-fontsize=\"25\" data-lineheight=\"48px\">\u00a0<\/h2><h2 data-fontsize=\"25\" data-lineheight=\"48px\">Kontakt:<\/h2><table><tbody><tr><td><strong>Telefon:<\/strong><\/td><td>+49 9122 70 44 994<\/td><\/tr><tr><td><strong>E-Mail:<\/strong><\/td><td><a href=\"mailto:hi@maxnext.de\">hi@maxnext.de<\/a><\/td><\/tr><\/tbody><\/table><p><em>Quelle:\u00a0<a title=\"https:\/\/www.e-recht24.de\" href=\"https:\/\/www.e-recht24.de\/\">https:\/\/www.e-recht24.de<\/a><\/em><\/p><p><strong>Webdesign &amp; Marketingstrategie:<\/strong>\u00a0<a href=\"https:\/\/www.neukunden-erobern.de\/\">NEUKUNDEN EROBERN Werbeagentur<\/a><\/p><\/div><div>\u00a0<\/div><div>\u00a0<\/div><div>\u00a0<\/div><div>\u00a0<\/div><\/div><div><div><div>\u00a0<\/div><\/div><\/div><\/div><div><div><div><div><div><p><strong>Haftung f\u00fcr Inhalte<\/strong><\/p><p>Als Diensteanbieter sind wir gem\u00e4\u00df \u00a7 7 <a href=\"https:\/\/maxnext.io\/de\/blog\/kunststoffteile-aus-abs\/\">Abs<\/a>.1 TMG f\u00fcr eigene Inhalte auf diesen Seiten nach den allgemeinen Gesetzen verantwortlich. Nach \u00a7\u00a7 8 bis 10 TMG sind wir als Diensteanbieter jedoch nicht verpflichtet, \u00fcbermittelte oder gespeicherte fremde Informationen zu \u00fcberwachen oder nach Umst\u00e4nden zu forschen, die auf eine rechtswidrige T\u00e4tigkeit hinweisen. Verpflichtungen zur Entfernung oder Sperrung der Nutzung von Informationen nach den allgemeinen Gesetzen bleiben hiervon unber\u00fchrt. Eine diesbez\u00fcgliche Haftung ist jedoch erst ab dem Zeitpunkt der Kenntnis einer konkreten Rechtsverletzung m\u00f6glich. Bei Bekanntwerden von entsprechenden Rechtsverletzungen werden wir diese Inhalte umgehend entfernen.<\/p><p><strong>Haftung f\u00fcr Links<\/strong><\/p><p>Unser Angebot enth\u00e4lt Links zu externen Webseiten Dritter, auf deren Inhalte wir keinen Einfluss haben. Deshalb k\u00f6nnen wir f\u00fcr diese fremden Inhalte auch keine Gew\u00e4hr \u00fcbernehmen. F\u00fcr die Inhalte der verlinkten Seiten ist stets der jeweilige Anbieter oder Betreiber der Seiten verantwortlich. Die verlinkten Seiten wurden zum Zeitpunkt der Verlinkung auf m\u00f6gliche Rechtsverst\u00f6\u00dfe \u00fcberpr\u00fcft. Rechtswidrige Inhalte waren zum Zeitpunkt der Verlinkung nicht erkennbar. Eine permanente inhaltliche Kontrolle der verlinkten Seiten ist jedoch ohne konkrete Anhaltspunkte einer Rechtsverletzung nicht zumutbar. Bei Bekanntwerden von Rechtsverletzungen werden wir derartige Links umgehend entfernen.<\/p><p><strong>Urheberrecht<\/strong><\/p><p>Die durch die Seitenbetreiber erstellten Inhalte und Werke auf diesen Seiten unterliegen dem deutschen Urheberrecht. Die Vervielf\u00e4ltigung, Bearbeitung, Verbreitung und jede Art der Verwertung au\u00dferhalb der Grenzen des Urheberrechtes bed\u00fcrfen der schriftlichen Zustimmung des jeweiligen Autors bzw. Erstellers. Downloads und Kopien dieser Seite sind nur f\u00fcr den privaten, nicht kommerziellen Gebrauch gestattet. Soweit die Inhalte auf dieser Seite nicht vom Betreiber erstellt wurden, werden die Urheberrechte Dritter beachtet. Insbesondere werden Inhalte Dritter als solche <a href=\"https:\/\/maxnext.io\/de\/blog\/materialangaben-kennzeichnung-von-kunststoffteilen-2\/\">gekennzeichnet<\/a>. Sollten Sie trotzdem auf eine Urheberrechtsverletzung aufmerksam werden, bitten wir um einen entsprechenden Hinweis. Bei Bekanntwerden von Rechtsverletzungen werden wir derartige Inhalte umgehend entfernen.<\/p><p>Es gelten folgende berufsrechtliche Regelungen:<br \/>Regelungen einsehbar unter:\u00a0Haftung f\u00fcr Inhalte<\/p><p>Die Inhalte unserer Seiten wurden mit gr\u00f6\u00dfter Sorgfalt erstellt. F\u00fcr die Richtigkeit, Vollst\u00e4ndigkeit und Aktualit\u00e4t der Inhalte k\u00f6nnen wir jedoch keine Gew\u00e4hr \u00fcbernehmen. Als Diensteanbieter sind wir gem\u00e4\u00df \u00a7 7 Abs.1 TMG f\u00fcr eigene Inhalte auf diesen Seiten nach den allgemeinen Gesetzen verantwortlich. Nach \u00a7\u00a7 8 bis 10 TMG sind wir als Diensteanbieter jedoch nicht verpflichtet, \u00fcbermittelte oder gespeicherte fremde Informationen zu \u00fcberwachen oder nach Umst\u00e4nden zu forschen, die auf eine rechtswidrige T\u00e4tigkeit hinweisen. Verpflichtungen zur Entfernung oder Sperrung der Nutzung von Informationen nach den allgemeinen Gesetzen bleiben hiervon unber\u00fchrt. Eine diesbez\u00fcgliche Haftung ist jedoch erst ab dem Zeitpunkt der Kenntnis einer konkreten Rechtsverletzung m\u00f6glich. Bei Bekanntwerden von entsprechenden Rechtsverletzungen werden wir diese Inhalte umgehend entfernen.Haftung f\u00fcr LinksUnser Angebot enth\u00e4lt Links zu externen Webseiten Dritter, auf deren Inhalte wir keinen Einfluss haben. Deshalb k\u00f6nnen wir f\u00fcr diese fremden Inhalte auch keine Gew\u00e4hr \u00fcbernehmen. F\u00fcr die Inhalte der verlinkten Seiten ist stets der jeweilige Anbieter oder Betreiber der Seiten verantwortlich. Die verlinkten Seiten wurden zum Zeitpunkt der Verlinkung auf m\u00f6gliche Rechtsverst\u00f6\u00dfe \u00fcberpr\u00fcft. Rechtswidrige Inhalte waren zum Zeitpunkt der Verlinkung nicht erkennbar. Eine permanente inhaltliche Kontrolle der verlinkten Seiten ist jedoch ohne konkrete Anhaltspunkte einer Rechtsverletzung nicht zumutbar. Bei Bekanntwerden von Rechtsverletzungen werden wir derartige Links umgehend entfernen.<\/p><\/div><div>\u00a0<\/div><div>\u00a0<\/div><div>\u00a0<\/div><div><p>Fotos:\u00a0pixabay.de<\/p><\/div><\/div><\/div><\/div><\/div>\t\t\t\t\t\t\t\t<\/div>\n\t\t\t\t\t<\/div>\n\t\t<\/div>\n\t\t\t\t\t<\/div>\n\t\t<\/section>\n\t\t\t\t<\/div>\n\t\t","protected":false},"excerpt":{"rendered":"<p>Impressum von maxnext GmbH Angaben gem\u00e4\u00df \u00a7 5 TMG: \u00a0Lieferanschrift \/ Postanschrift:\u00a0maxnext GmbH Daimlerstrasse 772285 PfalzgrafenweilerGERMANY\u00a0 \u00a0 Firmensitz \/ Rechnungsadresse: maxnext GmbH Fliederstra\u00dfe 891126 Rednitzhembach &#8212; GERMANY &#8212; \u00a0 Gesch\u00e4ftsf\u00fchrer: Armin Klepsch Eine Marke von:\u00a0KSE Kunststoff Handelsregister: HRB 40855Registergericht: Amtsgericht N\u00fcrnberg UST-ID: DE359087781 \u00a0 \u00a0 Kontakt: Telefon: +49 9122 70 44 994 E-Mail: hi@maxnext.de Quelle:\u00a0https:\/\/www.e-recht24.de [&hellip;]<\/p>\n","protected":false},"author":2,"featured_media":0,"parent":0,"menu_order":0,"comment_status":"closed","ping_status":"closed","template":"elementor_header_footer","meta":{"footnotes":""},"class_list":["post-2190","page","type-page","status-publish","hentry"],"yoast_head":"<!-- This site is optimized with the Yoast SEO plugin v27.4 - https:\/\/yoast.com\/product\/yoast-seo-wordpress\/ -->\n<title>Impressum - maxnext GmbH \u2013 Spritzguss, Blasformen &amp; Werkzeugbau | Sofort-Preis &amp; bis zu 65% g\u00fcnstiger<\/title>\n<meta name=\"robots\" content=\"index, follow, max-snippet:-1, max-image-preview:large, max-video-preview:-1\" \/>\n<link rel=\"canonical\" href=\"https:\/\/maxnext.io\/de\/impressum\/\" \/>\n<meta property=\"og:locale\" content=\"de_DE\" \/>\n<meta property=\"og:type\" content=\"article\" \/>\n<meta property=\"og:title\" content=\"Impressum - maxnext GmbH \u2013 Spritzguss, Blasformen &amp; Werkzeugbau | Sofort-Preis &amp; bis zu 65% g\u00fcnstiger\" \/>\n<meta property=\"og:description\" content=\"Impressum von maxnext GmbH Angaben gem\u00e4\u00df \u00a7 5 TMG: \u00a0Lieferanschrift \/ Postanschrift:\u00a0maxnext GmbH Daimlerstrasse 772285 PfalzgrafenweilerGERMANY\u00a0 \u00a0 Firmensitz \/ Rechnungsadresse: maxnext GmbH Fliederstra\u00dfe 891126 Rednitzhembach &#8212; GERMANY &#8212; \u00a0 Gesch\u00e4ftsf\u00fchrer: Armin Klepsch Eine Marke von:\u00a0KSE Kunststoff Handelsregister: HRB 40855Registergericht: Amtsgericht N\u00fcrnberg UST-ID: DE359087781 \u00a0 \u00a0 Kontakt: Telefon: +49 9122 70 44 994 E-Mail: hi@maxnext.de Quelle:\u00a0https:\/\/www.e-recht24.de [&hellip;]\" \/>\n<meta property=\"og:url\" content=\"https:\/\/maxnext.io\/de\/impressum\/\" \/>\n<meta property=\"og:site_name\" content=\"maxnext GmbH \u2013 Spritzguss, Blasformen &amp; Werkzeugbau | Sofort-Preis &amp; bis zu 65% g\u00fcnstiger\" \/>\n<meta property=\"article:modified_time\" content=\"2026-03-08T12:49:09+00:00\" \/>\n<meta name=\"twitter:card\" content=\"summary_large_image\" \/>\n<meta name=\"twitter:label1\" content=\"Gesch\u00e4tzte Lesezeit\" \/>\n\t<meta name=\"twitter:data1\" content=\"4\u00a0Minuten\" \/>\n<script type=\"application\/ld+json\" class=\"yoast-schema-graph\">{\"@context\":\"https:\\\/\\\/schema.org\",\"@graph\":[{\"@type\":\"WebPage\",\"@id\":\"https:\\\/\\\/maxnext.io\\\/de\\\/impressum\\\/\",\"url\":\"https:\\\/\\\/maxnext.io\\\/de\\\/impressum\\\/\",\"name\":\"Impressum - maxnext GmbH \u2013 Spritzguss, Blasformen &amp; Werkzeugbau | Sofort-Preis &amp; bis zu 65% g\u00fcnstiger\",\"isPartOf\":{\"@id\":\"https:\\\/\\\/maxnext.io\\\/de\\\/#website\"},\"datePublished\":\"2021-12-28T08:35:00+00:00\",\"dateModified\":\"2026-03-08T12:49:09+00:00\",\"breadcrumb\":{\"@id\":\"https:\\\/\\\/maxnext.io\\\/de\\\/impressum\\\/#breadcrumb\"},\"inLanguage\":\"de\",\"potentialAction\":[{\"@type\":\"ReadAction\",\"target\":[\"https:\\\/\\\/maxnext.io\\\/de\\\/impressum\\\/\"]}]},{\"@type\":\"BreadcrumbList\",\"@id\":\"https:\\\/\\\/maxnext.io\\\/de\\\/impressum\\\/#breadcrumb\",\"itemListElement\":[{\"@type\":\"ListItem\",\"position\":1,\"name\":\"Home\",\"item\":\"https:\\\/\\\/maxnext.io\\\/de\\\/\"},{\"@type\":\"ListItem\",\"position\":2,\"name\":\"Impressum\"}]},{\"@type\":\"WebSite\",\"@id\":\"https:\\\/\\\/maxnext.io\\\/de\\\/#website\",\"url\":\"https:\\\/\\\/maxnext.io\\\/de\\\/\",\"name\":\"maxnext GmbH \u2013 Spritzguss, Blasformen &amp; Werkzeugbau | Sofort-Preis &amp; bis zu 65% g\u00fcnstiger\",\"description\":\"Freie Kapazit\u00e4ten nutzen, Produktion nach DIN \u2013 pr\u00e4zise, schnell und deutlich g\u00fcnstiger.\",\"publisher\":{\"@id\":\"https:\\\/\\\/maxnext.io\\\/de\\\/#organization\"},\"potentialAction\":[{\"@type\":\"SearchAction\",\"target\":{\"@type\":\"EntryPoint\",\"urlTemplate\":\"https:\\\/\\\/maxnext.io\\\/de\\\/?s={search_term_string}\"},\"query-input\":{\"@type\":\"PropertyValueSpecification\",\"valueRequired\":true,\"valueName\":\"search_term_string\"}}],\"inLanguage\":\"de\"},{\"@type\":\"Organization\",\"@id\":\"https:\\\/\\\/maxnext.io\\\/de\\\/#organization\",\"name\":\"maxnext GmbH \u2013 Spritzguss, Blasformen &amp; Werkzeugbau | Sofort-Preis &amp; bis zu 65% g\u00fcnstiger\",\"url\":\"https:\\\/\\\/maxnext.io\\\/de\\\/\",\"logo\":{\"@type\":\"ImageObject\",\"inLanguage\":\"de\",\"@id\":\"https:\\\/\\\/maxnext.io\\\/de\\\/#\\\/schema\\\/logo\\\/image\\\/\",\"url\":\"https:\\\/\\\/maxnext.io\\\/wp-content\\\/uploads\\\/unnamed.png\",\"contentUrl\":\"https:\\\/\\\/maxnext.io\\\/wp-content\\\/uploads\\\/unnamed.png\",\"width\":350,\"height\":88,\"caption\":\"maxnext GmbH \u2013 Spritzguss, Blasformen &amp; Werkzeugbau | Sofort-Preis &amp; bis zu 65% g\u00fcnstiger\"},\"image\":{\"@id\":\"https:\\\/\\\/maxnext.io\\\/de\\\/#\\\/schema\\\/logo\\\/image\\\/\"}}]}<\/script>\n<!-- \/ Yoast SEO plugin. -->","yoast_head_json":{"title":"Impressum - maxnext GmbH \u2013 Spritzguss, Blasformen &amp; Werkzeugbau | Sofort-Preis &amp; bis zu 65% g\u00fcnstiger","robots":{"index":"index","follow":"follow","max-snippet":"max-snippet:-1","max-image-preview":"max-image-preview:large","max-video-preview":"max-video-preview:-1"},"canonical":"https:\/\/maxnext.io\/de\/impressum\/","og_locale":"de_DE","og_type":"article","og_title":"Impressum - maxnext GmbH \u2013 Spritzguss, Blasformen &amp; Werkzeugbau | Sofort-Preis &amp; bis zu 65% g\u00fcnstiger","og_description":"Impressum von maxnext GmbH Angaben gem\u00e4\u00df \u00a7 5 TMG: \u00a0Lieferanschrift \/ Postanschrift:\u00a0maxnext GmbH Daimlerstrasse 772285 PfalzgrafenweilerGERMANY\u00a0 \u00a0 Firmensitz \/ Rechnungsadresse: maxnext GmbH Fliederstra\u00dfe 891126 Rednitzhembach &#8212; GERMANY &#8212; \u00a0 Gesch\u00e4ftsf\u00fchrer: Armin Klepsch Eine Marke von:\u00a0KSE Kunststoff Handelsregister: HRB 40855Registergericht: Amtsgericht N\u00fcrnberg UST-ID: DE359087781 \u00a0 \u00a0 Kontakt: Telefon: +49 9122 70 44 994 E-Mail: hi@maxnext.de Quelle:\u00a0https:\/\/www.e-recht24.de [&hellip;]","og_url":"https:\/\/maxnext.io\/de\/impressum\/","og_site_name":"maxnext GmbH \u2013 Spritzguss, Blasformen &amp; Werkzeugbau | Sofort-Preis &amp; bis zu 65% g\u00fcnstiger","article_modified_time":"2026-03-08T12:49:09+00:00","twitter_card":"summary_large_image","twitter_misc":{"Gesch\u00e4tzte Lesezeit":"4\u00a0Minuten"},"schema":{"@context":"https:\/\/schema.org","@graph":[{"@type":"WebPage","@id":"https:\/\/maxnext.io\/de\/impressum\/","url":"https:\/\/maxnext.io\/de\/impressum\/","name":"Impressum - maxnext GmbH \u2013 Spritzguss, Blasformen &amp; Werkzeugbau | Sofort-Preis &amp; bis zu 65% g\u00fcnstiger","isPartOf":{"@id":"https:\/\/maxnext.io\/de\/#website"},"datePublished":"2021-12-28T08:35:00+00:00","dateModified":"2026-03-08T12:49:09+00:00","breadcrumb":{"@id":"https:\/\/maxnext.io\/de\/impressum\/#breadcrumb"},"inLanguage":"de","potentialAction":[{"@type":"ReadAction","target":["https:\/\/maxnext.io\/de\/impressum\/"]}]},{"@type":"BreadcrumbList","@id":"https:\/\/maxnext.io\/de\/impressum\/#breadcrumb","itemListElement":[{"@type":"ListItem","position":1,"name":"Home","item":"https:\/\/maxnext.io\/de\/"},{"@type":"ListItem","position":2,"name":"Impressum"}]},{"@type":"WebSite","@id":"https:\/\/maxnext.io\/de\/#website","url":"https:\/\/maxnext.io\/de\/","name":"maxnext GmbH \u2013 Spritzguss, Blasformen &amp; Werkzeugbau | Sofort-Preis &amp; bis zu 65% g\u00fcnstiger","description":"Freie Kapazit\u00e4ten nutzen, Produktion nach DIN \u2013 pr\u00e4zise, schnell und deutlich g\u00fcnstiger.","publisher":{"@id":"https:\/\/maxnext.io\/de\/#organization"},"potentialAction":[{"@type":"SearchAction","target":{"@type":"EntryPoint","urlTemplate":"https:\/\/maxnext.io\/de\/?s={search_term_string}"},"query-input":{"@type":"PropertyValueSpecification","valueRequired":true,"valueName":"search_term_string"}}],"inLanguage":"de"},{"@type":"Organization","@id":"https:\/\/maxnext.io\/de\/#organization","name":"maxnext GmbH \u2013 Spritzguss, Blasformen &amp; Werkzeugbau | Sofort-Preis &amp; bis zu 65% g\u00fcnstiger","url":"https:\/\/maxnext.io\/de\/","logo":{"@type":"ImageObject","inLanguage":"de","@id":"https:\/\/maxnext.io\/de\/#\/schema\/logo\/image\/","url":"https:\/\/maxnext.io\/wp-content\/uploads\/unnamed.png","contentUrl":"https:\/\/maxnext.io\/wp-content\/uploads\/unnamed.png","width":350,"height":88,"caption":"maxnext GmbH \u2013 Spritzguss, Blasformen &amp; Werkzeugbau | Sofort-Preis &amp; bis zu 65% g\u00fcnstiger"},"image":{"@id":"https:\/\/maxnext.io\/de\/#\/schema\/logo\/image\/"}}]}},"_links":{"self":[{"href":"https:\/\/maxnext.io\/de\/wp-json\/wp\/v2\/pages\/2190","targetHints":{"allow":["GET"]}}],"collection":[{"href":"https:\/\/maxnext.io\/de\/wp-json\/wp\/v2\/pages"}],"about":[{"href":"https:\/\/maxnext.io\/de\/wp-json\/wp\/v2\/types\/page"}],"author":[{"embeddable":true,"href":"https:\/\/maxnext.io\/de\/wp-json\/wp\/v2\/users\/2"}],"replies":[{"embeddable":true,"href":"https:\/\/maxnext.io\/de\/wp-json\/wp\/v2\/comments?post=2190"}],"version-history":[{"count":3,"href":"https:\/\/maxnext.io\/de\/wp-json\/wp\/v2\/pages\/2190\/revisions"}],"predecessor-version":[{"id":26124,"href":"https:\/\/maxnext.io\/de\/wp-json\/wp\/v2\/pages\/2190\/revisions\/26124"}],"wp:attachment":[{"href":"https:\/\/maxnext.io\/de\/wp-json\/wp\/v2\/media?parent=2190"}],"curies":[{"name":"wp","href":"https:\/\/api.w.org\/{rel}","templated":true}]}}