{"id":7049,"date":"2022-04-20T16:37:08","date_gmt":"2022-04-20T16:37:08","guid":{"rendered":"https:\/\/maxnext.de\/?page_id=7049"},"modified":"2025-11-25T16:44:40","modified_gmt":"2025-11-25T16:44:40","slug":"partner-werden","status":"publish","type":"page","link":"https:\/\/maxnext.io\/de\/partner-werden\/","title":{"rendered":"Partner werden"},"content":{"rendered":"\t\t<div data-elementor-type=\"wp-page\" data-elementor-id=\"7049\" class=\"elementor elementor-7049\" data-elementor-post-type=\"page\">\n\t\t\t\t\t\t<section class=\"elementor-section elementor-top-section elementor-element elementor-element-4db2f679 elementor-section-boxed elementor-section-height-default elementor-section-height-default\" data-id=\"4db2f679\" data-element_type=\"section\" data-e-type=\"section\">\n\t\t\t\t\t\t<div class=\"elementor-container elementor-column-gap-default\">\n\t\t\t\t\t<div class=\"elementor-column elementor-col-50 elementor-top-column elementor-element elementor-element-297cd84f\" data-id=\"297cd84f\" data-element_type=\"column\" data-e-type=\"column\">\n\t\t\t<div class=\"elementor-widget-wrap elementor-element-populated\">\n\t\t\t\t\t\t<div class=\"elementor-element elementor-element-7e899a22 elementor-widget elementor-widget-heading\" data-id=\"7e899a22\" data-element_type=\"widget\" data-e-type=\"widget\" data-widget_type=\"heading.default\">\n\t\t\t\t\t<h1 class=\"elementor-heading-title elementor-size-default\">Neue Herausforderungen gesucht? <\/h1>\t\t\t\t<\/div>\n\t\t\t\t<div class=\"elementor-element elementor-element-140f222a elementor-widget elementor-widget-text-editor\" data-id=\"140f222a\" data-element_type=\"widget\" data-e-type=\"widget\" data-widget_type=\"text-editor.default\">\n\t\t\t\t\t\t\t\t\t<p>Sie produzieren hochwertige Bauteile f\u00fcr technische Anwendungen? Perfekt! Wir ben\u00f6tigen Unterst\u00fctzung!\u00a0<\/p><p>Schreiben Sie uns Ihre USP&#8217;s und wir melden uns zeitnah bez\u00fcglich einer m\u00f6glichen Kooperation.<\/p>\t\t\t\t\t\t\t\t<\/div>\n\t\t\t\t<div class=\"elementor-element elementor-element-1abd000 elementor-widget elementor-widget-button\" data-id=\"1abd000\" data-element_type=\"widget\" data-e-type=\"widget\" data-widget_type=\"button.default\">\n\t\t\t\t\t\t\t\t\t\t<a class=\"elementor-button elementor-button-link elementor-size-sm\" href=\"mailto:einkauf@maxnext.de\">\n\t\t\t\t\t\t<span class=\"elementor-button-content-wrapper\">\n\t\t\t\t\t\t\t\t\t<span class=\"elementor-button-text\">Jetzt Kooperation starten!<\/span>\n\t\t\t\t\t<\/span>\n\t\t\t\t\t<\/a>\n\t\t\t\t\t\t\t\t<\/div>\n\t\t\t\t\t<\/div>\n\t\t<\/div>\n\t\t\t\t<div class=\"elementor-column elementor-col-50 elementor-top-column elementor-element elementor-element-4d311029\" data-id=\"4d311029\" data-element_type=\"column\" data-e-type=\"column\">\n\t\t\t<div class=\"elementor-widget-wrap elementor-element-populated\">\n\t\t\t\t\t\t<div class=\"elementor-element elementor-element-147395a7 elementor-widget elementor-widget-image\" data-id=\"147395a7\" data-element_type=\"widget\" data-e-type=\"widget\" data-widget_type=\"image.default\">\n\t\t\t\t\t\t\t\t\t\t\t\t\t\t\t<img decoding=\"async\" width=\"1536\" height=\"1024\" src=\"https:\/\/maxnext.io\/wp-content\/uploads\/WhatsApp-Image-2025-11-17-at-23.58.00.jpeg\" class=\"attachment-full size-full wp-image-23381\" alt=\"about\" srcset=\"https:\/\/maxnext.io\/wp-content\/uploads\/WhatsApp-Image-2025-11-17-at-23.58.00.jpeg 1536w, https:\/\/maxnext.io\/wp-content\/uploads\/WhatsApp-Image-2025-11-17-at-23.58.00-768x512.jpeg 768w\" sizes=\"(max-width: 1536px) 100vw, 1536px\" \/>\t\t\t\t\t\t\t\t\t\t\t\t\t\t\t<\/div>\n\t\t\t\t\t<\/div>\n\t\t<\/div>\n\t\t\t\t\t<\/div>\n\t\t<\/section>\n\t\t\t\t<\/div>\n\t\t","protected":false},"excerpt":{"rendered":"<p>Neue Herausforderungen gesucht? Sie produzieren hochwertige Bauteile f\u00fcr technische Anwendungen? Perfekt! Wir ben\u00f6tigen Unterst\u00fctzung!\u00a0 Schreiben Sie uns Ihre USP&#8217;s und wir melden uns zeitnah bez\u00fcglich einer m\u00f6glichen Kooperation. Jetzt Kooperation starten!<\/p>\n","protected":false},"author":2,"featured_media":0,"parent":0,"menu_order":0,"comment_status":"closed","ping_status":"closed","template":"elementor_header_footer","meta":{"footnotes":""},"class_list":["post-7049","page","type-page","status-publish","hentry"],"yoast_head":"<!-- This site is optimized with the Yoast SEO plugin v27.3 - https:\/\/yoast.com\/product\/yoast-seo-wordpress\/ -->\n<title>Partner werden - maxnext GmbH \u2013 Spritzguss, Blasformen &amp; Werkzeugbau | Sofort-Preis &amp; bis zu 65% g\u00fcnstiger<\/title>\n<meta name=\"robots\" content=\"index, follow, max-snippet:-1, max-image-preview:large, max-video-preview:-1\" \/>\n<link rel=\"canonical\" href=\"https:\/\/maxnext.io\/de\/partner-werden\/\" \/>\n<meta property=\"og:locale\" content=\"de_DE\" \/>\n<meta property=\"og:type\" content=\"article\" \/>\n<meta property=\"og:title\" content=\"Partner werden - maxnext GmbH \u2013 Spritzguss, Blasformen &amp; Werkzeugbau | Sofort-Preis &amp; bis zu 65% g\u00fcnstiger\" \/>\n<meta property=\"og:description\" content=\"Neue Herausforderungen gesucht? Sie produzieren hochwertige Bauteile f\u00fcr technische Anwendungen? Perfekt! Wir ben\u00f6tigen Unterst\u00fctzung!\u00a0 Schreiben Sie uns Ihre USP&#8217;s und wir melden uns zeitnah bez\u00fcglich einer m\u00f6glichen Kooperation. Jetzt Kooperation starten!\" \/>\n<meta property=\"og:url\" content=\"https:\/\/maxnext.io\/de\/partner-werden\/\" \/>\n<meta property=\"og:site_name\" content=\"maxnext GmbH \u2013 Spritzguss, Blasformen &amp; Werkzeugbau | Sofort-Preis &amp; bis zu 65% g\u00fcnstiger\" \/>\n<meta property=\"article:modified_time\" content=\"2025-11-25T16:44:40+00:00\" \/>\n<meta property=\"og:image\" content=\"https:\/\/maxnext.io\/wp-content\/uploads\/WhatsApp-Image-2025-11-17-at-23.58.00.jpeg\" \/>\n\t<meta property=\"og:image:width\" content=\"1536\" \/>\n\t<meta property=\"og:image:height\" content=\"1024\" \/>\n\t<meta property=\"og:image:type\" content=\"image\/jpeg\" \/>\n<meta name=\"twitter:card\" content=\"summary_large_image\" \/>\n<meta name=\"twitter:label1\" content=\"Gesch\u00e4tzte Lesezeit\" \/>\n\t<meta name=\"twitter:data1\" content=\"1\u00a0Minute\" \/>\n<script type=\"application\/ld+json\" class=\"yoast-schema-graph\">{\"@context\":\"https:\\\/\\\/schema.org\",\"@graph\":[{\"@type\":\"WebPage\",\"@id\":\"https:\\\/\\\/maxnext.io\\\/de\\\/partner-werden\\\/\",\"url\":\"https:\\\/\\\/maxnext.io\\\/de\\\/partner-werden\\\/\",\"name\":\"Partner werden - maxnext GmbH \u2013 Spritzguss, Blasformen &amp; Werkzeugbau | Sofort-Preis &amp; bis zu 65% g\u00fcnstiger\",\"isPartOf\":{\"@id\":\"https:\\\/\\\/maxnext.io\\\/de\\\/#website\"},\"primaryImageOfPage\":{\"@id\":\"https:\\\/\\\/maxnext.io\\\/de\\\/partner-werden\\\/#primaryimage\"},\"image\":{\"@id\":\"https:\\\/\\\/maxnext.io\\\/de\\\/partner-werden\\\/#primaryimage\"},\"thumbnailUrl\":\"https:\\\/\\\/maxnext.io\\\/wp-content\\\/uploads\\\/WhatsApp-Image-2025-11-17-at-23.58.00.jpeg\",\"datePublished\":\"2022-04-20T16:37:08+00:00\",\"dateModified\":\"2025-11-25T16:44:40+00:00\",\"breadcrumb\":{\"@id\":\"https:\\\/\\\/maxnext.io\\\/de\\\/partner-werden\\\/#breadcrumb\"},\"inLanguage\":\"de\",\"potentialAction\":[{\"@type\":\"ReadAction\",\"target\":[\"https:\\\/\\\/maxnext.io\\\/de\\\/partner-werden\\\/\"]}]},{\"@type\":\"ImageObject\",\"inLanguage\":\"de\",\"@id\":\"https:\\\/\\\/maxnext.io\\\/de\\\/partner-werden\\\/#primaryimage\",\"url\":\"https:\\\/\\\/maxnext.io\\\/wp-content\\\/uploads\\\/WhatsApp-Image-2025-11-17-at-23.58.00.jpeg\",\"contentUrl\":\"https:\\\/\\\/maxnext.io\\\/wp-content\\\/uploads\\\/WhatsApp-Image-2025-11-17-at-23.58.00.jpeg\"},{\"@type\":\"BreadcrumbList\",\"@id\":\"https:\\\/\\\/maxnext.io\\\/de\\\/partner-werden\\\/#breadcrumb\",\"itemListElement\":[{\"@type\":\"ListItem\",\"position\":1,\"name\":\"Home\",\"item\":\"https:\\\/\\\/maxnext.io\\\/de\\\/\"},{\"@type\":\"ListItem\",\"position\":2,\"name\":\"Partner werden\"}]},{\"@type\":\"WebSite\",\"@id\":\"https:\\\/\\\/maxnext.io\\\/de\\\/#website\",\"url\":\"https:\\\/\\\/maxnext.io\\\/de\\\/\",\"name\":\"maxnext GmbH \u2013 Spritzguss, Blasformen &amp; Werkzeugbau | Sofort-Preis &amp; bis zu 65% g\u00fcnstiger\",\"description\":\"Freie Kapazit\u00e4ten nutzen, Produktion nach DIN \u2013 pr\u00e4zise, schnell und deutlich g\u00fcnstiger.\",\"publisher\":{\"@id\":\"https:\\\/\\\/maxnext.io\\\/de\\\/#organization\"},\"potentialAction\":[{\"@type\":\"SearchAction\",\"target\":{\"@type\":\"EntryPoint\",\"urlTemplate\":\"https:\\\/\\\/maxnext.io\\\/de\\\/?s={search_term_string}\"},\"query-input\":{\"@type\":\"PropertyValueSpecification\",\"valueRequired\":true,\"valueName\":\"search_term_string\"}}],\"inLanguage\":\"de\"},{\"@type\":\"Organization\",\"@id\":\"https:\\\/\\\/maxnext.io\\\/de\\\/#organization\",\"name\":\"maxnext GmbH \u2013 Spritzguss, Blasformen &amp; Werkzeugbau | Sofort-Preis &amp; bis zu 65% g\u00fcnstiger\",\"url\":\"https:\\\/\\\/maxnext.io\\\/de\\\/\",\"logo\":{\"@type\":\"ImageObject\",\"inLanguage\":\"de\",\"@id\":\"https:\\\/\\\/maxnext.io\\\/de\\\/#\\\/schema\\\/logo\\\/image\\\/\",\"url\":\"https:\\\/\\\/maxnext.io\\\/wp-content\\\/uploads\\\/unnamed.png\",\"contentUrl\":\"https:\\\/\\\/maxnext.io\\\/wp-content\\\/uploads\\\/unnamed.png\",\"width\":350,\"height\":88,\"caption\":\"maxnext GmbH \u2013 Spritzguss, Blasformen &amp; Werkzeugbau | Sofort-Preis &amp; bis zu 65% g\u00fcnstiger\"},\"image\":{\"@id\":\"https:\\\/\\\/maxnext.io\\\/de\\\/#\\\/schema\\\/logo\\\/image\\\/\"}}]}<\/script>\n<!-- \/ Yoast SEO plugin. -->","yoast_head_json":{"title":"Partner werden - maxnext GmbH \u2013 Spritzguss, Blasformen &amp; Werkzeugbau | Sofort-Preis &amp; bis zu 65% g\u00fcnstiger","robots":{"index":"index","follow":"follow","max-snippet":"max-snippet:-1","max-image-preview":"max-image-preview:large","max-video-preview":"max-video-preview:-1"},"canonical":"https:\/\/maxnext.io\/de\/partner-werden\/","og_locale":"de_DE","og_type":"article","og_title":"Partner werden - maxnext GmbH \u2013 Spritzguss, Blasformen &amp; Werkzeugbau | Sofort-Preis &amp; bis zu 65% g\u00fcnstiger","og_description":"Neue Herausforderungen gesucht? Sie produzieren hochwertige Bauteile f\u00fcr technische Anwendungen? Perfekt! Wir ben\u00f6tigen Unterst\u00fctzung!\u00a0 Schreiben Sie uns Ihre USP&#8217;s und wir melden uns zeitnah bez\u00fcglich einer m\u00f6glichen Kooperation. Jetzt Kooperation starten!","og_url":"https:\/\/maxnext.io\/de\/partner-werden\/","og_site_name":"maxnext GmbH \u2013 Spritzguss, Blasformen &amp; Werkzeugbau | Sofort-Preis &amp; bis zu 65% g\u00fcnstiger","article_modified_time":"2025-11-25T16:44:40+00:00","og_image":[{"width":1536,"height":1024,"url":"https:\/\/maxnext.io\/wp-content\/uploads\/WhatsApp-Image-2025-11-17-at-23.58.00.jpeg","type":"image\/jpeg"}],"twitter_card":"summary_large_image","twitter_misc":{"Gesch\u00e4tzte Lesezeit":"1\u00a0Minute"},"schema":{"@context":"https:\/\/schema.org","@graph":[{"@type":"WebPage","@id":"https:\/\/maxnext.io\/de\/partner-werden\/","url":"https:\/\/maxnext.io\/de\/partner-werden\/","name":"Partner werden - maxnext GmbH \u2013 Spritzguss, Blasformen &amp; Werkzeugbau | Sofort-Preis &amp; bis zu 65% g\u00fcnstiger","isPartOf":{"@id":"https:\/\/maxnext.io\/de\/#website"},"primaryImageOfPage":{"@id":"https:\/\/maxnext.io\/de\/partner-werden\/#primaryimage"},"image":{"@id":"https:\/\/maxnext.io\/de\/partner-werden\/#primaryimage"},"thumbnailUrl":"https:\/\/maxnext.io\/wp-content\/uploads\/WhatsApp-Image-2025-11-17-at-23.58.00.jpeg","datePublished":"2022-04-20T16:37:08+00:00","dateModified":"2025-11-25T16:44:40+00:00","breadcrumb":{"@id":"https:\/\/maxnext.io\/de\/partner-werden\/#breadcrumb"},"inLanguage":"de","potentialAction":[{"@type":"ReadAction","target":["https:\/\/maxnext.io\/de\/partner-werden\/"]}]},{"@type":"ImageObject","inLanguage":"de","@id":"https:\/\/maxnext.io\/de\/partner-werden\/#primaryimage","url":"https:\/\/maxnext.io\/wp-content\/uploads\/WhatsApp-Image-2025-11-17-at-23.58.00.jpeg","contentUrl":"https:\/\/maxnext.io\/wp-content\/uploads\/WhatsApp-Image-2025-11-17-at-23.58.00.jpeg"},{"@type":"BreadcrumbList","@id":"https:\/\/maxnext.io\/de\/partner-werden\/#breadcrumb","itemListElement":[{"@type":"ListItem","position":1,"name":"Home","item":"https:\/\/maxnext.io\/de\/"},{"@type":"ListItem","position":2,"name":"Partner werden"}]},{"@type":"WebSite","@id":"https:\/\/maxnext.io\/de\/#website","url":"https:\/\/maxnext.io\/de\/","name":"maxnext GmbH \u2013 Spritzguss, Blasformen &amp; Werkzeugbau | Sofort-Preis &amp; bis zu 65% g\u00fcnstiger","description":"Freie Kapazit\u00e4ten nutzen, Produktion nach DIN \u2013 pr\u00e4zise, schnell und deutlich g\u00fcnstiger.","publisher":{"@id":"https:\/\/maxnext.io\/de\/#organization"},"potentialAction":[{"@type":"SearchAction","target":{"@type":"EntryPoint","urlTemplate":"https:\/\/maxnext.io\/de\/?s={search_term_string}"},"query-input":{"@type":"PropertyValueSpecification","valueRequired":true,"valueName":"search_term_string"}}],"inLanguage":"de"},{"@type":"Organization","@id":"https:\/\/maxnext.io\/de\/#organization","name":"maxnext GmbH \u2013 Spritzguss, Blasformen &amp; Werkzeugbau | Sofort-Preis &amp; bis zu 65% g\u00fcnstiger","url":"https:\/\/maxnext.io\/de\/","logo":{"@type":"ImageObject","inLanguage":"de","@id":"https:\/\/maxnext.io\/de\/#\/schema\/logo\/image\/","url":"https:\/\/maxnext.io\/wp-content\/uploads\/unnamed.png","contentUrl":"https:\/\/maxnext.io\/wp-content\/uploads\/unnamed.png","width":350,"height":88,"caption":"maxnext GmbH \u2013 Spritzguss, Blasformen &amp; Werkzeugbau | Sofort-Preis &amp; bis zu 65% g\u00fcnstiger"},"image":{"@id":"https:\/\/maxnext.io\/de\/#\/schema\/logo\/image\/"}}]}},"_links":{"self":[{"href":"https:\/\/maxnext.io\/de\/wp-json\/wp\/v2\/pages\/7049","targetHints":{"allow":["GET"]}}],"collection":[{"href":"https:\/\/maxnext.io\/de\/wp-json\/wp\/v2\/pages"}],"about":[{"href":"https:\/\/maxnext.io\/de\/wp-json\/wp\/v2\/types\/page"}],"author":[{"embeddable":true,"href":"https:\/\/maxnext.io\/de\/wp-json\/wp\/v2\/users\/2"}],"replies":[{"embeddable":true,"href":"https:\/\/maxnext.io\/de\/wp-json\/wp\/v2\/comments?post=7049"}],"version-history":[{"count":0,"href":"https:\/\/maxnext.io\/de\/wp-json\/wp\/v2\/pages\/7049\/revisions"}],"wp:attachment":[{"href":"https:\/\/maxnext.io\/de\/wp-json\/wp\/v2\/media?parent=7049"}],"curies":[{"name":"wp","href":"https:\/\/api.w.org\/{rel}","templated":true}]}}