{"id":7061,"date":"2022-04-20T16:37:51","date_gmt":"2022-04-20T16:37:51","guid":{"rendered":"https:\/\/maxnext.de\/?page_id=7061"},"modified":"2024-11-26T04:28:59","modified_gmt":"2024-11-26T04:28:59","slug":"korallenriffe-retten","status":"publish","type":"page","link":"https:\/\/maxnext.io\/de\/korallenriffe-retten\/","title":{"rendered":"Korallenriffe retten"},"content":{"rendered":"\t\t<div data-elementor-type=\"wp-page\" data-elementor-id=\"7061\" class=\"elementor elementor-7061\" data-elementor-post-type=\"page\">\n\t\t\t\t\t\t<section class=\"elementor-section elementor-top-section elementor-element elementor-element-1ec7afd elementor-section-height-full elementor-section-boxed elementor-section-height-default elementor-section-items-middle\" data-id=\"1ec7afd\" data-element_type=\"section\" data-e-type=\"section\" data-settings=\"{&quot;background_background&quot;:&quot;classic&quot;}\">\n\t\t\t\t\t\t\t<div class=\"elementor-background-overlay\"><\/div>\n\t\t\t\t\t\t\t<div class=\"elementor-container elementor-column-gap-default\">\n\t\t\t\t\t<div class=\"elementor-column elementor-col-100 elementor-top-column elementor-element elementor-element-1cbfe51\" data-id=\"1cbfe51\" data-element_type=\"column\" data-e-type=\"column\">\n\t\t\t<div class=\"elementor-widget-wrap\">\n\t\t\t\t\t\t\t<\/div>\n\t\t<\/div>\n\t\t\t\t\t<\/div>\n\t\t<\/section>\n\t\t\t\t<section class=\"elementor-section elementor-top-section elementor-element elementor-element-1075b2e elementor-section-boxed elementor-section-height-default elementor-section-height-default\" data-id=\"1075b2e\" data-element_type=\"section\" data-e-type=\"section\" data-settings=\"{&quot;background_background&quot;:&quot;classic&quot;}\">\n\t\t\t\t\t\t<div class=\"elementor-container elementor-column-gap-default\">\n\t\t\t\t\t<div class=\"elementor-column elementor-col-100 elementor-top-column elementor-element elementor-element-f92b001\" data-id=\"f92b001\" data-element_type=\"column\" data-e-type=\"column\">\n\t\t\t<div class=\"elementor-widget-wrap elementor-element-populated\">\n\t\t\t\t\t\t<div class=\"elementor-element elementor-element-bf28de0 elementor-widget elementor-widget-heading\" data-id=\"bf28de0\" data-element_type=\"widget\" data-e-type=\"widget\" data-widget_type=\"heading.default\">\n\t\t\t\t\t<h1 class=\"elementor-heading-title elementor-size-default\">Let's get it started!<\/h1>\t\t\t\t<\/div>\n\t\t\t\t\t<\/div>\n\t\t<\/div>\n\t\t\t\t\t<\/div>\n\t\t<\/section>\n\t\t\t\t<section class=\"elementor-section elementor-top-section elementor-element elementor-element-b64e9e9 elementor-section-content-middle elementor-section-boxed elementor-section-height-default elementor-section-height-default\" data-id=\"b64e9e9\" data-element_type=\"section\" data-e-type=\"section\" data-settings=\"{&quot;background_background&quot;:&quot;gradient&quot;,&quot;shape_divider_top&quot;:&quot;tilt&quot;}\">\n\t\t\t\t\t<div class=\"elementor-shape elementor-shape-top\" aria-hidden=\"true\" data-negative=\"false\">\n\t\t\t<svg xmlns=\"http:\/\/www.w3.org\/2000\/svg\" viewBox=\"0 0 1000 100\" preserveAspectRatio=\"none\">\n\t<path class=\"elementor-shape-fill\" d=\"M0,6V0h1000v100L0,6z\"\/>\n<\/svg>\t\t<\/div>\n\t\t\t\t\t<div class=\"elementor-container elementor-column-gap-default\">\n\t\t\t\t\t<div class=\"elementor-column elementor-col-100 elementor-top-column elementor-element elementor-element-b2eedaa\" data-id=\"b2eedaa\" data-element_type=\"column\" data-e-type=\"column\">\n\t\t\t<div class=\"elementor-widget-wrap elementor-element-populated\">\n\t\t\t\t\t\t<section class=\"elementor-section elementor-inner-section elementor-element elementor-element-d9e37bb elementor-section-boxed elementor-section-height-default elementor-section-height-default\" data-id=\"d9e37bb\" data-element_type=\"section\" data-e-type=\"section\">\n\t\t\t\t\t\t<div class=\"elementor-container elementor-column-gap-default\">\n\t\t\t\t\t<div class=\"elementor-column elementor-col-100 elementor-inner-column elementor-element elementor-element-ed90d30\" data-id=\"ed90d30\" data-element_type=\"column\" data-e-type=\"column\">\n\t\t\t<div class=\"elementor-widget-wrap elementor-element-populated\">\n\t\t\t\t\t\t<div class=\"elementor-element elementor-element-d131bfc elementor-widget elementor-widget-heading\" data-id=\"d131bfc\" data-element_type=\"widget\" data-e-type=\"widget\" data-widget_type=\"heading.default\">\n\t\t\t\t\t<h2 class=\"elementor-heading-title elementor-size-default\">Es ist eigentlich schon zu sp\u00e4t! Wir arbeiten mit Hochdruck an einer L\u00f6sung. <\/h2>\t\t\t\t<\/div>\n\t\t\t\t\t<\/div>\n\t\t<\/div>\n\t\t\t\t\t<\/div>\n\t\t<\/section>\n\t\t\t\t\t<\/div>\n\t\t<\/div>\n\t\t\t\t\t<\/div>\n\t\t<\/section>\n\t\t\t\t<\/div>\n\t\t","protected":false},"excerpt":{"rendered":"<p>Let&#8217;s get it started! Es ist eigentlich schon zu sp\u00e4t! Wir arbeiten mit Hochdruck an einer L\u00f6sung.<\/p>\n","protected":false},"author":2,"featured_media":0,"parent":0,"menu_order":0,"comment_status":"closed","ping_status":"closed","template":"elementor_header_footer","meta":{"footnotes":""},"class_list":["post-7061","page","type-page","status-publish","hentry"],"yoast_head":"<!-- This site is optimized with the Yoast SEO plugin v27.3 - https:\/\/yoast.com\/product\/yoast-seo-wordpress\/ -->\n<title>Korallenriffe retten - maxnext GmbH \u2013 Spritzguss, Blasformen &amp; Werkzeugbau | Sofort-Preis &amp; bis zu 65% g\u00fcnstiger<\/title>\n<meta name=\"robots\" content=\"index, follow, max-snippet:-1, max-image-preview:large, max-video-preview:-1\" \/>\n<link rel=\"canonical\" href=\"https:\/\/maxnext.io\/de\/korallenriffe-retten\/\" \/>\n<meta property=\"og:locale\" content=\"de_DE\" \/>\n<meta property=\"og:type\" content=\"article\" \/>\n<meta property=\"og:title\" content=\"Korallenriffe retten - maxnext GmbH \u2013 Spritzguss, Blasformen &amp; Werkzeugbau | Sofort-Preis &amp; bis zu 65% g\u00fcnstiger\" \/>\n<meta property=\"og:description\" content=\"Let&#8217;s get it started! Es ist eigentlich schon zu sp\u00e4t! Wir arbeiten mit Hochdruck an einer L\u00f6sung.\" \/>\n<meta property=\"og:url\" content=\"https:\/\/maxnext.io\/de\/korallenriffe-retten\/\" \/>\n<meta property=\"og:site_name\" content=\"maxnext GmbH \u2013 Spritzguss, Blasformen &amp; Werkzeugbau | Sofort-Preis &amp; bis zu 65% g\u00fcnstiger\" \/>\n<meta property=\"article:modified_time\" content=\"2024-11-26T04:28:59+00:00\" \/>\n<meta name=\"twitter:card\" content=\"summary_large_image\" \/>\n<meta name=\"twitter:label1\" content=\"Gesch\u00e4tzte Lesezeit\" \/>\n\t<meta name=\"twitter:data1\" content=\"1\u00a0Minute\" \/>\n<script type=\"application\/ld+json\" class=\"yoast-schema-graph\">{\"@context\":\"https:\\\/\\\/schema.org\",\"@graph\":[{\"@type\":\"WebPage\",\"@id\":\"https:\\\/\\\/maxnext.io\\\/de\\\/korallenriffe-retten\\\/\",\"url\":\"https:\\\/\\\/maxnext.io\\\/de\\\/korallenriffe-retten\\\/\",\"name\":\"Korallenriffe retten - maxnext GmbH \u2013 Spritzguss, Blasformen &amp; Werkzeugbau | Sofort-Preis &amp; bis zu 65% g\u00fcnstiger\",\"isPartOf\":{\"@id\":\"https:\\\/\\\/maxnext.io\\\/de\\\/#website\"},\"datePublished\":\"2022-04-20T16:37:51+00:00\",\"dateModified\":\"2024-11-26T04:28:59+00:00\",\"breadcrumb\":{\"@id\":\"https:\\\/\\\/maxnext.io\\\/de\\\/korallenriffe-retten\\\/#breadcrumb\"},\"inLanguage\":\"de\",\"potentialAction\":[{\"@type\":\"ReadAction\",\"target\":[\"https:\\\/\\\/maxnext.io\\\/de\\\/korallenriffe-retten\\\/\"]}]},{\"@type\":\"BreadcrumbList\",\"@id\":\"https:\\\/\\\/maxnext.io\\\/de\\\/korallenriffe-retten\\\/#breadcrumb\",\"itemListElement\":[{\"@type\":\"ListItem\",\"position\":1,\"name\":\"Home\",\"item\":\"https:\\\/\\\/maxnext.io\\\/de\\\/\"},{\"@type\":\"ListItem\",\"position\":2,\"name\":\"Korallenriffe retten\"}]},{\"@type\":\"WebSite\",\"@id\":\"https:\\\/\\\/maxnext.io\\\/de\\\/#website\",\"url\":\"https:\\\/\\\/maxnext.io\\\/de\\\/\",\"name\":\"maxnext GmbH \u2013 Spritzguss, Blasformen &amp; Werkzeugbau | Sofort-Preis &amp; bis zu 65% g\u00fcnstiger\",\"description\":\"Freie Kapazit\u00e4ten nutzen, Produktion nach DIN \u2013 pr\u00e4zise, schnell und deutlich g\u00fcnstiger.\",\"publisher\":{\"@id\":\"https:\\\/\\\/maxnext.io\\\/de\\\/#organization\"},\"potentialAction\":[{\"@type\":\"SearchAction\",\"target\":{\"@type\":\"EntryPoint\",\"urlTemplate\":\"https:\\\/\\\/maxnext.io\\\/de\\\/?s={search_term_string}\"},\"query-input\":{\"@type\":\"PropertyValueSpecification\",\"valueRequired\":true,\"valueName\":\"search_term_string\"}}],\"inLanguage\":\"de\"},{\"@type\":\"Organization\",\"@id\":\"https:\\\/\\\/maxnext.io\\\/de\\\/#organization\",\"name\":\"maxnext GmbH \u2013 Spritzguss, Blasformen &amp; Werkzeugbau | Sofort-Preis &amp; bis zu 65% g\u00fcnstiger\",\"url\":\"https:\\\/\\\/maxnext.io\\\/de\\\/\",\"logo\":{\"@type\":\"ImageObject\",\"inLanguage\":\"de\",\"@id\":\"https:\\\/\\\/maxnext.io\\\/de\\\/#\\\/schema\\\/logo\\\/image\\\/\",\"url\":\"https:\\\/\\\/maxnext.io\\\/wp-content\\\/uploads\\\/unnamed.png\",\"contentUrl\":\"https:\\\/\\\/maxnext.io\\\/wp-content\\\/uploads\\\/unnamed.png\",\"width\":350,\"height\":88,\"caption\":\"maxnext GmbH \u2013 Spritzguss, Blasformen &amp; Werkzeugbau | Sofort-Preis &amp; bis zu 65% g\u00fcnstiger\"},\"image\":{\"@id\":\"https:\\\/\\\/maxnext.io\\\/de\\\/#\\\/schema\\\/logo\\\/image\\\/\"}}]}<\/script>\n<!-- \/ Yoast SEO plugin. -->","yoast_head_json":{"title":"Korallenriffe retten - maxnext GmbH \u2013 Spritzguss, Blasformen &amp; Werkzeugbau | Sofort-Preis &amp; bis zu 65% g\u00fcnstiger","robots":{"index":"index","follow":"follow","max-snippet":"max-snippet:-1","max-image-preview":"max-image-preview:large","max-video-preview":"max-video-preview:-1"},"canonical":"https:\/\/maxnext.io\/de\/korallenriffe-retten\/","og_locale":"de_DE","og_type":"article","og_title":"Korallenriffe retten - maxnext GmbH \u2013 Spritzguss, Blasformen &amp; Werkzeugbau | Sofort-Preis &amp; bis zu 65% g\u00fcnstiger","og_description":"Let&#8217;s get it started! Es ist eigentlich schon zu sp\u00e4t! Wir arbeiten mit Hochdruck an einer L\u00f6sung.","og_url":"https:\/\/maxnext.io\/de\/korallenriffe-retten\/","og_site_name":"maxnext GmbH \u2013 Spritzguss, Blasformen &amp; Werkzeugbau | Sofort-Preis &amp; bis zu 65% g\u00fcnstiger","article_modified_time":"2024-11-26T04:28:59+00:00","twitter_card":"summary_large_image","twitter_misc":{"Gesch\u00e4tzte Lesezeit":"1\u00a0Minute"},"schema":{"@context":"https:\/\/schema.org","@graph":[{"@type":"WebPage","@id":"https:\/\/maxnext.io\/de\/korallenriffe-retten\/","url":"https:\/\/maxnext.io\/de\/korallenriffe-retten\/","name":"Korallenriffe retten - maxnext GmbH \u2013 Spritzguss, Blasformen &amp; Werkzeugbau | Sofort-Preis &amp; bis zu 65% g\u00fcnstiger","isPartOf":{"@id":"https:\/\/maxnext.io\/de\/#website"},"datePublished":"2022-04-20T16:37:51+00:00","dateModified":"2024-11-26T04:28:59+00:00","breadcrumb":{"@id":"https:\/\/maxnext.io\/de\/korallenriffe-retten\/#breadcrumb"},"inLanguage":"de","potentialAction":[{"@type":"ReadAction","target":["https:\/\/maxnext.io\/de\/korallenriffe-retten\/"]}]},{"@type":"BreadcrumbList","@id":"https:\/\/maxnext.io\/de\/korallenriffe-retten\/#breadcrumb","itemListElement":[{"@type":"ListItem","position":1,"name":"Home","item":"https:\/\/maxnext.io\/de\/"},{"@type":"ListItem","position":2,"name":"Korallenriffe retten"}]},{"@type":"WebSite","@id":"https:\/\/maxnext.io\/de\/#website","url":"https:\/\/maxnext.io\/de\/","name":"maxnext GmbH \u2013 Spritzguss, Blasformen &amp; Werkzeugbau | Sofort-Preis &amp; bis zu 65% g\u00fcnstiger","description":"Freie Kapazit\u00e4ten nutzen, Produktion nach DIN \u2013 pr\u00e4zise, schnell und deutlich g\u00fcnstiger.","publisher":{"@id":"https:\/\/maxnext.io\/de\/#organization"},"potentialAction":[{"@type":"SearchAction","target":{"@type":"EntryPoint","urlTemplate":"https:\/\/maxnext.io\/de\/?s={search_term_string}"},"query-input":{"@type":"PropertyValueSpecification","valueRequired":true,"valueName":"search_term_string"}}],"inLanguage":"de"},{"@type":"Organization","@id":"https:\/\/maxnext.io\/de\/#organization","name":"maxnext GmbH \u2013 Spritzguss, Blasformen &amp; Werkzeugbau | Sofort-Preis &amp; bis zu 65% g\u00fcnstiger","url":"https:\/\/maxnext.io\/de\/","logo":{"@type":"ImageObject","inLanguage":"de","@id":"https:\/\/maxnext.io\/de\/#\/schema\/logo\/image\/","url":"https:\/\/maxnext.io\/wp-content\/uploads\/unnamed.png","contentUrl":"https:\/\/maxnext.io\/wp-content\/uploads\/unnamed.png","width":350,"height":88,"caption":"maxnext GmbH \u2013 Spritzguss, Blasformen &amp; Werkzeugbau | Sofort-Preis &amp; bis zu 65% g\u00fcnstiger"},"image":{"@id":"https:\/\/maxnext.io\/de\/#\/schema\/logo\/image\/"}}]}},"_links":{"self":[{"href":"https:\/\/maxnext.io\/de\/wp-json\/wp\/v2\/pages\/7061","targetHints":{"allow":["GET"]}}],"collection":[{"href":"https:\/\/maxnext.io\/de\/wp-json\/wp\/v2\/pages"}],"about":[{"href":"https:\/\/maxnext.io\/de\/wp-json\/wp\/v2\/types\/page"}],"author":[{"embeddable":true,"href":"https:\/\/maxnext.io\/de\/wp-json\/wp\/v2\/users\/2"}],"replies":[{"embeddable":true,"href":"https:\/\/maxnext.io\/de\/wp-json\/wp\/v2\/comments?post=7061"}],"version-history":[{"count":0,"href":"https:\/\/maxnext.io\/de\/wp-json\/wp\/v2\/pages\/7061\/revisions"}],"wp:attachment":[{"href":"https:\/\/maxnext.io\/de\/wp-json\/wp\/v2\/media?parent=7061"}],"curies":[{"name":"wp","href":"https:\/\/api.w.org\/{rel}","templated":true}]}}