{"id":11211,"date":"2021-12-29T08:45:27","date_gmt":"2021-12-29T08:45:27","guid":{"rendered":"https:\/\/maxnext.io\/politica-de-privacidad\/"},"modified":"2024-11-11T08:26:14","modified_gmt":"2024-11-11T08:26:14","slug":"politica-de-privacidad","status":"publish","type":"page","link":"https:\/\/maxnext.io\/es\/politica-de-privacidad\/","title":{"rendered":"pol\u00edtica de privacidad"},"content":{"rendered":"\t\t<div data-elementor-type=\"wp-page\" data-elementor-id=\"11211\" class=\"elementor elementor-11211 elementor-2196\" data-elementor-post-type=\"page\">\n\t\t\t\t\t\t<section class=\"elementor-section elementor-top-section elementor-element elementor-element-e9690db elementor-section-boxed elementor-section-height-default elementor-section-height-default\" data-id=\"e9690db\" data-element_type=\"section\" data-e-type=\"section\">\n\t\t\t\t\t\t<div class=\"elementor-container elementor-column-gap-default\">\n\t\t\t\t\t<div class=\"elementor-column elementor-col-100 elementor-top-column elementor-element elementor-element-05dc74a\" data-id=\"05dc74a\" data-element_type=\"column\" data-e-type=\"column\">\n\t\t\t<div class=\"elementor-widget-wrap elementor-element-populated\">\n\t\t\t\t\t\t<div class=\"elementor-element elementor-element-427a44d elementor-widget elementor-widget-heading\" data-id=\"427a44d\" data-element_type=\"widget\" data-e-type=\"widget\" data-widget_type=\"heading.default\">\n\t\t\t\t\t<h1 class=\"elementor-heading-title elementor-size-default\">pol\u00edtica de privacidad de maxnext<\/h1>\t\t\t\t<\/div>\n\t\t\t\t<div class=\"elementor-element elementor-element-d14aab5 elementor-widget elementor-widget-text-editor\" data-id=\"d14aab5\" data-element_type=\"widget\" data-e-type=\"widget\" data-widget_type=\"text-editor.default\">\n\t\t\t\t\t\t\t\t\t<div class=\"fusion-fullwidth fullwidth-box fusion-builder-row-1 nonhundred-percent-fullwidth non-hundred-percent-height-scrolling\">\n<div class=\"fusion-builder-row fusion-row\">\n<div class=\"fusion-layout-column fusion_builder_column fusion-builder-column-0 fusion_builder_column_2_3 2_3 fusion-two-third fusion-column-first\">\n<div class=\"fusion-column-wrapper fusion-flex-column-wrapper-legacy\">\n<div class=\"fusion-text fusion-text-1\">\n<h2><strong>Declaraci\u00f3n de protecci\u00f3n de datos para el uso de etracker<\/strong><\/h2>\n<p>Nuestro sitio web utiliza el servicio de an\u00e1lisis etracker. El proveedor es etracker GmbH, Erste Brunnenstra\u00dfe 1 20459 Hamburgo, Alemania.<br>A partir de los datos bajo un seud\u00f3nimo se pueden crear perfiles de uso. Se pueden utilizar cookies para este fin. Las cookies son peque\u00f1os archivos de texto que se almacenan localmente en la memoria cach\u00e9 de su navegador de Internet. Las cookies permiten reconocer su navegador. Los datos recopilados mediante las tecnolog\u00edas de etracker no se utilizar\u00e1n para identificar personalmente a los visitantes de nuestro sitio web sin el consentimiento espec\u00edfico del interesado y no se combinar\u00e1n con datos personales sobre el portador del seud\u00f3nimo.     <\/p>\n<p>Puede oponerse a la recopilaci\u00f3n y el almacenamiento de datos en cualquier momento con efecto para el futuro. Para oponerse a la recopilaci\u00f3n y el almacenamiento de datos de sus visitantes en el futuro, puede obtener una cookie de exclusi\u00f3n voluntaria de etracker utilizando el siguiente enlace, lo que significa que etracker no recopilar\u00e1 ni almacenar\u00e1 datos de visitantes de su navegador en el futuro: &nbsp;<a title=\"http:\/\/www.etracker.de\/privacy?et=V23Jbb\" href=\"http:\/\/www.etracker.de\/privacy?et=V23Jbb\">http:\/\/www.etracker.de\/privacy?et=V23Jbb<\/a><\/p>\n<p>Esto establece una cookie de exclusi\u00f3n voluntaria llamada &#8220;cntcookie&#8221; de etracker. No elimine esta cookie mientras desee mantener su objeci\u00f3n. Puede encontrar m\u00e1s informaci\u00f3n en las normas de protecci\u00f3n de datos de etracker:  &nbsp;<a title=\"http:\/\/www.etracker.com\/de\/datenschutz.html\" href=\"http:\/\/www.etracker.com\/de\/datenschutz.html\">http:\/\/www.etracker.com\/de\/datenschutz.html<\/a><\/p>\n<p><\/p>\n<h2><strong>Declaraci\u00f3n de protecci\u00f3n de datos para el uso de complementos de Facebook (bot\u00f3n Me gusta)<\/strong><\/h2>\n<p>Auf unseren Seiten sind Plugins des sozialen Netzwerks Facebook, Anbieter Facebook Inc., 1 Hacker Way, Menlo Park, California 94025, USA, integriert. Die Facebook-Plugins erkennen Sie an dem Facebook-Logo oder dem \u201eLike-Button\u201c (\u201eGef\u00e4llt mir\u201c) auf unserer Seite. Eine \u00dcbersicht \u00fcber die Facebook-Plugins finden Sie hier:&nbsp;<a title=\"http:\/\/developers.facebook.com\/docs\/plugins\/\" href=\"http:\/\/developers.facebook.com\/docs\/plugins\/\">http:\/\/developers.facebook.com\/docs\/plugins\/<\/a>.<\/p>\n<p>Cuando visita nuestras p\u00e1ginas, el complemento establece una conexi\u00f3n directa entre su navegador y el servidor de Facebook. De este modo Facebook recibe la informaci\u00f3n de que usted ha visitado nuestro sitio con su direcci\u00f3n IP. Si hace clic en el bot\u00f3n &#8220;Me gusta&#8221; de Facebook mientras est\u00e1 conectado a su cuenta de Facebook, puede vincular el contenido de nuestras p\u00e1ginas a su perfil de Facebook. Esto permite a Facebook asignar su visita a nuestras p\u00e1ginas a su cuenta de usuario. Queremos se\u00f1alar que, como proveedores de las p\u00e1ginas, no tenemos conocimiento del contenido de los datos transmitidos ni de su uso por parte de Facebook. Puede encontrar m\u00e1s informaci\u00f3n en la pol\u00edtica de privacidad de Facebook en     &nbsp;<a title=\"http:\/\/de-de.facebook.com\/policy.php\" href=\"http:\/\/de-de.facebook.com\/policy.php\">http:\/\/de-de.facebook.com\/policy.php<\/a>.<\/p>\n<p>Si no desea que Facebook pueda asignar su visita a nuestras p\u00e1ginas a su cuenta de usuario de Facebook, cierre sesi\u00f3n en su cuenta de usuario de Facebook.<\/p>\n<p><\/p>\n<h2><strong>Declaraci\u00f3n de protecci\u00f3n de datos para el uso de Google Analytics<\/strong><\/h2>\n<p>Este sitio web utiliza funciones del&nbsp; Webanalysedienstes Google Analytics. Anbieter ist die Google Inc. 1600 Amphitheatre Parkway Mountain View, CA 94043, USA. Google Analytics verwendet sog. \u201eCookies\u201c. Das sind Textdateien, die auf Ihrem Computer gespeichert werden und die eine Analyse der Benutzung der Website durch Sie erm\u00f6glichen. Die durch den Cookie erzeugten Informationen \u00fcber Ihre Benutzung dieser Website werden in der Regel an einen Server von Google in den USA \u00fcbertragen und dort gespeichert.     <\/p>\n<p>Sin embargo, si se activa la anonimizaci\u00f3n de IP en este sitio web, Google acortar\u00e1 primero su direcci\u00f3n IP dentro de los estados miembros de la Uni\u00f3n Europea o en otros estados parte del Acuerdo sobre el Espacio Econ\u00f3mico Europeo. S\u00f3lo en casos excepcionales se transmitir\u00e1 la direcci\u00f3n IP completa a un servidor de Google en EE. UU. y se acortar\u00e1 all\u00ed. En nombre del operador de este sitio web, Google utilizar\u00e1 esta informaci\u00f3n para evaluar su uso del sitio web, para compilar informes sobre la actividad del sitio web y para proporcionar otros servicios relacionados con la actividad del sitio web y el uso de Internet al operador del sitio web. La direcci\u00f3n IP transmitida por su navegador en el marco de Google Analytics no se combina con otros datos de Google.   <\/p>\n<p>Puede evitar el almacenamiento de cookies configurando el software de su navegador en consecuencia; Sin embargo, le advertimos que en este caso es posible que no pueda utilizar todas las funciones de este sitio web en su totalidad. Tambi\u00e9n puede evitar que Google recopile los datos generados por la cookie y relacionados con su uso del sitio web (incluida su direcci\u00f3n IP) y que procese estos datos por parte de Google descargando el complemento del navegador disponible en el siguiente enlace e instal\u00e1ndolo: &nbsp;<a title=\"http:\/\/tools.google.com\/dlpage\/gaoptout?hl=de\" href=\"http:\/\/tools.google.com\/dlpage\/gaoptout?hl=de\">http:\/\/tools.google.com\/dlpage\/gaoptout?hl=de<\/a><\/p>\n<p><\/p>\n<h2><strong>Datenschutzerkl\u00e4rung f\u00fcr die Nutzung von Google +1<\/strong><\/h2>\n<p>Nuestras p\u00e1ginas utilizan funciones de Google +1. El proveedor es Google Inc. 1600 Amphitheatre Parkway Mountain View, CA 94043,&nbsp; USA.  <\/p>\n<p>Recopilaci\u00f3n e intercambio de informaci\u00f3n: puede utilizar el bot\u00f3n Google +1 para publicar informaci\u00f3n en todo el mundo. Al utilizar el bot\u00f3n Google +1, usted y otros usuarios recibir\u00e1n contenido personalizado de Google y nuestros socios. Google almacena tanto la informaci\u00f3n que le diste +1 a un contenido como la informaci\u00f3n sobre la p\u00e1gina que visitaste cuando hiciste clic en +1. Su +1 puede mostrarse como informaci\u00f3n junto con su nombre de perfil y su foto en los servicios de Google, como en los resultados de b\u00fasqueda o en su perfil de Google, o en otros sitios web y anuncios en Internet. Google registra informaci\u00f3n sobre sus actividades +1 para mejorar los servicios de Google para usted y otros. Para utilizar el bot\u00f3n Google +1, necesita un perfil de Google p\u00fablico y visible globalmente, que debe contener al menos el nombre elegido para el perfil. Este nombre se utiliza en todos los servicios de Google. En algunos casos, este nombre tambi\u00e9n puede reemplazar otro nombre que utiliz\u00f3 al compartir contenido a trav\u00e9s de su cuenta de Google. La identidad de su perfil de Google puede mostrarse a los usuarios que conocen su direcci\u00f3n de correo electr\u00f3nico o tienen otra informaci\u00f3n de identificaci\u00f3n sobre usted.        <\/p>\n<p>Uso de la informaci\u00f3n recogida: Adem\u00e1s de las finalidades explicadas anteriormente, la informaci\u00f3n que proporciones ser\u00e1 utilizada de acuerdo con la normativa de protecci\u00f3n de datos aplicable de Google. Google puede publicar estad\u00edsticas agregadas sobre las actividades +1 de los usuarios o transmitirlas a usuarios y socios, como editores, anunciantes o sitios web afiliados. <\/p>\n<p><\/p>\n<h2><strong>Declaraci\u00f3n de protecci\u00f3n de datos para el uso de Twitter<\/strong><\/h2>\n<p>Auf unseren Seiten sind Funktionen des Dienstes Twitter eingebunden. Diese Funktionen werden angeboten durch die Twitter Inc., 1355 Market Street, Suite 900, San Francisco, CA 94103, USA. Durch das Benutzen von Twitter und der Funktion \u201eRe-Tweet\u201c werden die von Ihnen besuchten Webseiten mit Ihrem Twitter-Account verkn\u00fcpft und anderen Nutzern bekannt gegeben. Dabei werden auch Daten an Twitter \u00fcbertragen. Wir weisen darauf hin, dass wir als Anbieter der Seiten keine Kenntnis vom Inhalt der \u00fcbermittelten Daten sowie deren Nutzung durch Twitter erhalten. Weitere Informationen hierzu finden Sie in der Datenschutzerkl\u00e4rung von Twitter unter&nbsp;<a title=\"http:\/\/twitter.com\/privacy\" href=\"http:\/\/twitter.com\/privacy\">http:\/\/twitter.com\/privacy<\/a>.<\/p>\n<p>Ihre Datenschutzeinstellungen bei Twitter k\u00f6nnen Sie in den Konto-Einstellungen unter&nbsp;<a title=\"http:\/\/twitter.com\/account\/settings\" href=\"http:\/\/twitter.com\/account\/settings\">http:\/\/twitter.com\/account\/settings<\/a>&nbsp;\u00e4ndern.<\/p>\n<p><\/p>\n<h2><strong>Declaraci\u00f3n de protecci\u00f3n de datos para el uso de Xing<\/strong><\/h2>\n<p>Nuestro sitio web utiliza funciones de la red XING. El proveedor es XING AG, Dammtorstra\u00dfe 29-32, 20354 Hamburgo, Alemania. Cada vez que accede a una de nuestras p\u00e1ginas que contiene funciones de Xing, se establece una conexi\u00f3n con los servidores de Xing. Hasta donde sabemos, los datos personales no se almacenan. En particular, no se almacenan direcciones IP ni se eval\u00faa el comportamiento de uso.    <\/p>\n<p>Weitere Information zum Datenschutz und dem Xing Share-Button finden Sie in der Datenschutzerkl\u00e4rung von Xing unter&nbsp;<a title=\"https:\/\/www.xing.com\/app\/share?op=data_protection\" href=\"https:\/\/www.xing.com\/app\/share?op=data_protection\">https:\/\/www.xing.com\/app\/share?op=data_protection<\/a><\/p>\n<p><\/p>\n<h2><strong>Declaraci\u00f3n de protecci\u00f3n de datos para el uso de YouTube<\/strong><\/h2>\n<p>Nuestro sitio web utiliza complementos del sitio YouTube operado por Google. El operador del sitio es YouTube, LLC, 901 Cherry Ave., San Bruno, CA 94066, EE. UU. Cuando visita una de nuestras p\u00e1ginas equipada con un complemento de YouTube, se establece una conexi\u00f3n con los servidores de YouTube. Se informa al servidor de YouTube cu\u00e1l de nuestras p\u00e1ginas ha visitado.<br>Si ha iniciado sesi\u00f3n en su cuenta de YouTube, permitir\u00e1 que YouTube asigne su comportamiento de navegaci\u00f3n directamente a su perfil personal. Puede evitar esto cerrando sesi\u00f3n en su cuenta de YouTube. <\/p>\n<p>Weitere Informationen zum Umgang von Nutzerdaten finden Sie in der Datenschutzerkl\u00e4rung von YouTube unter&nbsp;<a title=\"https:\/\/www.google.de\/intl\/de\/policies\/privacy\" href=\"https:\/\/www.google.de\/intl\/de\/policies\/privacy\">https:\/\/www.google.de\/intl\/de\/policies\/privacy<\/a><\/p>\n<p><\/p>\n<h2><strong>Informaci\u00f3n, eliminaci\u00f3n, bloqueo.<\/strong><\/h2>\n<p>Tiene derecho en cualquier momento a obtener informaci\u00f3n gratuita sobre sus datos personales almacenados, su origen y destinatario y la finalidad del procesamiento de datos, as\u00ed como derecho a corregir, bloquear o eliminar estos datos. Puede ponerse en contacto con nosotros en cualquier momento en la direcci\u00f3n que figura en el aviso legal a tal efecto o para cualquier otra consulta en materia de datos personales. <\/p>\n<p><\/p>\n<h3><strong>Galletas<\/strong><\/h3>\n<p>Algunos de los sitios web utilizan las llamadas cookies. Las cookies no causan ning\u00fan da\u00f1o a su computadora y no contienen virus. Las cookies sirven para hacer que nuestra oferta sea m\u00e1s f\u00e1cil de usar, eficaz y segura. Las cookies son peque\u00f1os archivos de texto que se almacenan en su computadora y que su navegador guarda.   <\/p>\n<p>La mayor\u00eda de las cookies que utilizamos son las llamadas &#8220;cookies de sesi\u00f3n&#8221;. Se eliminar\u00e1n autom\u00e1ticamente al final de su visita. Otras cookies permanecen almacenadas en su dispositivo hasta que las elimine. Estas cookies nos permiten reconocer su navegador la pr\u00f3xima vez que lo visite.   <\/p>\n<p>Puede configurar su navegador de manera que est\u00e9 informado sobre la configuraci\u00f3n de cookies y s\u00f3lo permita las cookies en casos individuales, excluya la aceptaci\u00f3n de cookies para determinados casos o con car\u00e1cter general y active el borrado autom\u00e1tico de cookies al cerrar el navegador. Si se desactivan las cookies, la funcionalidad de este sitio web puede verse restringida. <\/p>\n<p><\/p>\n<h3><strong>Formulario de contacto<\/strong><\/h3>\n<p>Wenn Sie uns per Kontaktformular Anfragen zukommen lassen, werden Ihre Angaben aus dem Anfrageformular inklusive der von Ihnen dort angegebenen Kontaktdaten zwecks Bearbeitung der Anfrage und f\u00fcr den Fall von Anschlussfragen bei uns gespeichert. Diese Daten geben wir nicht ohne Ihre Einwilligung weiter. <\/p>\n<p><\/p>\n<h3><strong>Contradicci\u00f3n de los correos electr\u00f3nicos publicitarios.<\/strong><\/h3>\n<p>Por la presente nos oponemos al uso de los datos de contacto publicados como parte de la obligaci\u00f3n del aviso legal de enviar publicidad y materiales informativos no solicitados. Los operadores de las p\u00e1ginas se reservan expresamente el derecho de emprender acciones legales en caso de env\u00edo de informaci\u00f3n publicitaria no solicitada, como correos electr\u00f3nicos no deseados. <\/p>\n<p><\/p>\n<h3><strong>Datos del bolet\u00edn<\/strong><\/h3>\n<p>Si desea recibir el bolet\u00edn informativo que se ofrece en el sitio web, necesitamos su direcci\u00f3n de correo electr\u00f3nico, as\u00ed como informaci\u00f3n que nos permita verificar que usted es el propietario de la direcci\u00f3n de correo electr\u00f3nico proporcionada y que acepta recibir el bolet\u00edn informativo. No se recopilan m\u00e1s datos. Utilizamos estos datos exclusivamente para enviar la informaci\u00f3n solicitada y no la transmitimos a terceros.  <\/p>\n<p>Puede revocar su consentimiento para el almacenamiento de datos, la direcci\u00f3n de correo electr\u00f3nico y su uso para enviar el bolet\u00edn en cualquier momento, por ejemplo a trav\u00e9s del enlace &#8220;cancelar suscripci\u00f3n&#8221; en el bolet\u00edn.<\/p>\n<\/div>\n<\/div>\n<\/div>\n<\/div>\n<\/div>\t\t\t\t\t\t\t\t<\/div>\n\t\t\t\t\t<\/div>\n\t\t<\/div>\n\t\t\t\t\t<\/div>\n\t\t<\/section>\n\t\t\t\t<\/div>\n\t\t","protected":false},"excerpt":{"rendered":"<p>pol\u00edtica de privacidad de maxnext Declaraci\u00f3n de protecci\u00f3n de datos para el uso de etracker Nuestro sitio web utiliza el servicio de an\u00e1lisis etracker. El proveedor es etracker GmbH, Erste Brunnenstra\u00dfe 1 20459 Hamburgo, Alemania.A partir de los datos bajo un seud\u00f3nimo se pueden crear perfiles de uso. Se pueden utilizar cookies para este fin. [&hellip;]<\/p>\n","protected":false},"author":2,"featured_media":0,"parent":0,"menu_order":0,"comment_status":"closed","ping_status":"closed","template":"elementor_header_footer","meta":{"footnotes":""},"class_list":["post-11211","page","type-page","status-publish","hentry"],"yoast_head":"<!-- This site is optimized with the Yoast SEO plugin v27.3 - https:\/\/yoast.com\/product\/yoast-seo-wordpress\/ -->\n<title>pol\u00edtica de privacidad - maxnext GmbH \u2013 Spritzguss, Blasformen &amp; Werkzeugbau | Sofort-Preis &amp; bis zu 65% g\u00fcnstiger<\/title>\n<meta name=\"robots\" content=\"index, follow, max-snippet:-1, max-image-preview:large, max-video-preview:-1\" \/>\n<link rel=\"canonical\" href=\"https:\/\/maxnext.io\/es\/politica-de-privacidad\/\" \/>\n<meta property=\"og:locale\" content=\"es_ES\" \/>\n<meta property=\"og:type\" content=\"article\" \/>\n<meta property=\"og:title\" content=\"pol\u00edtica de privacidad - maxnext GmbH \u2013 Spritzguss, Blasformen &amp; Werkzeugbau | Sofort-Preis &amp; bis zu 65% g\u00fcnstiger\" \/>\n<meta property=\"og:description\" content=\"pol\u00edtica de privacidad de maxnext Declaraci\u00f3n de protecci\u00f3n de datos para el uso de etracker Nuestro sitio web utiliza el servicio de an\u00e1lisis etracker. El proveedor es etracker GmbH, Erste Brunnenstra\u00dfe 1 20459 Hamburgo, Alemania.A partir de los datos bajo un seud\u00f3nimo se pueden crear perfiles de uso. Se pueden utilizar cookies para este fin. [&hellip;]\" \/>\n<meta property=\"og:url\" content=\"https:\/\/maxnext.io\/es\/politica-de-privacidad\/\" \/>\n<meta property=\"og:site_name\" content=\"maxnext GmbH \u2013 Spritzguss, Blasformen &amp; Werkzeugbau | Sofort-Preis &amp; bis zu 65% g\u00fcnstiger\" \/>\n<meta property=\"article:modified_time\" content=\"2024-11-11T08:26:14+00:00\" \/>\n<meta name=\"twitter:card\" content=\"summary_large_image\" \/>\n<meta name=\"twitter:label1\" content=\"Tiempo de lectura\" \/>\n\t<meta name=\"twitter:data1\" content=\"10 minutos\" \/>\n<script type=\"application\/ld+json\" class=\"yoast-schema-graph\">{\"@context\":\"https:\\\/\\\/schema.org\",\"@graph\":[{\"@type\":\"WebPage\",\"@id\":\"https:\\\/\\\/maxnext.io\\\/es\\\/politica-de-privacidad\\\/\",\"url\":\"https:\\\/\\\/maxnext.io\\\/es\\\/politica-de-privacidad\\\/\",\"name\":\"pol\u00edtica de privacidad - maxnext GmbH \u2013 Spritzguss, Blasformen &amp; Werkzeugbau | Sofort-Preis &amp; bis zu 65% g\u00fcnstiger\",\"isPartOf\":{\"@id\":\"https:\\\/\\\/maxnext.io\\\/es\\\/#website\"},\"datePublished\":\"2021-12-29T08:45:27+00:00\",\"dateModified\":\"2024-11-11T08:26:14+00:00\",\"breadcrumb\":{\"@id\":\"https:\\\/\\\/maxnext.io\\\/es\\\/politica-de-privacidad\\\/#breadcrumb\"},\"inLanguage\":\"es\",\"potentialAction\":[{\"@type\":\"ReadAction\",\"target\":[\"https:\\\/\\\/maxnext.io\\\/es\\\/politica-de-privacidad\\\/\"]}]},{\"@type\":\"BreadcrumbList\",\"@id\":\"https:\\\/\\\/maxnext.io\\\/es\\\/politica-de-privacidad\\\/#breadcrumb\",\"itemListElement\":[{\"@type\":\"ListItem\",\"position\":1,\"name\":\"Home\",\"item\":\"https:\\\/\\\/maxnext.io\\\/es\\\/\"},{\"@type\":\"ListItem\",\"position\":2,\"name\":\"pol\u00edtica de privacidad\"}]},{\"@type\":\"WebSite\",\"@id\":\"https:\\\/\\\/maxnext.io\\\/es\\\/#website\",\"url\":\"https:\\\/\\\/maxnext.io\\\/es\\\/\",\"name\":\"maxnext GmbH \u2013 Spritzguss, Blasformen &amp; Werkzeugbau | Sofort-Preis &amp; bis zu 65% g\u00fcnstiger\",\"description\":\"Freie Kapazit\u00e4ten nutzen, Produktion nach DIN \u2013 pr\u00e4zise, schnell und deutlich g\u00fcnstiger.\",\"publisher\":{\"@id\":\"https:\\\/\\\/maxnext.io\\\/es\\\/#organization\"},\"potentialAction\":[{\"@type\":\"SearchAction\",\"target\":{\"@type\":\"EntryPoint\",\"urlTemplate\":\"https:\\\/\\\/maxnext.io\\\/es\\\/?s={search_term_string}\"},\"query-input\":{\"@type\":\"PropertyValueSpecification\",\"valueRequired\":true,\"valueName\":\"search_term_string\"}}],\"inLanguage\":\"es\"},{\"@type\":\"Organization\",\"@id\":\"https:\\\/\\\/maxnext.io\\\/es\\\/#organization\",\"name\":\"maxnext GmbH \u2013 Spritzguss, Blasformen &amp; Werkzeugbau | Sofort-Preis &amp; bis zu 65% g\u00fcnstiger\",\"url\":\"https:\\\/\\\/maxnext.io\\\/es\\\/\",\"logo\":{\"@type\":\"ImageObject\",\"inLanguage\":\"es\",\"@id\":\"https:\\\/\\\/maxnext.io\\\/es\\\/#\\\/schema\\\/logo\\\/image\\\/\",\"url\":\"https:\\\/\\\/maxnext.io\\\/wp-content\\\/uploads\\\/unnamed.png\",\"contentUrl\":\"https:\\\/\\\/maxnext.io\\\/wp-content\\\/uploads\\\/unnamed.png\",\"width\":350,\"height\":88,\"caption\":\"maxnext GmbH \u2013 Spritzguss, Blasformen &amp; Werkzeugbau | Sofort-Preis &amp; bis zu 65% g\u00fcnstiger\"},\"image\":{\"@id\":\"https:\\\/\\\/maxnext.io\\\/es\\\/#\\\/schema\\\/logo\\\/image\\\/\"}}]}<\/script>\n<!-- \/ Yoast SEO plugin. -->","yoast_head_json":{"title":"pol\u00edtica de privacidad - maxnext GmbH \u2013 Spritzguss, Blasformen &amp; Werkzeugbau | Sofort-Preis &amp; bis zu 65% g\u00fcnstiger","robots":{"index":"index","follow":"follow","max-snippet":"max-snippet:-1","max-image-preview":"max-image-preview:large","max-video-preview":"max-video-preview:-1"},"canonical":"https:\/\/maxnext.io\/es\/politica-de-privacidad\/","og_locale":"es_ES","og_type":"article","og_title":"pol\u00edtica de privacidad - maxnext GmbH \u2013 Spritzguss, Blasformen &amp; Werkzeugbau | Sofort-Preis &amp; bis zu 65% g\u00fcnstiger","og_description":"pol\u00edtica de privacidad de maxnext Declaraci\u00f3n de protecci\u00f3n de datos para el uso de etracker Nuestro sitio web utiliza el servicio de an\u00e1lisis etracker. El proveedor es etracker GmbH, Erste Brunnenstra\u00dfe 1 20459 Hamburgo, Alemania.A partir de los datos bajo un seud\u00f3nimo se pueden crear perfiles de uso. Se pueden utilizar cookies para este fin. [&hellip;]","og_url":"https:\/\/maxnext.io\/es\/politica-de-privacidad\/","og_site_name":"maxnext GmbH \u2013 Spritzguss, Blasformen &amp; Werkzeugbau | Sofort-Preis &amp; bis zu 65% g\u00fcnstiger","article_modified_time":"2024-11-11T08:26:14+00:00","twitter_card":"summary_large_image","twitter_misc":{"Tiempo de lectura":"10 minutos"},"schema":{"@context":"https:\/\/schema.org","@graph":[{"@type":"WebPage","@id":"https:\/\/maxnext.io\/es\/politica-de-privacidad\/","url":"https:\/\/maxnext.io\/es\/politica-de-privacidad\/","name":"pol\u00edtica de privacidad - maxnext GmbH \u2013 Spritzguss, Blasformen &amp; Werkzeugbau | Sofort-Preis &amp; bis zu 65% g\u00fcnstiger","isPartOf":{"@id":"https:\/\/maxnext.io\/es\/#website"},"datePublished":"2021-12-29T08:45:27+00:00","dateModified":"2024-11-11T08:26:14+00:00","breadcrumb":{"@id":"https:\/\/maxnext.io\/es\/politica-de-privacidad\/#breadcrumb"},"inLanguage":"es","potentialAction":[{"@type":"ReadAction","target":["https:\/\/maxnext.io\/es\/politica-de-privacidad\/"]}]},{"@type":"BreadcrumbList","@id":"https:\/\/maxnext.io\/es\/politica-de-privacidad\/#breadcrumb","itemListElement":[{"@type":"ListItem","position":1,"name":"Home","item":"https:\/\/maxnext.io\/es\/"},{"@type":"ListItem","position":2,"name":"pol\u00edtica de privacidad"}]},{"@type":"WebSite","@id":"https:\/\/maxnext.io\/es\/#website","url":"https:\/\/maxnext.io\/es\/","name":"maxnext GmbH \u2013 Spritzguss, Blasformen &amp; Werkzeugbau | Sofort-Preis &amp; bis zu 65% g\u00fcnstiger","description":"Freie Kapazit\u00e4ten nutzen, Produktion nach DIN \u2013 pr\u00e4zise, schnell und deutlich g\u00fcnstiger.","publisher":{"@id":"https:\/\/maxnext.io\/es\/#organization"},"potentialAction":[{"@type":"SearchAction","target":{"@type":"EntryPoint","urlTemplate":"https:\/\/maxnext.io\/es\/?s={search_term_string}"},"query-input":{"@type":"PropertyValueSpecification","valueRequired":true,"valueName":"search_term_string"}}],"inLanguage":"es"},{"@type":"Organization","@id":"https:\/\/maxnext.io\/es\/#organization","name":"maxnext GmbH \u2013 Spritzguss, Blasformen &amp; Werkzeugbau | Sofort-Preis &amp; bis zu 65% g\u00fcnstiger","url":"https:\/\/maxnext.io\/es\/","logo":{"@type":"ImageObject","inLanguage":"es","@id":"https:\/\/maxnext.io\/es\/#\/schema\/logo\/image\/","url":"https:\/\/maxnext.io\/wp-content\/uploads\/unnamed.png","contentUrl":"https:\/\/maxnext.io\/wp-content\/uploads\/unnamed.png","width":350,"height":88,"caption":"maxnext GmbH \u2013 Spritzguss, Blasformen &amp; Werkzeugbau | Sofort-Preis &amp; bis zu 65% g\u00fcnstiger"},"image":{"@id":"https:\/\/maxnext.io\/es\/#\/schema\/logo\/image\/"}}]}},"_links":{"self":[{"href":"https:\/\/maxnext.io\/es\/wp-json\/wp\/v2\/pages\/11211","targetHints":{"allow":["GET"]}}],"collection":[{"href":"https:\/\/maxnext.io\/es\/wp-json\/wp\/v2\/pages"}],"about":[{"href":"https:\/\/maxnext.io\/es\/wp-json\/wp\/v2\/types\/page"}],"author":[{"embeddable":true,"href":"https:\/\/maxnext.io\/es\/wp-json\/wp\/v2\/users\/2"}],"replies":[{"embeddable":true,"href":"https:\/\/maxnext.io\/es\/wp-json\/wp\/v2\/comments?post=11211"}],"version-history":[{"count":0,"href":"https:\/\/maxnext.io\/es\/wp-json\/wp\/v2\/pages\/11211\/revisions"}],"wp:attachment":[{"href":"https:\/\/maxnext.io\/es\/wp-json\/wp\/v2\/media?parent=11211"}],"curies":[{"name":"wp","href":"https:\/\/api.w.org\/{rel}","templated":true}]}}