{"id":11268,"date":"2021-12-28T08:35:00","date_gmt":"2021-12-28T08:35:00","guid":{"rendered":"https:\/\/maxnext.io\/imprimir\/"},"modified":"2026-01-02T16:39:04","modified_gmt":"2026-01-02T16:39:04","slug":"imprimir","status":"publish","type":"page","link":"https:\/\/maxnext.io\/es\/imprimir\/","title":{"rendered":"imprimir"},"content":{"rendered":"\t\t<div data-elementor-type=\"wp-page\" data-elementor-id=\"11268\" class=\"elementor elementor-11268 elementor-2190\" data-elementor-post-type=\"page\">\n\t\t\t\t\t\t<section class=\"elementor-section elementor-top-section elementor-element elementor-element-e9690db elementor-section-boxed elementor-section-height-default elementor-section-height-default\" data-id=\"e9690db\" data-element_type=\"section\" data-e-type=\"section\">\n\t\t\t\t\t\t<div class=\"elementor-container elementor-column-gap-default\">\n\t\t\t\t\t<div class=\"elementor-column elementor-col-100 elementor-top-column elementor-element elementor-element-05dc74a\" data-id=\"05dc74a\" data-element_type=\"column\" data-e-type=\"column\">\n\t\t\t<div class=\"elementor-widget-wrap elementor-element-populated\">\n\t\t\t\t\t\t<div class=\"elementor-element elementor-element-448f62e elementor-widget elementor-widget-heading\" data-id=\"448f62e\" data-element_type=\"widget\" data-e-type=\"widget\" data-widget_type=\"heading.default\">\n\t\t\t\t\t<h1 class=\"elementor-heading-title elementor-size-default\">Pie de imprenta de maxnext<\/h1>\t\t\t\t<\/div>\n\t\t\t\t<div class=\"elementor-element elementor-element-d14aab5 elementor-widget elementor-widget-text-editor\" data-id=\"d14aab5\" data-element_type=\"widget\" data-e-type=\"widget\" data-widget_type=\"text-editor.default\">\n\t\t\t\t\t\t\t\t\t<div><div><div><div><div><h2 data-fontsize=\"25\" data-lineheight=\"48px\">Informaci\u00f3n seg\u00fan \u00a7 5 TMG:<\/h2><\/div><div><strong>maxnext GmbH <\/strong><br \/>Daimlerstrasse 7<br \/>72285 Pfalzgrafenweiler<br \/>GERMANY<\/div><div>\u00a0<\/div><div><p><b>maxnext GmbH<\/b><\/p><p>Calle Lila 8<br \/>91126 Rednitzhembach<\/p><p>Director General: Armin Klepsch<\/p><p><span style=\"font-family: Roboto, sans-serif; font-style: normal;\">Eine Marke von: <\/span><a style=\"font-style: normal; font-family: Roboto, sans-serif;\" href=\"https:\/\/www.formenbau-spritzguss.de\/\">KSE Kunststoff<\/a><\/p><p>Registro Mercantil: HRB 40855<br \/>Tribunal de Registro: Juzgado Local de N\u00faremberg<\/p><p>VAT-ID: DE359087781<\/p><h2 data-fontsize=\"25\" data-lineheight=\"48px\">Contacto:<\/h2><table><tbody><tr><td>Telefon:<\/td><td>+49 (0) 911 \/ 21 65 05 63<\/td><\/tr><tr><td>E-Mail:<\/td><td><a href=\"mailto:hi@maxnext.de\">hi@maxnext.de<\/a><\/td><\/tr><\/tbody><\/table><p>Quelle: <em><a title=\"https:\/\/www.e-recht24.de\" href=\"https:\/\/www.e-recht24.de\/\">https:\/\/www.e-recht24.de<\/a><\/em><\/p><p>Webdesign &amp; Marketingstrategie: <a href=\"https:\/\/www.neukunden-erobern.de\/\">NEUKUNDEN EROBERN Werbeagentur<\/a><\/p><\/div><div>\u00a0<\/div><div>\u00a0<\/div><div>\u00a0<\/div><div><h3 data-fontsize=\"20\" data-lineheight=\"24px\">cont\u00e1ctenos:<\/h3><\/div><div>\u00a0<\/div><\/div><\/div><div><div><div>\u00a0<\/div><\/div><\/div><\/div><\/div><div><div><div><div><div><p><strong>Responsabilidad por el contenido<\/strong><\/p><p>Como proveedor de servicios, somos responsables de los contenidos propios de estas p\u00e1ginas de acuerdo con las leyes generales seg\u00fan el art\u00edculo 7, apartado 1 de la TMG. Sin embargo, seg\u00fan los art\u00edculos 8 a 10 de la TMG, como proveedor de servicios no estamos obligados a controlar la informaci\u00f3n de terceros transmitida o almacenada ni a investigar circunstancias que indiquen una actividad ilegal. Las obligaciones de eliminar o bloquear el uso de informaci\u00f3n de acuerdo con la ley general no se ver\u00e1n afectadas. Sin embargo, la responsabilidad a este respecto s\u00f3lo es posible a partir del momento en que se tiene conocimiento de una infracci\u00f3n legal concreta. Si tenemos conocimiento de alguna infracci\u00f3n legal correspondiente, eliminaremos inmediatamente este contenido.<\/p><p><strong>Responsabilidad por enlaces<\/strong><\/p><p>Nuestra oferta contiene enlaces a sitios web externos de terceros sobre cuyo contenido no tenemos ninguna influencia. Por lo tanto, no podemos asumir ninguna responsabilidad por este contenido externo. El respectivo proveedor u operador de las p\u00e1ginas es siempre responsable del contenido de las p\u00e1ginas enlazadas. En el momento de la vinculaci\u00f3n se comprobaron las p\u00e1ginas enlazadas para detectar posibles infracciones legales. El contenido ilegal no era evidente en el momento del enlace. Sin embargo, un control permanente del contenido de las p\u00e1ginas enlazadas no es razonable sin pruebas concretas de una infracci\u00f3n legal. Si tenemos conocimiento de alguna infracci\u00f3n legal, eliminaremos inmediatamente dichos enlaces.<\/p><p><strong>derechos de autor<\/strong><\/p><p>Los contenidos y trabajos de estas p\u00e1ginas creados por los operadores del sitio est\u00e1n sujetos a la ley de derechos de autor alemana. La reproducci\u00f3n, procesamiento, distribuci\u00f3n y cualquier tipo de explotaci\u00f3n fuera de los l\u00edmites de la ley de derechos de autor requieren el consentimiento por escrito del respectivo autor o creador. Las descargas y copias de esta p\u00e1gina s\u00f3lo est\u00e1n permitidas para uso privado y no comercial. Si el contenido de este sitio no fue creado por el operador, se respetan los derechos de autor de terceros. En particular, los contenidos de terceros se marcan como tales. No obstante, si tiene conocimiento de una infracci\u00f3n de derechos de autor, le pedimos que nos lo notifique en consecuencia. Si tenemos conocimiento de alguna infracci\u00f3n legal, eliminaremos inmediatamente dicho contenido.<\/p><p>Se aplican las siguientes normas profesionales:<br \/>La normativa se puede consultar en: Responsabilidad por el contenido<\/p><p>Los contenidos de nuestras p\u00e1ginas fueron creados con el mayor cuidado. Sin embargo, no podemos garantizar que el contenido sea correcto, completo o actualizado. Como proveedor de servicios, somos responsables de los contenidos propios de estas p\u00e1ginas de acuerdo con las leyes generales seg\u00fan el art\u00edculo 7, apartado 1 de la TMG. Sin embargo, seg\u00fan los art\u00edculos 8 a 10 de la TMG, como proveedor de servicios no estamos obligados a controlar la informaci\u00f3n de terceros transmitida o almacenada ni a investigar circunstancias que indiquen una actividad ilegal. Las obligaciones de eliminar o bloquear el uso de informaci\u00f3n de acuerdo con la ley general no se ver\u00e1n afectadas. Sin embargo, la responsabilidad a este respecto s\u00f3lo es posible a partir del momento en que se tiene conocimiento de una infracci\u00f3n legal concreta. Si tenemos conocimiento de alguna infracci\u00f3n legal correspondiente, eliminaremos inmediatamente este contenido. Responsabilidad por los enlaces Nuestra oferta contiene enlaces a sitios web externos de terceros sobre cuyo contenido no tenemos ninguna influencia. Por lo tanto, no podemos asumir ninguna responsabilidad por este contenido externo. El respectivo proveedor u operador de las p\u00e1ginas es siempre responsable del contenido de las p\u00e1ginas enlazadas. En el momento de la vinculaci\u00f3n se comprobaron las p\u00e1ginas enlazadas para detectar posibles infracciones legales. El contenido ilegal no era evidente en el momento del enlace. Sin embargo, un control permanente del contenido de las p\u00e1ginas enlazadas no es razonable sin pruebas concretas de una infracci\u00f3n legal. Si tenemos conocimiento de alguna infracci\u00f3n legal, eliminaremos inmediatamente dichos enlaces.<\/p><\/div><div>\u00a0<\/div><div>\u00a0<\/div><div>\u00a0<\/div><div><p>Fotos: pixabay.de<\/p><\/div><\/div><\/div><\/div><\/div>\t\t\t\t\t\t\t\t<\/div>\n\t\t\t\t\t<\/div>\n\t\t<\/div>\n\t\t\t\t\t<\/div>\n\t\t<\/section>\n\t\t\t\t<\/div>\n\t\t","protected":false},"excerpt":{"rendered":"<p>Pie de imprenta de maxnext Informaci\u00f3n seg\u00fan \u00a7 5 TMG: maxnext GmbH Daimlerstrasse 772285 PfalzgrafenweilerGERMANY\u00a0 maxnext GmbH Calle Lila 891126 Rednitzhembach Director General: Armin Klepsch Eine Marke von: KSE Kunststoff Registro Mercantil: HRB 40855Tribunal de Registro: Juzgado Local de N\u00faremberg VAT-ID: DE359087781 Contacto: Telefon: +49 (0) 911 \/ 21 65 05 63 E-Mail: hi@maxnext.de Quelle: [&hellip;]<\/p>\n","protected":false},"author":2,"featured_media":0,"parent":0,"menu_order":0,"comment_status":"closed","ping_status":"closed","template":"elementor_header_footer","meta":{"footnotes":""},"class_list":["post-11268","page","type-page","status-publish","hentry"],"yoast_head":"<!-- This site is optimized with the Yoast SEO plugin v27.4 - https:\/\/yoast.com\/product\/yoast-seo-wordpress\/ -->\n<title>imprimir - maxnext GmbH \u2013 Spritzguss, Blasformen &amp; Werkzeugbau | Sofort-Preis &amp; bis zu 65% g\u00fcnstiger<\/title>\n<meta name=\"robots\" content=\"index, follow, max-snippet:-1, max-image-preview:large, max-video-preview:-1\" \/>\n<link rel=\"canonical\" href=\"https:\/\/maxnext.io\/es\/imprimir\/\" \/>\n<meta property=\"og:locale\" content=\"es_ES\" \/>\n<meta property=\"og:type\" content=\"article\" \/>\n<meta property=\"og:title\" content=\"imprimir - maxnext GmbH \u2013 Spritzguss, Blasformen &amp; Werkzeugbau | Sofort-Preis &amp; bis zu 65% g\u00fcnstiger\" \/>\n<meta property=\"og:description\" content=\"Pie de imprenta de maxnext Informaci\u00f3n seg\u00fan \u00a7 5 TMG: maxnext GmbH Daimlerstrasse 772285 PfalzgrafenweilerGERMANY\u00a0 maxnext GmbH Calle Lila 891126 Rednitzhembach Director General: Armin Klepsch Eine Marke von: KSE Kunststoff Registro Mercantil: HRB 40855Tribunal de Registro: Juzgado Local de N\u00faremberg VAT-ID: DE359087781 Contacto: Telefon: +49 (0) 911 \/ 21 65 05 63 E-Mail: hi@maxnext.de Quelle: [&hellip;]\" \/>\n<meta property=\"og:url\" content=\"https:\/\/maxnext.io\/es\/imprimir\/\" \/>\n<meta property=\"og:site_name\" content=\"maxnext GmbH \u2013 Spritzguss, Blasformen &amp; Werkzeugbau | Sofort-Preis &amp; bis zu 65% g\u00fcnstiger\" \/>\n<meta property=\"article:modified_time\" content=\"2026-01-02T16:39:04+00:00\" \/>\n<meta name=\"twitter:card\" content=\"summary_large_image\" \/>\n<meta name=\"twitter:label1\" content=\"Tiempo de lectura\" \/>\n\t<meta name=\"twitter:data1\" content=\"4 minutos\" \/>\n<script type=\"application\/ld+json\" class=\"yoast-schema-graph\">{\"@context\":\"https:\\\/\\\/schema.org\",\"@graph\":[{\"@type\":\"WebPage\",\"@id\":\"https:\\\/\\\/maxnext.io\\\/es\\\/imprimir\\\/\",\"url\":\"https:\\\/\\\/maxnext.io\\\/es\\\/imprimir\\\/\",\"name\":\"imprimir - maxnext GmbH \u2013 Spritzguss, Blasformen &amp; Werkzeugbau | Sofort-Preis &amp; bis zu 65% g\u00fcnstiger\",\"isPartOf\":{\"@id\":\"https:\\\/\\\/maxnext.io\\\/es\\\/#website\"},\"datePublished\":\"2021-12-28T08:35:00+00:00\",\"dateModified\":\"2026-01-02T16:39:04+00:00\",\"breadcrumb\":{\"@id\":\"https:\\\/\\\/maxnext.io\\\/es\\\/imprimir\\\/#breadcrumb\"},\"inLanguage\":\"es\",\"potentialAction\":[{\"@type\":\"ReadAction\",\"target\":[\"https:\\\/\\\/maxnext.io\\\/es\\\/imprimir\\\/\"]}]},{\"@type\":\"BreadcrumbList\",\"@id\":\"https:\\\/\\\/maxnext.io\\\/es\\\/imprimir\\\/#breadcrumb\",\"itemListElement\":[{\"@type\":\"ListItem\",\"position\":1,\"name\":\"Home\",\"item\":\"https:\\\/\\\/maxnext.io\\\/es\\\/\"},{\"@type\":\"ListItem\",\"position\":2,\"name\":\"imprimir\"}]},{\"@type\":\"WebSite\",\"@id\":\"https:\\\/\\\/maxnext.io\\\/es\\\/#website\",\"url\":\"https:\\\/\\\/maxnext.io\\\/es\\\/\",\"name\":\"maxnext GmbH \u2013 Spritzguss, Blasformen &amp; Werkzeugbau | Sofort-Preis &amp; bis zu 65% g\u00fcnstiger\",\"description\":\"Freie Kapazit\u00e4ten nutzen, Produktion nach DIN \u2013 pr\u00e4zise, schnell und deutlich g\u00fcnstiger.\",\"publisher\":{\"@id\":\"https:\\\/\\\/maxnext.io\\\/es\\\/#organization\"},\"potentialAction\":[{\"@type\":\"SearchAction\",\"target\":{\"@type\":\"EntryPoint\",\"urlTemplate\":\"https:\\\/\\\/maxnext.io\\\/es\\\/?s={search_term_string}\"},\"query-input\":{\"@type\":\"PropertyValueSpecification\",\"valueRequired\":true,\"valueName\":\"search_term_string\"}}],\"inLanguage\":\"es\"},{\"@type\":\"Organization\",\"@id\":\"https:\\\/\\\/maxnext.io\\\/es\\\/#organization\",\"name\":\"maxnext GmbH \u2013 Spritzguss, Blasformen &amp; Werkzeugbau | Sofort-Preis &amp; bis zu 65% g\u00fcnstiger\",\"url\":\"https:\\\/\\\/maxnext.io\\\/es\\\/\",\"logo\":{\"@type\":\"ImageObject\",\"inLanguage\":\"es\",\"@id\":\"https:\\\/\\\/maxnext.io\\\/es\\\/#\\\/schema\\\/logo\\\/image\\\/\",\"url\":\"https:\\\/\\\/maxnext.io\\\/wp-content\\\/uploads\\\/unnamed.png\",\"contentUrl\":\"https:\\\/\\\/maxnext.io\\\/wp-content\\\/uploads\\\/unnamed.png\",\"width\":350,\"height\":88,\"caption\":\"maxnext GmbH \u2013 Spritzguss, Blasformen &amp; Werkzeugbau | Sofort-Preis &amp; bis zu 65% g\u00fcnstiger\"},\"image\":{\"@id\":\"https:\\\/\\\/maxnext.io\\\/es\\\/#\\\/schema\\\/logo\\\/image\\\/\"}}]}<\/script>\n<!-- \/ Yoast SEO plugin. -->","yoast_head_json":{"title":"imprimir - maxnext GmbH \u2013 Spritzguss, Blasformen &amp; Werkzeugbau | Sofort-Preis &amp; bis zu 65% g\u00fcnstiger","robots":{"index":"index","follow":"follow","max-snippet":"max-snippet:-1","max-image-preview":"max-image-preview:large","max-video-preview":"max-video-preview:-1"},"canonical":"https:\/\/maxnext.io\/es\/imprimir\/","og_locale":"es_ES","og_type":"article","og_title":"imprimir - maxnext GmbH \u2013 Spritzguss, Blasformen &amp; Werkzeugbau | Sofort-Preis &amp; bis zu 65% g\u00fcnstiger","og_description":"Pie de imprenta de maxnext Informaci\u00f3n seg\u00fan \u00a7 5 TMG: maxnext GmbH Daimlerstrasse 772285 PfalzgrafenweilerGERMANY\u00a0 maxnext GmbH Calle Lila 891126 Rednitzhembach Director General: Armin Klepsch Eine Marke von: KSE Kunststoff Registro Mercantil: HRB 40855Tribunal de Registro: Juzgado Local de N\u00faremberg VAT-ID: DE359087781 Contacto: Telefon: +49 (0) 911 \/ 21 65 05 63 E-Mail: hi@maxnext.de Quelle: [&hellip;]","og_url":"https:\/\/maxnext.io\/es\/imprimir\/","og_site_name":"maxnext GmbH \u2013 Spritzguss, Blasformen &amp; Werkzeugbau | Sofort-Preis &amp; bis zu 65% g\u00fcnstiger","article_modified_time":"2026-01-02T16:39:04+00:00","twitter_card":"summary_large_image","twitter_misc":{"Tiempo de lectura":"4 minutos"},"schema":{"@context":"https:\/\/schema.org","@graph":[{"@type":"WebPage","@id":"https:\/\/maxnext.io\/es\/imprimir\/","url":"https:\/\/maxnext.io\/es\/imprimir\/","name":"imprimir - maxnext GmbH \u2013 Spritzguss, Blasformen &amp; Werkzeugbau | Sofort-Preis &amp; bis zu 65% g\u00fcnstiger","isPartOf":{"@id":"https:\/\/maxnext.io\/es\/#website"},"datePublished":"2021-12-28T08:35:00+00:00","dateModified":"2026-01-02T16:39:04+00:00","breadcrumb":{"@id":"https:\/\/maxnext.io\/es\/imprimir\/#breadcrumb"},"inLanguage":"es","potentialAction":[{"@type":"ReadAction","target":["https:\/\/maxnext.io\/es\/imprimir\/"]}]},{"@type":"BreadcrumbList","@id":"https:\/\/maxnext.io\/es\/imprimir\/#breadcrumb","itemListElement":[{"@type":"ListItem","position":1,"name":"Home","item":"https:\/\/maxnext.io\/es\/"},{"@type":"ListItem","position":2,"name":"imprimir"}]},{"@type":"WebSite","@id":"https:\/\/maxnext.io\/es\/#website","url":"https:\/\/maxnext.io\/es\/","name":"maxnext GmbH \u2013 Spritzguss, Blasformen &amp; Werkzeugbau | Sofort-Preis &amp; bis zu 65% g\u00fcnstiger","description":"Freie Kapazit\u00e4ten nutzen, Produktion nach DIN \u2013 pr\u00e4zise, schnell und deutlich g\u00fcnstiger.","publisher":{"@id":"https:\/\/maxnext.io\/es\/#organization"},"potentialAction":[{"@type":"SearchAction","target":{"@type":"EntryPoint","urlTemplate":"https:\/\/maxnext.io\/es\/?s={search_term_string}"},"query-input":{"@type":"PropertyValueSpecification","valueRequired":true,"valueName":"search_term_string"}}],"inLanguage":"es"},{"@type":"Organization","@id":"https:\/\/maxnext.io\/es\/#organization","name":"maxnext GmbH \u2013 Spritzguss, Blasformen &amp; Werkzeugbau | Sofort-Preis &amp; bis zu 65% g\u00fcnstiger","url":"https:\/\/maxnext.io\/es\/","logo":{"@type":"ImageObject","inLanguage":"es","@id":"https:\/\/maxnext.io\/es\/#\/schema\/logo\/image\/","url":"https:\/\/maxnext.io\/wp-content\/uploads\/unnamed.png","contentUrl":"https:\/\/maxnext.io\/wp-content\/uploads\/unnamed.png","width":350,"height":88,"caption":"maxnext GmbH \u2013 Spritzguss, Blasformen &amp; Werkzeugbau | Sofort-Preis &amp; bis zu 65% g\u00fcnstiger"},"image":{"@id":"https:\/\/maxnext.io\/es\/#\/schema\/logo\/image\/"}}]}},"_links":{"self":[{"href":"https:\/\/maxnext.io\/es\/wp-json\/wp\/v2\/pages\/11268","targetHints":{"allow":["GET"]}}],"collection":[{"href":"https:\/\/maxnext.io\/es\/wp-json\/wp\/v2\/pages"}],"about":[{"href":"https:\/\/maxnext.io\/es\/wp-json\/wp\/v2\/types\/page"}],"author":[{"embeddable":true,"href":"https:\/\/maxnext.io\/es\/wp-json\/wp\/v2\/users\/2"}],"replies":[{"embeddable":true,"href":"https:\/\/maxnext.io\/es\/wp-json\/wp\/v2\/comments?post=11268"}],"version-history":[{"count":0,"href":"https:\/\/maxnext.io\/es\/wp-json\/wp\/v2\/pages\/11268\/revisions"}],"wp:attachment":[{"href":"https:\/\/maxnext.io\/es\/wp-json\/wp\/v2\/media?parent=11268"}],"curies":[{"name":"wp","href":"https:\/\/api.w.org\/{rel}","templated":true}]}}