{"id":11170,"date":"2023-05-23T04:22:46","date_gmt":"2023-05-23T04:22:46","guid":{"rendered":"https:\/\/maxnext.io\/manuel-dutilisation-de-la-pompe-a-chaleur\/"},"modified":"2024-11-11T07:59:09","modified_gmt":"2024-11-11T07:59:09","slug":"manuel-dutilisation-de-la-pompe-a-chaleur","status":"publish","type":"page","link":"https:\/\/maxnext.io\/fr\/manuel-dutilisation-de-la-pompe-a-chaleur\/","title":{"rendered":"Manuel d&#8217;utilisation de la pompe \u00e0 chaleur"},"content":{"rendered":"\t\t<div data-elementor-type=\"wp-page\" data-elementor-id=\"11170\" class=\"elementor elementor-11170 elementor-9194\" data-elementor-post-type=\"page\">\n\t\t\t\t<div class=\"elementor-element elementor-element-5dbf1120 e-con-full e-flex e-con e-parent\" data-id=\"5dbf1120\" data-element_type=\"container\" data-e-type=\"container\" data-settings=\"{&quot;background_background&quot;:&quot;classic&quot;}\">\n\t\t\t\t<div class=\"elementor-element elementor-element-5305cb78 elementor-widget elementor-widget-heading\" data-id=\"5305cb78\" data-element_type=\"widget\" data-e-type=\"widget\" data-widget_type=\"heading.default\">\n\t\t\t\t\t<h2 class=\"elementor-heading-title elementor-size-default\">Lorem Ipsum<\/h2>\t\t\t\t<\/div>\n\t\t\t\t<div class=\"elementor-element elementor-element-4db04794 elementor-widget elementor-widget-heading\" data-id=\"4db04794\" data-element_type=\"widget\" data-e-type=\"widget\" data-widget_type=\"heading.default\">\n\t\t\t\t\t<h2 class=\"elementor-heading-title elementor-size-default\">CHALLENGE YOURSELF.\n<br>TAKE IT TO THE NEXT LEVEL.<\/h2>\t\t\t\t<\/div>\n\t\t\t\t<div class=\"elementor-element elementor-element-4cd0cc79 elementor-align-center elementor-widget elementor-widget-button\" data-id=\"4cd0cc79\" data-element_type=\"widget\" data-e-type=\"widget\" data-widget_type=\"button.default\">\n\t\t\t\t\t\t\t\t\t\t<a class=\"elementor-button elementor-button-link elementor-size-lg elementor-animation-grow\" href=\"https:\/\/maxnext.de\/wp-content\/uploads\/2023\/05\/Manual_one_one__pro_leistungsdiagramm_hydraulikschema.pdf\">\n\t\t\t\t\t\t<span class=\"elementor-button-content-wrapper\">\n\t\t\t\t\t\t\t\t\t<span class=\"elementor-button-text\">Cliquez ici<\/span>\n\t\t\t\t\t<\/span>\n\t\t\t\t\t<\/a>\n\t\t\t\t\t\t\t\t<\/div>\n\t\t\t\t<\/div>\n\t\t\t\t<\/div>\n\t\t","protected":false},"excerpt":{"rendered":"<p>Lorem Ipsum CHALLENGE YOURSELF. TAKE IT TO THE NEXT LEVEL. Cliquez ici<\/p>\n","protected":false},"author":2,"featured_media":0,"parent":0,"menu_order":0,"comment_status":"closed","ping_status":"closed","template":"elementor_header_footer","meta":{"footnotes":""},"class_list":["post-11170","page","type-page","status-publish","hentry"],"yoast_head":"<!-- This site is optimized with the Yoast SEO plugin v27.3 - https:\/\/yoast.com\/product\/yoast-seo-wordpress\/ -->\n<title>Manuel d&#039;utilisation de la pompe \u00e0 chaleur | maxnext<\/title>\n<meta name=\"description\" content=\"D\u00e9couvrez le manuel d&#039;utilisation de la pompe \u00e0 chaleur sur maxnext. G\u00e9r\u00e9 par le propri\u00e9taire \u2713 Certifi\u00e9 \u2713 Rapide &amp; scalable \u2713 Contactez-nous maintenant !\" \/>\n<meta name=\"robots\" content=\"index, follow, max-snippet:-1, max-image-preview:large, max-video-preview:-1\" \/>\n<link rel=\"canonical\" href=\"https:\/\/maxnext.io\/fr\/manuel-dutilisation-de-la-pompe-a-chaleur\/\" \/>\n<meta property=\"og:locale\" content=\"fr_FR\" \/>\n<meta property=\"og:type\" content=\"article\" \/>\n<meta property=\"og:title\" content=\"Manuel d&#039;utilisation de la pompe \u00e0 chaleur | maxnext\" \/>\n<meta property=\"og:description\" content=\"D\u00e9couvrez le manuel d&#039;utilisation de la pompe \u00e0 chaleur sur maxnext. G\u00e9r\u00e9 par le propri\u00e9taire \u2713 Certifi\u00e9 \u2713 Rapide &amp; scalable \u2713 Contactez-nous maintenant !\" \/>\n<meta property=\"og:url\" content=\"https:\/\/maxnext.io\/fr\/manuel-dutilisation-de-la-pompe-a-chaleur\/\" \/>\n<meta property=\"og:site_name\" content=\"maxnext GmbH \u2013 Spritzguss, Blasformen &amp; Werkzeugbau | Sofort-Preis &amp; bis zu 65% g\u00fcnstiger\" \/>\n<meta property=\"article:modified_time\" content=\"2024-11-11T07:59:09+00:00\" \/>\n<meta name=\"twitter:card\" content=\"summary_large_image\" \/>\n<script type=\"application\/ld+json\" class=\"yoast-schema-graph\">{\"@context\":\"https:\\\/\\\/schema.org\",\"@graph\":[{\"@type\":\"WebPage\",\"@id\":\"https:\\\/\\\/maxnext.io\\\/fr\\\/manuel-dutilisation-de-la-pompe-a-chaleur\\\/\",\"url\":\"https:\\\/\\\/maxnext.io\\\/fr\\\/manuel-dutilisation-de-la-pompe-a-chaleur\\\/\",\"name\":\"Manuel d'utilisation de la pompe \u00e0 chaleur | maxnext\",\"isPartOf\":{\"@id\":\"https:\\\/\\\/maxnext.io\\\/fr\\\/#website\"},\"datePublished\":\"2023-05-23T04:22:46+00:00\",\"dateModified\":\"2024-11-11T07:59:09+00:00\",\"description\":\"D\u00e9couvrez le manuel d'utilisation de la pompe \u00e0 chaleur sur maxnext. G\u00e9r\u00e9 par le propri\u00e9taire \u2713 Certifi\u00e9 \u2713 Rapide & scalable \u2713 Contactez-nous maintenant !\",\"breadcrumb\":{\"@id\":\"https:\\\/\\\/maxnext.io\\\/fr\\\/manuel-dutilisation-de-la-pompe-a-chaleur\\\/#breadcrumb\"},\"inLanguage\":\"fr-FR\",\"potentialAction\":[{\"@type\":\"ReadAction\",\"target\":[\"https:\\\/\\\/maxnext.io\\\/fr\\\/manuel-dutilisation-de-la-pompe-a-chaleur\\\/\"]}]},{\"@type\":\"BreadcrumbList\",\"@id\":\"https:\\\/\\\/maxnext.io\\\/fr\\\/manuel-dutilisation-de-la-pompe-a-chaleur\\\/#breadcrumb\",\"itemListElement\":[{\"@type\":\"ListItem\",\"position\":1,\"name\":\"Home\",\"item\":\"https:\\\/\\\/maxnext.io\\\/fr\\\/\"},{\"@type\":\"ListItem\",\"position\":2,\"name\":\"Manuel d&#8217;utilisation de la pompe \u00e0 chaleur\"}]},{\"@type\":\"WebSite\",\"@id\":\"https:\\\/\\\/maxnext.io\\\/fr\\\/#website\",\"url\":\"https:\\\/\\\/maxnext.io\\\/fr\\\/\",\"name\":\"maxnext GmbH \u2013 Spritzguss, Blasformen &amp; Werkzeugbau | Sofort-Preis &amp; bis zu 65% g\u00fcnstiger\",\"description\":\"Freie Kapazit\u00e4ten nutzen, Produktion nach DIN \u2013 pr\u00e4zise, schnell und deutlich g\u00fcnstiger.\",\"publisher\":{\"@id\":\"https:\\\/\\\/maxnext.io\\\/fr\\\/#organization\"},\"potentialAction\":[{\"@type\":\"SearchAction\",\"target\":{\"@type\":\"EntryPoint\",\"urlTemplate\":\"https:\\\/\\\/maxnext.io\\\/fr\\\/?s={search_term_string}\"},\"query-input\":{\"@type\":\"PropertyValueSpecification\",\"valueRequired\":true,\"valueName\":\"search_term_string\"}}],\"inLanguage\":\"fr-FR\"},{\"@type\":\"Organization\",\"@id\":\"https:\\\/\\\/maxnext.io\\\/fr\\\/#organization\",\"name\":\"maxnext GmbH \u2013 Spritzguss, Blasformen &amp; Werkzeugbau | Sofort-Preis &amp; bis zu 65% g\u00fcnstiger\",\"url\":\"https:\\\/\\\/maxnext.io\\\/fr\\\/\",\"logo\":{\"@type\":\"ImageObject\",\"inLanguage\":\"fr-FR\",\"@id\":\"https:\\\/\\\/maxnext.io\\\/fr\\\/#\\\/schema\\\/logo\\\/image\\\/\",\"url\":\"https:\\\/\\\/maxnext.io\\\/wp-content\\\/uploads\\\/unnamed.png\",\"contentUrl\":\"https:\\\/\\\/maxnext.io\\\/wp-content\\\/uploads\\\/unnamed.png\",\"width\":350,\"height\":88,\"caption\":\"maxnext GmbH \u2013 Spritzguss, Blasformen &amp; Werkzeugbau | Sofort-Preis &amp; bis zu 65% g\u00fcnstiger\"},\"image\":{\"@id\":\"https:\\\/\\\/maxnext.io\\\/fr\\\/#\\\/schema\\\/logo\\\/image\\\/\"}}]}<\/script>\n<!-- \/ Yoast SEO plugin. -->","yoast_head_json":{"title":"Manuel d'utilisation de la pompe \u00e0 chaleur | maxnext","description":"D\u00e9couvrez le manuel d'utilisation de la pompe \u00e0 chaleur sur maxnext. G\u00e9r\u00e9 par le propri\u00e9taire \u2713 Certifi\u00e9 \u2713 Rapide & scalable \u2713 Contactez-nous maintenant !","robots":{"index":"index","follow":"follow","max-snippet":"max-snippet:-1","max-image-preview":"max-image-preview:large","max-video-preview":"max-video-preview:-1"},"canonical":"https:\/\/maxnext.io\/fr\/manuel-dutilisation-de-la-pompe-a-chaleur\/","og_locale":"fr_FR","og_type":"article","og_title":"Manuel d'utilisation de la pompe \u00e0 chaleur | maxnext","og_description":"D\u00e9couvrez le manuel d'utilisation de la pompe \u00e0 chaleur sur maxnext. G\u00e9r\u00e9 par le propri\u00e9taire \u2713 Certifi\u00e9 \u2713 Rapide & scalable \u2713 Contactez-nous maintenant !","og_url":"https:\/\/maxnext.io\/fr\/manuel-dutilisation-de-la-pompe-a-chaleur\/","og_site_name":"maxnext GmbH \u2013 Spritzguss, Blasformen &amp; Werkzeugbau | Sofort-Preis &amp; bis zu 65% g\u00fcnstiger","article_modified_time":"2024-11-11T07:59:09+00:00","twitter_card":"summary_large_image","schema":{"@context":"https:\/\/schema.org","@graph":[{"@type":"WebPage","@id":"https:\/\/maxnext.io\/fr\/manuel-dutilisation-de-la-pompe-a-chaleur\/","url":"https:\/\/maxnext.io\/fr\/manuel-dutilisation-de-la-pompe-a-chaleur\/","name":"Manuel d'utilisation de la pompe \u00e0 chaleur | maxnext","isPartOf":{"@id":"https:\/\/maxnext.io\/fr\/#website"},"datePublished":"2023-05-23T04:22:46+00:00","dateModified":"2024-11-11T07:59:09+00:00","description":"D\u00e9couvrez le manuel d'utilisation de la pompe \u00e0 chaleur sur maxnext. G\u00e9r\u00e9 par le propri\u00e9taire \u2713 Certifi\u00e9 \u2713 Rapide & scalable \u2713 Contactez-nous maintenant !","breadcrumb":{"@id":"https:\/\/maxnext.io\/fr\/manuel-dutilisation-de-la-pompe-a-chaleur\/#breadcrumb"},"inLanguage":"fr-FR","potentialAction":[{"@type":"ReadAction","target":["https:\/\/maxnext.io\/fr\/manuel-dutilisation-de-la-pompe-a-chaleur\/"]}]},{"@type":"BreadcrumbList","@id":"https:\/\/maxnext.io\/fr\/manuel-dutilisation-de-la-pompe-a-chaleur\/#breadcrumb","itemListElement":[{"@type":"ListItem","position":1,"name":"Home","item":"https:\/\/maxnext.io\/fr\/"},{"@type":"ListItem","position":2,"name":"Manuel d&#8217;utilisation de la pompe \u00e0 chaleur"}]},{"@type":"WebSite","@id":"https:\/\/maxnext.io\/fr\/#website","url":"https:\/\/maxnext.io\/fr\/","name":"maxnext GmbH \u2013 Spritzguss, Blasformen &amp; Werkzeugbau | Sofort-Preis &amp; bis zu 65% g\u00fcnstiger","description":"Freie Kapazit\u00e4ten nutzen, Produktion nach DIN \u2013 pr\u00e4zise, schnell und deutlich g\u00fcnstiger.","publisher":{"@id":"https:\/\/maxnext.io\/fr\/#organization"},"potentialAction":[{"@type":"SearchAction","target":{"@type":"EntryPoint","urlTemplate":"https:\/\/maxnext.io\/fr\/?s={search_term_string}"},"query-input":{"@type":"PropertyValueSpecification","valueRequired":true,"valueName":"search_term_string"}}],"inLanguage":"fr-FR"},{"@type":"Organization","@id":"https:\/\/maxnext.io\/fr\/#organization","name":"maxnext GmbH \u2013 Spritzguss, Blasformen &amp; Werkzeugbau | Sofort-Preis &amp; bis zu 65% g\u00fcnstiger","url":"https:\/\/maxnext.io\/fr\/","logo":{"@type":"ImageObject","inLanguage":"fr-FR","@id":"https:\/\/maxnext.io\/fr\/#\/schema\/logo\/image\/","url":"https:\/\/maxnext.io\/wp-content\/uploads\/unnamed.png","contentUrl":"https:\/\/maxnext.io\/wp-content\/uploads\/unnamed.png","width":350,"height":88,"caption":"maxnext GmbH \u2013 Spritzguss, Blasformen &amp; Werkzeugbau | Sofort-Preis &amp; bis zu 65% g\u00fcnstiger"},"image":{"@id":"https:\/\/maxnext.io\/fr\/#\/schema\/logo\/image\/"}}]}},"_links":{"self":[{"href":"https:\/\/maxnext.io\/fr\/wp-json\/wp\/v2\/pages\/11170","targetHints":{"allow":["GET"]}}],"collection":[{"href":"https:\/\/maxnext.io\/fr\/wp-json\/wp\/v2\/pages"}],"about":[{"href":"https:\/\/maxnext.io\/fr\/wp-json\/wp\/v2\/types\/page"}],"author":[{"embeddable":true,"href":"https:\/\/maxnext.io\/fr\/wp-json\/wp\/v2\/users\/2"}],"replies":[{"embeddable":true,"href":"https:\/\/maxnext.io\/fr\/wp-json\/wp\/v2\/comments?post=11170"}],"version-history":[{"count":0,"href":"https:\/\/maxnext.io\/fr\/wp-json\/wp\/v2\/pages\/11170\/revisions"}],"wp:attachment":[{"href":"https:\/\/maxnext.io\/fr\/wp-json\/wp\/v2\/media?parent=11170"}],"curies":[{"name":"wp","href":"https:\/\/api.w.org\/{rel}","templated":true}]}}