{"id":11172,"date":"2022-02-22T15:10:48","date_gmt":"2022-02-22T15:10:48","guid":{"rendered":"https:\/\/maxnext.io\/blog\/"},"modified":"2024-11-22T14:11:42","modified_gmt":"2024-11-22T14:11:42","slug":"blog","status":"publish","type":"page","link":"https:\/\/maxnext.io\/fr\/blog\/","title":{"rendered":"Blog"},"content":{"rendered":"\t\t<div data-elementor-type=\"wp-page\" data-elementor-id=\"11172\" class=\"elementor elementor-11172 elementor-4779\" data-elementor-post-type=\"page\">\n\t\t\t\t\t\t<section class=\"elementor-section elementor-top-section elementor-element elementor-element-9dcdbf1 elementor-section-boxed elementor-section-height-default elementor-section-height-default\" data-id=\"9dcdbf1\" data-element_type=\"section\" data-e-type=\"section\">\n\t\t\t\t\t\t<div class=\"elementor-container elementor-column-gap-default\">\n\t\t\t\t\t<div class=\"elementor-column elementor-col-100 elementor-top-column elementor-element elementor-element-3248165\" data-id=\"3248165\" data-element_type=\"column\" data-e-type=\"column\">\n\t\t\t<div class=\"elementor-widget-wrap elementor-element-populated\">\n\t\t\t\t\t\t<div class=\"elementor-element elementor-element-b672b8d elementor-widget elementor-widget-heading\" data-id=\"b672b8d\" data-element_type=\"widget\" data-e-type=\"widget\" data-widget_type=\"heading.default\">\n\t\t\t\t\t<h1 class=\"elementor-heading-title elementor-size-default\">ACTUALIT\u00c9S FABRICATION NUM\u00c9RIQUE<\/h1>\t\t\t\t<\/div>\n\t\t\t\t<div class=\"elementor-element elementor-element-2889250 elementor-widget elementor-widget-ucaddon_post_magazine_grid\" data-id=\"2889250\" data-element_type=\"widget\" data-e-type=\"widget\" data-widget_type=\"ucaddon_post_magazine_grid.default\">\n\t\t\t\t<div class=\"elementor-widget-container\">\n\t\t\t\t\t\n<!-- start Post Magazine Grid -->\n\t\t<link id='font-awesome-css' href='https:\/\/maxnext.io\/wp-content\/plugins\/unlimited-elements-for-elementor-premium\/assets_libraries\/font-awesome6\/fontawesome-all.min.css' type='text\/css' rel='stylesheet' >\n\t\t<link id='font-awesome-4-shim-css' href='https:\/\/maxnext.io\/wp-content\/plugins\/unlimited-elements-for-elementor-premium\/assets_libraries\/font-awesome6\/fontawesome-v4-shims.min.css' type='text\/css' rel='stylesheet' >\n\n<style>\/* widget: Post Magazine Grid *\/\n\n\r\n@keyframes uc_post_magazine_grid_elementor_2889250__item-animation {\r\n  0% {\r\n            \r\n        \t        \tfilter: blur(10px);\r\n\t\t\t\r\n    \t    opacity: 0;\r\n  }\r\n  100% {\r\n            \r\n        \t            filter: blur(0px);\r\n            \r\n    \t\topacity: 1;\r\n  }\r\n}\r\n\r\n\r\n#uc_post_magazine_grid_elementor_2889250 .ue-grid-item{\r\n\topacity:0;\r\n}\r\n\r\n\r\n#uc_post_magazine_grid_elementor_2889250 .uc-entrance-animate {\r\n  opacity:1;\r\n}\r\n\r\n#uc_post_magazine_grid_elementor_2889250 .uc-entrance-animate {\r\n\tanimation: uc_post_magazine_grid_elementor_2889250__item-animation 0.6s cubic-bezier(0.470, 0.000, 0.745, 0.715) both;\r\n}\r\n\r\n\t\t\t\n\n#uc_post_magazine_grid_elementor_2889250 *{\n  box-sizing:border-box;\n}\n\n#uc_post_magazine_grid_elementor_2889250{\n  display: grid;\n  grid-auto-rows: 1fr;\n}\n\n#uc_post_magazine_grid_elementor_2889250 div.ue-grid-item{\n  overflow:hidden;\n  display:flex;\n  position:relative;\n}\n\n#uc_post_magazine_grid_elementor_2889250 .ue-grid-item-intro{\n  position: relative;\n  z-index: 1;\n}\n\n#uc_post_magazine_grid_elementor_2889250 .ue-grid-item-image img{\n  width:100%;\n  display:block;\n}\n\n#uc_post_magazine_grid_elementor_2889250.ue-layout-cover .ue-grid-item-image{\n  position:absolute;\n  top:0;\n  left:0;\n  bottom:0;\n  right:0;\n}\n\n#uc_post_magazine_grid_elementor_2889250.ue-layout-cover .ue-grid-item-image img{\n  height:100%;\n  object-fit: cover;\n}\n\n#uc_post_magazine_grid_elementor_2889250.ue-layout-cover .ue-grid-item-content{\n  position:absolute;\n  width:100%;\n  bottom:0px;\n}\n\n#uc_post_magazine_grid_elementor_2889250 .ue-grid-item-image-overlay{\n  position:absolute;\n  z-index: 1;\n  width:100%;\n  top:0;\n  display:block;\n  bottom:0;\n  height:100%;\n  transition:0.3s;\n}\n\n.ue-grid-item-title a{\n  font-size:21px;\n  font-weight:bold;\n  position: relative;\n  z-index: 1;  \n}\n\n.ue-grid-item-category a{\n  display:inline-block;\n  font-size:10px;\n  text-transform:uppercase;\n  position: relative;\n  z-index: 1; \n}\n\n#uc_post_magazine_grid_elementor_2889250 .uc_more_btn{\n  text-align:center;\n  text-decoration:none;\n  transition:0.3s;\n  position: relative;\n  z-index: 1;\n}\n\n#uc_post_magazine_grid_elementor_2889250 .ue-grid-item-meta-data{\n  display:flex;\n  flex-wrap: wrap;\n}\n\n.ue-grid-item-meta-data{\n  font-size:12px;\n}\n\n#uc_post_magazine_grid_elementor_2889250 .ue-grid-item-meta-data-icon{\n  line-height:1em;\n}\n\n#uc_post_magazine_grid_elementor_2889250 .ue-grid-item-meta-data-icon svg{\n  width:1em;\n  height:1em;\n}\n\n\n\n#uc_post_magazine_grid_elementor_2889250 .ue-date-calendar{\n     position:absolute;\n     top:0px;\n     left:0px;\n     text-align:center;\n}\n\n@media only screen and (max-width: 600px) {\n  #uc_post_magazine_grid_elementor_2889250 div.ue-grid-item  {\n    grid-column: span 1;\n    grid-row: span 1;\n  }\n  \n  #uc_post_magazine_grid_elementor_2889250  {\n  grid-template-columns: repeat(1, 1fr);\n  }\n}\n\n\n\n<\/style>\n\n<div id=\"uc_post_magazine_grid_elementor_2889250\" class=\"post_magazine_grid ue-layout-cover uc-items-wrapper\" >\n\t\n<div class=\"ue-grid-item\">\n  \n\t<div class=\"ue-grid-item-image\">\n       \n          <img decoding=\"async\" src=\"https:\/\/maxnext.io\/wp-content\/uploads\/industry-4747053_1280.jpg\"  src=\"https:\/\/maxnext.io\/wp-content\/uploads\/industry-4747053_1280.jpg\" alt=\"Din 16901\" width=\"1280\" height=\"853\">  \n      \t\n\t        \n      <a class=\"ue-grid-item-image-overlay\" href=\"https:\/\/maxnext.io\/fr\/blog\/din-16901-tolerances-pour-les-pieces-moulees-par-injection-le-guide-ultime\/\" aria-label=\"Read more about DIN 16901 \u2013 Tol\u00e9rances pour les pi\u00e8ces moul\u00e9es par injection : le guide ultime\" ><\/a>\n    <\/div>\n    <div class=\"ue-grid-item-content\">\n      \n                    \n      <div class=\"ue-grid-item-title\"><a href=\"https:\/\/maxnext.io\/fr\/blog\/din-16901-tolerances-pour-les-pieces-moulees-par-injection-le-guide-ultime\/\">DIN 16901 \u2013 Tol\u00e9rances pour les pi\u00e8ces moul\u00e9es par injection : le guide ultime<\/a><\/div>      \n            \n            <div class=\"ue-grid-item-button\"><a class=\"uc_more_btn \" href=\"https:\/\/maxnext.io\/fr\/blog\/din-16901-tolerances-pour-les-pieces-moulees-par-injection-le-guide-ultime\/\">En savoir plus<\/a><\/div>    <\/div>\n  \n    \n    \n    \n<\/div>\n\n<div class=\"ue-grid-item\">\n  \n\t<div class=\"ue-grid-item-image\">\n       \n          <img decoding=\"async\" src=\"https:\/\/maxnext.io\/wp-content\/uploads\/Spritzguss-Prototypen-zum-Bestpreis-in-Rekordzeit.jpg\"  src=\"https:\/\/maxnext.io\/wp-content\/uploads\/Spritzguss-Prototypen-zum-Bestpreis-in-Rekordzeit.jpg\" alt=\"Spritzguss-Prototypen-zum-Bestpreis-in-Rekordzeit\" width=\"1344\" height=\"768\">  \n      \t\n\t        \n      <a class=\"ue-grid-item-image-overlay\" href=\"https:\/\/maxnext.io\/fr\/blog\/moulage-par-injection-et-amp-prototypes-au-meilleur-prix-en-un-temps-record\/\" aria-label=\"Read more about Moulage par injection et amp; Prototypes au meilleur prix &amp; en un temps record\" ><\/a>\n    <\/div>\n    <div class=\"ue-grid-item-content\">\n      \n                    \n      <div class=\"ue-grid-item-title\"><a href=\"https:\/\/maxnext.io\/fr\/blog\/moulage-par-injection-et-amp-prototypes-au-meilleur-prix-en-un-temps-record\/\">Moulage par injection et amp; Prototypes au meilleur prix &amp; en un temps record<\/a><\/div>      \n            \n            <div class=\"ue-grid-item-button\"><a class=\"uc_more_btn \" href=\"https:\/\/maxnext.io\/fr\/blog\/moulage-par-injection-et-amp-prototypes-au-meilleur-prix-en-un-temps-record\/\">En savoir plus<\/a><\/div>    <\/div>\n  \n    \n    \n    \n<\/div>\n\n<div class=\"ue-grid-item\">\n  \n\t<div class=\"ue-grid-item-image\">\n       \n          <img decoding=\"async\" src=\"https:\/\/maxnext.io\/wp-content\/uploads\/2022\/01\/spritzguss_02_web.webp\"  src=\"https:\/\/maxnext.io\/wp-content\/uploads\/2022\/01\/spritzguss_02_web.webp\" alt=\"spritzguss_02_web\" width=\"1440\" height=\"1440\">  \n      \t\n\t        \n      <a class=\"ue-grid-item-image-overlay\" href=\"https:\/\/maxnext.io\/fr\/blog\/la-structure-dun-moule-dinjection\/\" aria-label=\"Read more about La structure d\u2019un moule d\u2019injection\" ><\/a>\n    <\/div>\n    <div class=\"ue-grid-item-content\">\n      \n                    \n      <div class=\"ue-grid-item-title\"><a href=\"https:\/\/maxnext.io\/fr\/blog\/la-structure-dun-moule-dinjection\/\">La structure d\u2019un moule d\u2019injection<\/a><\/div>      \n            \n            <div class=\"ue-grid-item-button\"><a class=\"uc_more_btn \" href=\"https:\/\/maxnext.io\/fr\/blog\/la-structure-dun-moule-dinjection\/\">En savoir plus<\/a><\/div>    <\/div>\n  \n    \n    \n    \n<\/div>\n\n<div class=\"ue-grid-item\">\n  \n\t<div class=\"ue-grid-item-image\">\n       \n          <img decoding=\"async\" src=\"https:\/\/maxnext.io\/wp-content\/uploads\/2022\/03\/unnamed.jpg\"  src=\"https:\/\/maxnext.io\/wp-content\/uploads\/2022\/03\/unnamed.jpg\" alt=\"Spritzgussteile herstellen lassen\" width=\"512\" height=\"341\">  \n      \t\n\t        \n      <a class=\"ue-grid-item-image-overlay\" href=\"https:\/\/maxnext.io\/fr\/blog\/faire-fabriquer-des-pieces-moulees-par-injection\/\" aria-label=\"Read more about Faire fabriquer des pi\u00e8ces moul\u00e9es par injection\" ><\/a>\n    <\/div>\n    <div class=\"ue-grid-item-content\">\n      \n                    \n      <div class=\"ue-grid-item-title\"><a href=\"https:\/\/maxnext.io\/fr\/blog\/faire-fabriquer-des-pieces-moulees-par-injection\/\">Faire fabriquer des pi\u00e8ces moul\u00e9es par injection<\/a><\/div>      \n            \n            <div class=\"ue-grid-item-button\"><a class=\"uc_more_btn \" href=\"https:\/\/maxnext.io\/fr\/blog\/faire-fabriquer-des-pieces-moulees-par-injection\/\">En savoir plus<\/a><\/div>    <\/div>\n  \n    \n    \n    \n<\/div>\n\n<div class=\"ue-grid-item\">\n  \n\t<div class=\"ue-grid-item-image\">\n       \n          <img decoding=\"async\" src=\"https:\/\/maxnext.io\/wp-content\/uploads\/2022\/01\/unnamed-1.jpg\"  src=\"https:\/\/maxnext.io\/wp-content\/uploads\/2022\/01\/unnamed-1.jpg\" alt=\"Spritzgusskonstruktionen\" width=\"512\" height=\"361\">  \n      \t\n\t        \n      <a class=\"ue-grid-item-image-overlay\" href=\"https:\/\/maxnext.io\/fr\/blog\/plateforme-de-fabrication-numerique\/\" aria-label=\"Read more about Plateforme de fabrication num\u00e9rique\" ><\/a>\n    <\/div>\n    <div class=\"ue-grid-item-content\">\n      \n                    \n      <div class=\"ue-grid-item-title\"><a href=\"https:\/\/maxnext.io\/fr\/blog\/plateforme-de-fabrication-numerique\/\">Plateforme de fabrication num\u00e9rique<\/a><\/div>      \n            \n            <div class=\"ue-grid-item-button\"><a class=\"uc_more_btn \" href=\"https:\/\/maxnext.io\/fr\/blog\/plateforme-de-fabrication-numerique\/\">En savoir plus<\/a><\/div>    <\/div>\n  \n    \n    \n    \n<\/div>\n\n<div class=\"ue-grid-item\">\n  \n\t<div class=\"ue-grid-item-image\">\n       \n          <img decoding=\"async\" src=\"https:\/\/maxnext.io\/wp-content\/uploads\/2022\/01\/unnamed.jpg\"  src=\"https:\/\/maxnext.io\/wp-content\/uploads\/2022\/01\/unnamed.jpg\" alt=\"unnamed\" width=\"512\" height=\"341\">  \n      \t\n\t        \n      <a class=\"ue-grid-item-image-overlay\" href=\"https:\/\/maxnext.io\/fr\/blog\/conception-ux-et-creation-dune-proposition-de-vente-unique\/\" aria-label=\"Read more about Conception UX et cr\u00e9ation d\u2019une proposition de vente unique\" ><\/a>\n    <\/div>\n    <div class=\"ue-grid-item-content\">\n      \n                    \n      <div class=\"ue-grid-item-title\"><a href=\"https:\/\/maxnext.io\/fr\/blog\/conception-ux-et-creation-dune-proposition-de-vente-unique\/\">Conception UX et cr\u00e9ation d\u2019une proposition de vente unique<\/a><\/div>      \n            \n            <div class=\"ue-grid-item-button\"><a class=\"uc_more_btn \" href=\"https:\/\/maxnext.io\/fr\/blog\/conception-ux-et-creation-dune-proposition-de-vente-unique\/\">En savoir plus<\/a><\/div>    <\/div>\n  \n    \n    \n    \n<\/div>\n\n<\/div>\n\n\n<!-- end Post Magazine Grid -->\t\t\t\t<\/div>\n\t\t\t\t<\/div>\n\t\t\t\t\t<\/div>\n\t\t<\/div>\n\t\t\t\t\t<\/div>\n\t\t<\/section>\n\t\t\t\t<\/div>\n\t\t","protected":false},"excerpt":{"rendered":"<p>ACTUALIT\u00c9S FABRICATION NUM\u00c9RIQUE DIN 16901 \u2013 Tol\u00e9rances pour les pi\u00e8ces moul\u00e9es par injection : le guide ultime En savoir plus Moulage par injection et amp; Prototypes au meilleur prix &amp; en un temps record En savoir plus La structure d\u2019un moule d\u2019injection En savoir plus Faire fabriquer des pi\u00e8ces moul\u00e9es par injection En savoir plus [&hellip;]<\/p>\n","protected":false},"author":2,"featured_media":0,"parent":0,"menu_order":0,"comment_status":"closed","ping_status":"closed","template":"elementor_header_footer","meta":{"footnotes":""},"class_list":["post-11172","page","type-page","status-publish","hentry"],"yoast_head":"<!-- This site is optimized with the Yoast SEO plugin v27.4 - https:\/\/yoast.com\/product\/yoast-seo-wordpress\/ -->\n<title>Blog - maxnext GmbH \u2013 Spritzguss, Blasformen &amp; Werkzeugbau | Sofort-Preis &amp; bis zu 65% g\u00fcnstiger<\/title>\n<meta name=\"robots\" content=\"index, follow, max-snippet:-1, max-image-preview:large, max-video-preview:-1\" \/>\n<link rel=\"canonical\" href=\"https:\/\/maxnext.io\/fr\/blog\/\" \/>\n<meta property=\"og:locale\" content=\"fr_FR\" \/>\n<meta property=\"og:type\" content=\"article\" \/>\n<meta property=\"og:title\" content=\"Blog - maxnext GmbH \u2013 Spritzguss, Blasformen &amp; Werkzeugbau | Sofort-Preis &amp; bis zu 65% g\u00fcnstiger\" \/>\n<meta property=\"og:description\" content=\"ACTUALIT\u00c9S FABRICATION NUM\u00c9RIQUE DIN 16901 \u2013 Tol\u00e9rances pour les pi\u00e8ces moul\u00e9es par injection : le guide ultime En savoir plus Moulage par injection et amp; Prototypes au meilleur prix &amp; en un temps record En savoir plus La structure d\u2019un moule d\u2019injection En savoir plus Faire fabriquer des pi\u00e8ces moul\u00e9es par injection En savoir plus [&hellip;]\" \/>\n<meta property=\"og:url\" content=\"https:\/\/maxnext.io\/fr\/blog\/\" \/>\n<meta property=\"og:site_name\" content=\"maxnext GmbH \u2013 Spritzguss, Blasformen &amp; Werkzeugbau | Sofort-Preis &amp; bis zu 65% g\u00fcnstiger\" \/>\n<meta property=\"article:modified_time\" content=\"2024-11-22T14:11:42+00:00\" \/>\n<meta property=\"og:image\" content=\"https:\/\/maxnext.io\/wp-content\/uploads\/industry-4747053_1280.jpg\" \/>\n<meta name=\"twitter:card\" content=\"summary_large_image\" \/>\n<meta name=\"twitter:label1\" content=\"Dur\u00e9e de lecture estim\u00e9e\" \/>\n\t<meta name=\"twitter:data1\" content=\"2 minutes\" \/>\n<script type=\"application\/ld+json\" class=\"yoast-schema-graph\">{\"@context\":\"https:\\\/\\\/schema.org\",\"@graph\":[{\"@type\":\"WebPage\",\"@id\":\"https:\\\/\\\/maxnext.io\\\/fr\\\/blog\\\/\",\"url\":\"https:\\\/\\\/maxnext.io\\\/fr\\\/blog\\\/\",\"name\":\"Blog - maxnext GmbH \u2013 Spritzguss, Blasformen &amp; Werkzeugbau | Sofort-Preis &amp; bis zu 65% g\u00fcnstiger\",\"isPartOf\":{\"@id\":\"https:\\\/\\\/maxnext.io\\\/fr\\\/#website\"},\"primaryImageOfPage\":{\"@id\":\"https:\\\/\\\/maxnext.io\\\/fr\\\/blog\\\/#primaryimage\"},\"image\":{\"@id\":\"https:\\\/\\\/maxnext.io\\\/fr\\\/blog\\\/#primaryimage\"},\"thumbnailUrl\":\"https:\\\/\\\/maxnext.io\\\/wp-content\\\/uploads\\\/industry-4747053_1280.jpg\",\"datePublished\":\"2022-02-22T15:10:48+00:00\",\"dateModified\":\"2024-11-22T14:11:42+00:00\",\"breadcrumb\":{\"@id\":\"https:\\\/\\\/maxnext.io\\\/fr\\\/blog\\\/#breadcrumb\"},\"inLanguage\":\"fr-FR\",\"potentialAction\":[{\"@type\":\"ReadAction\",\"target\":[\"https:\\\/\\\/maxnext.io\\\/fr\\\/blog\\\/\"]}]},{\"@type\":\"ImageObject\",\"inLanguage\":\"fr-FR\",\"@id\":\"https:\\\/\\\/maxnext.io\\\/fr\\\/blog\\\/#primaryimage\",\"url\":\"https:\\\/\\\/maxnext.io\\\/wp-content\\\/uploads\\\/industry-4747053_1280.jpg\",\"contentUrl\":\"https:\\\/\\\/maxnext.io\\\/wp-content\\\/uploads\\\/industry-4747053_1280.jpg\"},{\"@type\":\"BreadcrumbList\",\"@id\":\"https:\\\/\\\/maxnext.io\\\/fr\\\/blog\\\/#breadcrumb\",\"itemListElement\":[{\"@type\":\"ListItem\",\"position\":1,\"name\":\"Home\",\"item\":\"https:\\\/\\\/maxnext.io\\\/fr\\\/\"},{\"@type\":\"ListItem\",\"position\":2,\"name\":\"Blog\"}]},{\"@type\":\"WebSite\",\"@id\":\"https:\\\/\\\/maxnext.io\\\/fr\\\/#website\",\"url\":\"https:\\\/\\\/maxnext.io\\\/fr\\\/\",\"name\":\"maxnext GmbH \u2013 Spritzguss, Blasformen &amp; Werkzeugbau | Sofort-Preis &amp; bis zu 65% g\u00fcnstiger\",\"description\":\"Freie Kapazit\u00e4ten nutzen, Produktion nach DIN \u2013 pr\u00e4zise, schnell und deutlich g\u00fcnstiger.\",\"publisher\":{\"@id\":\"https:\\\/\\\/maxnext.io\\\/fr\\\/#organization\"},\"potentialAction\":[{\"@type\":\"SearchAction\",\"target\":{\"@type\":\"EntryPoint\",\"urlTemplate\":\"https:\\\/\\\/maxnext.io\\\/fr\\\/?s={search_term_string}\"},\"query-input\":{\"@type\":\"PropertyValueSpecification\",\"valueRequired\":true,\"valueName\":\"search_term_string\"}}],\"inLanguage\":\"fr-FR\"},{\"@type\":\"Organization\",\"@id\":\"https:\\\/\\\/maxnext.io\\\/fr\\\/#organization\",\"name\":\"maxnext GmbH \u2013 Spritzguss, Blasformen &amp; Werkzeugbau | Sofort-Preis &amp; bis zu 65% g\u00fcnstiger\",\"url\":\"https:\\\/\\\/maxnext.io\\\/fr\\\/\",\"logo\":{\"@type\":\"ImageObject\",\"inLanguage\":\"fr-FR\",\"@id\":\"https:\\\/\\\/maxnext.io\\\/fr\\\/#\\\/schema\\\/logo\\\/image\\\/\",\"url\":\"https:\\\/\\\/maxnext.io\\\/wp-content\\\/uploads\\\/unnamed.png\",\"contentUrl\":\"https:\\\/\\\/maxnext.io\\\/wp-content\\\/uploads\\\/unnamed.png\",\"width\":350,\"height\":88,\"caption\":\"maxnext GmbH \u2013 Spritzguss, Blasformen &amp; Werkzeugbau | Sofort-Preis &amp; bis zu 65% g\u00fcnstiger\"},\"image\":{\"@id\":\"https:\\\/\\\/maxnext.io\\\/fr\\\/#\\\/schema\\\/logo\\\/image\\\/\"}}]}<\/script>\n<!-- \/ Yoast SEO plugin. -->","yoast_head_json":{"title":"Blog - maxnext GmbH \u2013 Spritzguss, Blasformen &amp; Werkzeugbau | Sofort-Preis &amp; bis zu 65% g\u00fcnstiger","robots":{"index":"index","follow":"follow","max-snippet":"max-snippet:-1","max-image-preview":"max-image-preview:large","max-video-preview":"max-video-preview:-1"},"canonical":"https:\/\/maxnext.io\/fr\/blog\/","og_locale":"fr_FR","og_type":"article","og_title":"Blog - maxnext GmbH \u2013 Spritzguss, Blasformen &amp; Werkzeugbau | Sofort-Preis &amp; bis zu 65% g\u00fcnstiger","og_description":"ACTUALIT\u00c9S FABRICATION NUM\u00c9RIQUE DIN 16901 \u2013 Tol\u00e9rances pour les pi\u00e8ces moul\u00e9es par injection : le guide ultime En savoir plus Moulage par injection et amp; Prototypes au meilleur prix &amp; en un temps record En savoir plus La structure d\u2019un moule d\u2019injection En savoir plus Faire fabriquer des pi\u00e8ces moul\u00e9es par injection En savoir plus [&hellip;]","og_url":"https:\/\/maxnext.io\/fr\/blog\/","og_site_name":"maxnext GmbH \u2013 Spritzguss, Blasformen &amp; Werkzeugbau | Sofort-Preis &amp; bis zu 65% g\u00fcnstiger","article_modified_time":"2024-11-22T14:11:42+00:00","og_image":[{"url":"https:\/\/maxnext.io\/wp-content\/uploads\/industry-4747053_1280.jpg","type":"","width":"","height":""}],"twitter_card":"summary_large_image","twitter_misc":{"Dur\u00e9e de lecture estim\u00e9e":"2 minutes"},"schema":{"@context":"https:\/\/schema.org","@graph":[{"@type":"WebPage","@id":"https:\/\/maxnext.io\/fr\/blog\/","url":"https:\/\/maxnext.io\/fr\/blog\/","name":"Blog - maxnext GmbH \u2013 Spritzguss, Blasformen &amp; Werkzeugbau | Sofort-Preis &amp; bis zu 65% g\u00fcnstiger","isPartOf":{"@id":"https:\/\/maxnext.io\/fr\/#website"},"primaryImageOfPage":{"@id":"https:\/\/maxnext.io\/fr\/blog\/#primaryimage"},"image":{"@id":"https:\/\/maxnext.io\/fr\/blog\/#primaryimage"},"thumbnailUrl":"https:\/\/maxnext.io\/wp-content\/uploads\/industry-4747053_1280.jpg","datePublished":"2022-02-22T15:10:48+00:00","dateModified":"2024-11-22T14:11:42+00:00","breadcrumb":{"@id":"https:\/\/maxnext.io\/fr\/blog\/#breadcrumb"},"inLanguage":"fr-FR","potentialAction":[{"@type":"ReadAction","target":["https:\/\/maxnext.io\/fr\/blog\/"]}]},{"@type":"ImageObject","inLanguage":"fr-FR","@id":"https:\/\/maxnext.io\/fr\/blog\/#primaryimage","url":"https:\/\/maxnext.io\/wp-content\/uploads\/industry-4747053_1280.jpg","contentUrl":"https:\/\/maxnext.io\/wp-content\/uploads\/industry-4747053_1280.jpg"},{"@type":"BreadcrumbList","@id":"https:\/\/maxnext.io\/fr\/blog\/#breadcrumb","itemListElement":[{"@type":"ListItem","position":1,"name":"Home","item":"https:\/\/maxnext.io\/fr\/"},{"@type":"ListItem","position":2,"name":"Blog"}]},{"@type":"WebSite","@id":"https:\/\/maxnext.io\/fr\/#website","url":"https:\/\/maxnext.io\/fr\/","name":"maxnext GmbH \u2013 Spritzguss, Blasformen &amp; Werkzeugbau | Sofort-Preis &amp; bis zu 65% g\u00fcnstiger","description":"Freie Kapazit\u00e4ten nutzen, Produktion nach DIN \u2013 pr\u00e4zise, schnell und deutlich g\u00fcnstiger.","publisher":{"@id":"https:\/\/maxnext.io\/fr\/#organization"},"potentialAction":[{"@type":"SearchAction","target":{"@type":"EntryPoint","urlTemplate":"https:\/\/maxnext.io\/fr\/?s={search_term_string}"},"query-input":{"@type":"PropertyValueSpecification","valueRequired":true,"valueName":"search_term_string"}}],"inLanguage":"fr-FR"},{"@type":"Organization","@id":"https:\/\/maxnext.io\/fr\/#organization","name":"maxnext GmbH \u2013 Spritzguss, Blasformen &amp; Werkzeugbau | Sofort-Preis &amp; bis zu 65% g\u00fcnstiger","url":"https:\/\/maxnext.io\/fr\/","logo":{"@type":"ImageObject","inLanguage":"fr-FR","@id":"https:\/\/maxnext.io\/fr\/#\/schema\/logo\/image\/","url":"https:\/\/maxnext.io\/wp-content\/uploads\/unnamed.png","contentUrl":"https:\/\/maxnext.io\/wp-content\/uploads\/unnamed.png","width":350,"height":88,"caption":"maxnext GmbH \u2013 Spritzguss, Blasformen &amp; Werkzeugbau | Sofort-Preis &amp; bis zu 65% g\u00fcnstiger"},"image":{"@id":"https:\/\/maxnext.io\/fr\/#\/schema\/logo\/image\/"}}]}},"_links":{"self":[{"href":"https:\/\/maxnext.io\/fr\/wp-json\/wp\/v2\/pages\/11172","targetHints":{"allow":["GET"]}}],"collection":[{"href":"https:\/\/maxnext.io\/fr\/wp-json\/wp\/v2\/pages"}],"about":[{"href":"https:\/\/maxnext.io\/fr\/wp-json\/wp\/v2\/types\/page"}],"author":[{"embeddable":true,"href":"https:\/\/maxnext.io\/fr\/wp-json\/wp\/v2\/users\/2"}],"replies":[{"embeddable":true,"href":"https:\/\/maxnext.io\/fr\/wp-json\/wp\/v2\/comments?post=11172"}],"version-history":[{"count":0,"href":"https:\/\/maxnext.io\/fr\/wp-json\/wp\/v2\/pages\/11172\/revisions"}],"wp:attachment":[{"href":"https:\/\/maxnext.io\/fr\/wp-json\/wp\/v2\/media?parent=11172"}],"curies":[{"name":"wp","href":"https:\/\/api.w.org\/{rel}","templated":true}]}}