{"id":11314,"date":"2021-12-28T08:35:00","date_gmt":"2021-12-28T08:35:00","guid":{"rendered":"https:\/\/maxnext.io\/imprimer\/"},"modified":"2026-01-02T16:38:15","modified_gmt":"2026-01-02T16:38:15","slug":"imprimer","status":"publish","type":"page","link":"https:\/\/maxnext.io\/fr\/imprimer\/","title":{"rendered":"imprimer"},"content":{"rendered":"\t\t<div data-elementor-type=\"wp-page\" data-elementor-id=\"11314\" class=\"elementor elementor-11314 elementor-2190\" data-elementor-post-type=\"page\">\n\t\t\t\t\t\t<section class=\"elementor-section elementor-top-section elementor-element elementor-element-e9690db elementor-section-boxed elementor-section-height-default elementor-section-height-default\" data-id=\"e9690db\" data-element_type=\"section\" data-e-type=\"section\">\n\t\t\t\t\t\t<div class=\"elementor-container elementor-column-gap-default\">\n\t\t\t\t\t<div class=\"elementor-column elementor-col-100 elementor-top-column elementor-element elementor-element-05dc74a\" data-id=\"05dc74a\" data-element_type=\"column\" data-e-type=\"column\">\n\t\t\t<div class=\"elementor-widget-wrap elementor-element-populated\">\n\t\t\t\t\t\t<div class=\"elementor-element elementor-element-448f62e elementor-widget elementor-widget-heading\" data-id=\"448f62e\" data-element_type=\"widget\" data-e-type=\"widget\" data-widget_type=\"heading.default\">\n\t\t\t\t\t<h1 class=\"elementor-heading-title elementor-size-default\">Mentions l\u00e9gales de maxnext<\/h1>\t\t\t\t<\/div>\n\t\t\t\t<div class=\"elementor-element elementor-element-d14aab5 elementor-widget elementor-widget-text-editor\" data-id=\"d14aab5\" data-element_type=\"widget\" data-e-type=\"widget\" data-widget_type=\"text-editor.default\">\n\t\t\t\t\t\t\t\t\t<div><div><div><div><div><h2 data-fontsize=\"25\" data-lineheight=\"48px\">Informations selon le \u00a7 5 TMG :<\/h2><div><strong>maxnext GmbH <\/strong><br \/>Daimlerstrasse 7<br \/>72285 Pfalzgrafenweiler<br \/>GERMANY<\/div><div>\u00a0<\/div><p><b>maxnext GmbH<\/b><\/p><p>Rue des Lilas 8<br \/>91126 Rednitzhembach<\/p><p>Directeur g\u00e9n\u00e9ral : Armin Klepsch<\/p><p><span style=\"font-family: Roboto, sans-serif; font-style: normal;\">Une marque de :<\/span><a style=\"font-style: normal; font-family: Roboto, sans-serif;\" href=\"https:\/\/www.formenbau-spritzguss.de\/\">KSE Kunststoff<\/a><\/p><p>Registre du commerce\u00a0: HRB 40855<\/p><p>Tribunal d\u2019instance\u00a0: Tribunal local de Nuremberg<\/p><p>VAT-ID: DE359087781<\/p><h2 data-fontsize=\"25\" data-lineheight=\"48px\">Contact:<\/h2><table><tbody><tr><td>T\u00e9l\u00e9phone :<\/td><td>+49 (0) 911 \/ 21 65 05 63<\/td><\/tr><tr><td>E-Mail:<\/td><td><a href=\"mailto:hi@maxnext.de\">hi@maxnext.de<\/a><\/td><\/tr><\/tbody><\/table><p>Source : <a title=\"https:\/\/www.e-recht24.de\" href=\"https:\/\/www.e-recht24.de\/\"><em>https:\/\/www.e-recht24.de<\/em><\/a><\/p><p>Conception de sites Web et amp; Strat\u00e9gie marketing : <a href=\"https:\/\/www.neukunden-erobern.de\/\">CONQU\u00c9RIR DE NOUVEAUX CLIENTS Agence de publicit\u00e9<\/a><\/p><\/div><div>\u00a0<\/div><div>\u00a0<\/div><div>\u00a0<\/div><div><h3 data-fontsize=\"20\" data-lineheight=\"24px\">Contactez-nous:<\/h3><\/div><div>\u00a0<\/div><\/div><\/div><div><div><div>\u00a0<\/div><\/div><\/div><\/div><\/div><div><div><div><div><div><p><strong>Responsabilit\u00e9 du contenu<\/strong><\/p><p>En tant que prestataire de services, nous sommes responsables de notre propre contenu sur ces pages conform\u00e9ment aux lois g\u00e9n\u00e9rales conform\u00e9ment \u00e0 l&#8217;article 7, paragraphe 1, du TMG. Toutefois, conform\u00e9ment aux articles 8 \u00e0 10 TMG, en tant que prestataire de services, nous ne sommes pas oblig\u00e9s de surveiller les informations de tiers transmises ou stock\u00e9es ni d&#8217;enqu\u00eater sur les circonstances indiquant une activit\u00e9 ill\u00e9gale. Les obligations de supprimer ou de bloquer l&#8217;utilisation des informations conform\u00e9ment au droit g\u00e9n\u00e9ral restent inchang\u00e9es. Toutefois, la responsabilit\u00e9 \u00e0 cet \u00e9gard n&#8217;est possible qu&#8217;\u00e0 partir du moment o\u00f9 l&#8217;on a connaissance d&#8217;une violation concr\u00e8te de la loi. Si nous avons connaissance d&#8217;une violation de la loi correspondante, nous supprimerons imm\u00e9diatement ce contenu.<\/p><p><strong>Responsabilit\u00e9 pour les liens<\/strong><\/p><p>Notre offre contient des liens vers des sites Internet de tiers externes sur le contenu desquels nous n&#8217;avons aucune influence. Nous ne pouvons donc assumer aucune responsabilit\u00e9 pour ce contenu externe. Le fournisseur ou l&#8217;exploitant respectif des pages est toujours responsable du contenu des pages li\u00e9es. Les pages li\u00e9es ont \u00e9t\u00e9 v\u00e9rifi\u00e9es au moment de la cr\u00e9ation du lien pour d\u00e9tecter d&#8217;\u00e9ventuelles violations de la loi. Aucun contenu ill\u00e9gal n&#8217;\u00e9tait apparent au moment de la cr\u00e9ation du lien. Un contr\u00f4le permanent du contenu des pages li\u00e9es n&#8217;est toutefois pas raisonnable sans preuves concr\u00e8tes d&#8217;une violation de la loi. Si nous avons connaissance de violations de la loi, nous supprimerons imm\u00e9diatement ces liens.<\/p><p><strong>droit d&#8217;auteur<\/strong><\/p><p>Le contenu et les \u0153uvres de ces pages cr\u00e9\u00e9es par les exploitants du site sont soumis \u00e0 la loi allemande sur le droit d&#8217;auteur. La reproduction, le traitement, la distribution et toute forme d&#8217;exploitation en dehors des limites du droit d&#8217;auteur n\u00e9cessitent l&#8217;accord \u00e9crit de l&#8217;auteur ou du cr\u00e9ateur respectif. Les t\u00e9l\u00e9chargements et les copies de cette page ne sont autoris\u00e9s que pour un usage priv\u00e9 et non commercial. Si le contenu de ce site n&#8217;a pas \u00e9t\u00e9 cr\u00e9\u00e9 par l&#8217;op\u00e9rateur, les droits d&#8217;auteur des tiers sont respect\u00e9s. Les contenus de tiers sont notamment marqu\u00e9s comme tels. Si vous constatez n\u00e9anmoins une violation du droit d&#8217;auteur, nous vous demandons de nous en informer. Si nous avons connaissance de violations de la loi, nous supprimerons imm\u00e9diatement ce contenu.<\/p><p>Les r\u00e8gles professionnelles suivantes s&#8217;appliquent :<br \/>Les r\u00e8glements peuvent \u00eatre consult\u00e9s sous : Responsabilit\u00e9 relative au contenu<\/p><p>Le contenu de nos pages a \u00e9t\u00e9 cr\u00e9\u00e9 avec le plus grand soin. Nous ne pouvons toutefois pas garantir que le contenu soit correct, complet ou \u00e0 jour. En tant que prestataire de services, nous sommes responsables de notre propre contenu sur ces pages conform\u00e9ment aux lois g\u00e9n\u00e9rales conform\u00e9ment \u00e0 l&#8217;article 7, paragraphe 1, du TMG. Toutefois, conform\u00e9ment aux articles 8 \u00e0 10 TMG, en tant que prestataire de services, nous ne sommes pas oblig\u00e9s de surveiller les informations de tiers transmises ou stock\u00e9es ni d&#8217;enqu\u00eater sur les circonstances indiquant une activit\u00e9 ill\u00e9gale. Les obligations de supprimer ou de bloquer l&#8217;utilisation des informations conform\u00e9ment au droit g\u00e9n\u00e9ral restent inchang\u00e9es. Toutefois, la responsabilit\u00e9 \u00e0 cet \u00e9gard n&#8217;est possible qu&#8217;\u00e0 partir du moment o\u00f9 l&#8217;on a connaissance d&#8217;une violation concr\u00e8te de la loi. Si nous avons connaissance d&#8217;infractions l\u00e9gales correspondantes, nous supprimerons imm\u00e9diatement ce contenu. Responsabilit\u00e9 pour les liens Notre offre contient des liens vers des sites Web externes de tiers sur le contenu desquels nous n&#8217;avons aucune influence. Nous ne pouvons donc assumer aucune responsabilit\u00e9 pour ce contenu externe. Le fournisseur ou l&#8217;exploitant respectif des pages est toujours responsable du contenu des pages li\u00e9es. Les pages li\u00e9es ont \u00e9t\u00e9 v\u00e9rifi\u00e9es au moment de la cr\u00e9ation du lien pour d\u00e9tecter d&#8217;\u00e9ventuelles violations de la loi. Aucun contenu ill\u00e9gal n&#8217;\u00e9tait apparent au moment de la cr\u00e9ation du lien. Un contr\u00f4le permanent du contenu des pages li\u00e9es n&#8217;est toutefois pas raisonnable sans preuves concr\u00e8tes d&#8217;une violation de la loi. Si nous avons connaissance de violations de la loi, nous supprimerons imm\u00e9diatement ces liens.<\/p><\/div><div>\u00a0<\/div><div>\u00a0<\/div><div>\u00a0<\/div><div><p>Photos : pixabay.de<\/p><\/div><\/div><\/div><\/div><\/div>\t\t\t\t\t\t\t\t<\/div>\n\t\t\t\t\t<\/div>\n\t\t<\/div>\n\t\t\t\t\t<\/div>\n\t\t<\/section>\n\t\t\t\t<\/div>\n\t\t","protected":false},"excerpt":{"rendered":"<p>Mentions l\u00e9gales de maxnext Informations selon le \u00a7 5 TMG : maxnext GmbH Daimlerstrasse 772285 PfalzgrafenweilerGERMANY\u00a0 maxnext GmbH Rue des Lilas 891126 Rednitzhembach Directeur g\u00e9n\u00e9ral : Armin Klepsch Une marque de :KSE Kunststoff Registre du commerce\u00a0: HRB 40855 Tribunal d\u2019instance\u00a0: Tribunal local de Nuremberg VAT-ID: DE359087781 Contact: T\u00e9l\u00e9phone : +49 (0) 911 \/ 21 65 [&hellip;]<\/p>\n","protected":false},"author":2,"featured_media":0,"parent":0,"menu_order":0,"comment_status":"closed","ping_status":"closed","template":"elementor_header_footer","meta":{"footnotes":""},"class_list":["post-11314","page","type-page","status-publish","hentry"],"yoast_head":"<!-- This site is optimized with the Yoast SEO plugin v27.3 - https:\/\/yoast.com\/product\/yoast-seo-wordpress\/ -->\n<title>imprimer - maxnext GmbH \u2013 Spritzguss, Blasformen &amp; Werkzeugbau | Sofort-Preis &amp; bis zu 65% g\u00fcnstiger<\/title>\n<meta name=\"robots\" content=\"index, follow, max-snippet:-1, max-image-preview:large, max-video-preview:-1\" \/>\n<link rel=\"canonical\" href=\"https:\/\/maxnext.io\/fr\/imprimer\/\" \/>\n<meta property=\"og:locale\" content=\"fr_FR\" \/>\n<meta property=\"og:type\" content=\"article\" \/>\n<meta property=\"og:title\" content=\"imprimer - maxnext GmbH \u2013 Spritzguss, Blasformen &amp; Werkzeugbau | Sofort-Preis &amp; bis zu 65% g\u00fcnstiger\" \/>\n<meta property=\"og:description\" content=\"Mentions l\u00e9gales de maxnext Informations selon le \u00a7 5 TMG : maxnext GmbH Daimlerstrasse 772285 PfalzgrafenweilerGERMANY\u00a0 maxnext GmbH Rue des Lilas 891126 Rednitzhembach Directeur g\u00e9n\u00e9ral : Armin Klepsch Une marque de :KSE Kunststoff Registre du commerce\u00a0: HRB 40855 Tribunal d\u2019instance\u00a0: Tribunal local de Nuremberg VAT-ID: DE359087781 Contact: T\u00e9l\u00e9phone : +49 (0) 911 \/ 21 65 [&hellip;]\" \/>\n<meta property=\"og:url\" content=\"https:\/\/maxnext.io\/fr\/imprimer\/\" \/>\n<meta property=\"og:site_name\" content=\"maxnext GmbH \u2013 Spritzguss, Blasformen &amp; Werkzeugbau | Sofort-Preis &amp; bis zu 65% g\u00fcnstiger\" \/>\n<meta property=\"article:modified_time\" content=\"2026-01-02T16:38:15+00:00\" \/>\n<meta name=\"twitter:card\" content=\"summary_large_image\" \/>\n<meta name=\"twitter:label1\" content=\"Dur\u00e9e de lecture estim\u00e9e\" \/>\n\t<meta name=\"twitter:data1\" content=\"4 minutes\" \/>\n<script type=\"application\/ld+json\" class=\"yoast-schema-graph\">{\"@context\":\"https:\\\/\\\/schema.org\",\"@graph\":[{\"@type\":\"WebPage\",\"@id\":\"https:\\\/\\\/maxnext.io\\\/fr\\\/imprimer\\\/\",\"url\":\"https:\\\/\\\/maxnext.io\\\/fr\\\/imprimer\\\/\",\"name\":\"imprimer - maxnext GmbH \u2013 Spritzguss, Blasformen &amp; Werkzeugbau | Sofort-Preis &amp; bis zu 65% g\u00fcnstiger\",\"isPartOf\":{\"@id\":\"https:\\\/\\\/maxnext.io\\\/fr\\\/#website\"},\"datePublished\":\"2021-12-28T08:35:00+00:00\",\"dateModified\":\"2026-01-02T16:38:15+00:00\",\"breadcrumb\":{\"@id\":\"https:\\\/\\\/maxnext.io\\\/fr\\\/imprimer\\\/#breadcrumb\"},\"inLanguage\":\"fr-FR\",\"potentialAction\":[{\"@type\":\"ReadAction\",\"target\":[\"https:\\\/\\\/maxnext.io\\\/fr\\\/imprimer\\\/\"]}]},{\"@type\":\"BreadcrumbList\",\"@id\":\"https:\\\/\\\/maxnext.io\\\/fr\\\/imprimer\\\/#breadcrumb\",\"itemListElement\":[{\"@type\":\"ListItem\",\"position\":1,\"name\":\"Home\",\"item\":\"https:\\\/\\\/maxnext.io\\\/fr\\\/\"},{\"@type\":\"ListItem\",\"position\":2,\"name\":\"imprimer\"}]},{\"@type\":\"WebSite\",\"@id\":\"https:\\\/\\\/maxnext.io\\\/fr\\\/#website\",\"url\":\"https:\\\/\\\/maxnext.io\\\/fr\\\/\",\"name\":\"maxnext GmbH \u2013 Spritzguss, Blasformen &amp; Werkzeugbau | Sofort-Preis &amp; bis zu 65% g\u00fcnstiger\",\"description\":\"Freie Kapazit\u00e4ten nutzen, Produktion nach DIN \u2013 pr\u00e4zise, schnell und deutlich g\u00fcnstiger.\",\"publisher\":{\"@id\":\"https:\\\/\\\/maxnext.io\\\/fr\\\/#organization\"},\"potentialAction\":[{\"@type\":\"SearchAction\",\"target\":{\"@type\":\"EntryPoint\",\"urlTemplate\":\"https:\\\/\\\/maxnext.io\\\/fr\\\/?s={search_term_string}\"},\"query-input\":{\"@type\":\"PropertyValueSpecification\",\"valueRequired\":true,\"valueName\":\"search_term_string\"}}],\"inLanguage\":\"fr-FR\"},{\"@type\":\"Organization\",\"@id\":\"https:\\\/\\\/maxnext.io\\\/fr\\\/#organization\",\"name\":\"maxnext GmbH \u2013 Spritzguss, Blasformen &amp; Werkzeugbau | Sofort-Preis &amp; bis zu 65% g\u00fcnstiger\",\"url\":\"https:\\\/\\\/maxnext.io\\\/fr\\\/\",\"logo\":{\"@type\":\"ImageObject\",\"inLanguage\":\"fr-FR\",\"@id\":\"https:\\\/\\\/maxnext.io\\\/fr\\\/#\\\/schema\\\/logo\\\/image\\\/\",\"url\":\"https:\\\/\\\/maxnext.io\\\/wp-content\\\/uploads\\\/unnamed.png\",\"contentUrl\":\"https:\\\/\\\/maxnext.io\\\/wp-content\\\/uploads\\\/unnamed.png\",\"width\":350,\"height\":88,\"caption\":\"maxnext GmbH \u2013 Spritzguss, Blasformen &amp; Werkzeugbau | Sofort-Preis &amp; bis zu 65% g\u00fcnstiger\"},\"image\":{\"@id\":\"https:\\\/\\\/maxnext.io\\\/fr\\\/#\\\/schema\\\/logo\\\/image\\\/\"}}]}<\/script>\n<!-- \/ Yoast SEO plugin. -->","yoast_head_json":{"title":"imprimer - maxnext GmbH \u2013 Spritzguss, Blasformen &amp; Werkzeugbau | Sofort-Preis &amp; bis zu 65% g\u00fcnstiger","robots":{"index":"index","follow":"follow","max-snippet":"max-snippet:-1","max-image-preview":"max-image-preview:large","max-video-preview":"max-video-preview:-1"},"canonical":"https:\/\/maxnext.io\/fr\/imprimer\/","og_locale":"fr_FR","og_type":"article","og_title":"imprimer - maxnext GmbH \u2013 Spritzguss, Blasformen &amp; Werkzeugbau | Sofort-Preis &amp; bis zu 65% g\u00fcnstiger","og_description":"Mentions l\u00e9gales de maxnext Informations selon le \u00a7 5 TMG : maxnext GmbH Daimlerstrasse 772285 PfalzgrafenweilerGERMANY\u00a0 maxnext GmbH Rue des Lilas 891126 Rednitzhembach Directeur g\u00e9n\u00e9ral : Armin Klepsch Une marque de :KSE Kunststoff Registre du commerce\u00a0: HRB 40855 Tribunal d\u2019instance\u00a0: Tribunal local de Nuremberg VAT-ID: DE359087781 Contact: T\u00e9l\u00e9phone : +49 (0) 911 \/ 21 65 [&hellip;]","og_url":"https:\/\/maxnext.io\/fr\/imprimer\/","og_site_name":"maxnext GmbH \u2013 Spritzguss, Blasformen &amp; Werkzeugbau | Sofort-Preis &amp; bis zu 65% g\u00fcnstiger","article_modified_time":"2026-01-02T16:38:15+00:00","twitter_card":"summary_large_image","twitter_misc":{"Dur\u00e9e de lecture estim\u00e9e":"4 minutes"},"schema":{"@context":"https:\/\/schema.org","@graph":[{"@type":"WebPage","@id":"https:\/\/maxnext.io\/fr\/imprimer\/","url":"https:\/\/maxnext.io\/fr\/imprimer\/","name":"imprimer - maxnext GmbH \u2013 Spritzguss, Blasformen &amp; Werkzeugbau | Sofort-Preis &amp; bis zu 65% g\u00fcnstiger","isPartOf":{"@id":"https:\/\/maxnext.io\/fr\/#website"},"datePublished":"2021-12-28T08:35:00+00:00","dateModified":"2026-01-02T16:38:15+00:00","breadcrumb":{"@id":"https:\/\/maxnext.io\/fr\/imprimer\/#breadcrumb"},"inLanguage":"fr-FR","potentialAction":[{"@type":"ReadAction","target":["https:\/\/maxnext.io\/fr\/imprimer\/"]}]},{"@type":"BreadcrumbList","@id":"https:\/\/maxnext.io\/fr\/imprimer\/#breadcrumb","itemListElement":[{"@type":"ListItem","position":1,"name":"Home","item":"https:\/\/maxnext.io\/fr\/"},{"@type":"ListItem","position":2,"name":"imprimer"}]},{"@type":"WebSite","@id":"https:\/\/maxnext.io\/fr\/#website","url":"https:\/\/maxnext.io\/fr\/","name":"maxnext GmbH \u2013 Spritzguss, Blasformen &amp; Werkzeugbau | Sofort-Preis &amp; bis zu 65% g\u00fcnstiger","description":"Freie Kapazit\u00e4ten nutzen, Produktion nach DIN \u2013 pr\u00e4zise, schnell und deutlich g\u00fcnstiger.","publisher":{"@id":"https:\/\/maxnext.io\/fr\/#organization"},"potentialAction":[{"@type":"SearchAction","target":{"@type":"EntryPoint","urlTemplate":"https:\/\/maxnext.io\/fr\/?s={search_term_string}"},"query-input":{"@type":"PropertyValueSpecification","valueRequired":true,"valueName":"search_term_string"}}],"inLanguage":"fr-FR"},{"@type":"Organization","@id":"https:\/\/maxnext.io\/fr\/#organization","name":"maxnext GmbH \u2013 Spritzguss, Blasformen &amp; Werkzeugbau | Sofort-Preis &amp; bis zu 65% g\u00fcnstiger","url":"https:\/\/maxnext.io\/fr\/","logo":{"@type":"ImageObject","inLanguage":"fr-FR","@id":"https:\/\/maxnext.io\/fr\/#\/schema\/logo\/image\/","url":"https:\/\/maxnext.io\/wp-content\/uploads\/unnamed.png","contentUrl":"https:\/\/maxnext.io\/wp-content\/uploads\/unnamed.png","width":350,"height":88,"caption":"maxnext GmbH \u2013 Spritzguss, Blasformen &amp; Werkzeugbau | Sofort-Preis &amp; bis zu 65% g\u00fcnstiger"},"image":{"@id":"https:\/\/maxnext.io\/fr\/#\/schema\/logo\/image\/"}}]}},"_links":{"self":[{"href":"https:\/\/maxnext.io\/fr\/wp-json\/wp\/v2\/pages\/11314","targetHints":{"allow":["GET"]}}],"collection":[{"href":"https:\/\/maxnext.io\/fr\/wp-json\/wp\/v2\/pages"}],"about":[{"href":"https:\/\/maxnext.io\/fr\/wp-json\/wp\/v2\/types\/page"}],"author":[{"embeddable":true,"href":"https:\/\/maxnext.io\/fr\/wp-json\/wp\/v2\/users\/2"}],"replies":[{"embeddable":true,"href":"https:\/\/maxnext.io\/fr\/wp-json\/wp\/v2\/comments?post=11314"}],"version-history":[{"count":0,"href":"https:\/\/maxnext.io\/fr\/wp-json\/wp\/v2\/pages\/11314\/revisions"}],"wp:attachment":[{"href":"https:\/\/maxnext.io\/fr\/wp-json\/wp\/v2\/media?parent=11314"}],"curies":[{"name":"wp","href":"https:\/\/api.w.org\/{rel}","templated":true}]}}