{"id":11325,"date":"2022-04-20T16:37:08","date_gmt":"2022-04-20T16:37:08","guid":{"rendered":"https:\/\/maxnext.io\/devenez-partenaire\/"},"modified":"2024-11-11T08:26:48","modified_gmt":"2024-11-11T08:26:48","slug":"devenez-partenaire","status":"publish","type":"page","link":"https:\/\/maxnext.io\/fr\/devenez-partenaire\/","title":{"rendered":"Devenez partenaire"},"content":{"rendered":"\t\t<div data-elementor-type=\"wp-page\" data-elementor-id=\"11325\" class=\"elementor elementor-11325 elementor-7049\" data-elementor-post-type=\"page\">\n\t\t\t\t\t\t<section class=\"elementor-section elementor-top-section elementor-element elementor-element-4db2f679 elementor-section-boxed elementor-section-height-default elementor-section-height-default\" data-id=\"4db2f679\" data-element_type=\"section\" data-e-type=\"section\">\n\t\t\t\t\t\t<div class=\"elementor-container elementor-column-gap-default\">\n\t\t\t\t\t<div class=\"elementor-column elementor-col-50 elementor-top-column elementor-element elementor-element-297cd84f\" data-id=\"297cd84f\" data-element_type=\"column\" data-e-type=\"column\">\n\t\t\t<div class=\"elementor-widget-wrap elementor-element-populated\">\n\t\t\t\t\t\t<div class=\"elementor-element elementor-element-7e899a22 elementor-widget elementor-widget-heading\" data-id=\"7e899a22\" data-element_type=\"widget\" data-e-type=\"widget\" data-widget_type=\"heading.default\">\n\t\t\t\t\t<h1 class=\"elementor-heading-title elementor-size-default\">\u00c0 la recherche de nouveaux d\u00e9fis ? <\/h1>\t\t\t\t<\/div>\n\t\t\t\t<div class=\"elementor-element elementor-element-140f222a elementor-widget elementor-widget-text-editor\" data-id=\"140f222a\" data-element_type=\"widget\" data-e-type=\"widget\" data-widget_type=\"text-editor.default\">\n\t\t\t\t\t\t\t\t\t<p>Produisez-vous des composants de haute qualit\u00e9 pour des applications techniques ? Parfait! Nous avons besoin de soutien !   <\/p>\n<p>\u00c9crivez-nous vos USP et nous vous r\u00e9pondrons dans les plus brefs d\u00e9lais concernant une \u00e9ventuelle coop\u00e9ration.<\/p>\n\t\t\t\t\t\t\t\t<\/div>\n\t\t\t\t<div class=\"elementor-element elementor-element-1abd000 elementor-widget elementor-widget-button\" data-id=\"1abd000\" data-element_type=\"widget\" data-e-type=\"widget\" data-widget_type=\"button.default\">\n\t\t\t\t\t\t\t\t\t\t<a class=\"elementor-button elementor-button-link elementor-size-sm\" href=\"mailto:einkauf@maxnext.de\">\n\t\t\t\t\t\t<span class=\"elementor-button-content-wrapper\">\n\t\t\t\t\t\t\t\t\t<span class=\"elementor-button-text\">Commencez la coop\u00e9ration maintenant !<\/span>\n\t\t\t\t\t<\/span>\n\t\t\t\t\t<\/a>\n\t\t\t\t\t\t\t\t<\/div>\n\t\t\t\t\t<\/div>\n\t\t<\/div>\n\t\t\t\t<div class=\"elementor-column elementor-col-50 elementor-top-column elementor-element elementor-element-4d311029\" data-id=\"4d311029\" data-element_type=\"column\" data-e-type=\"column\">\n\t\t\t<div class=\"elementor-widget-wrap elementor-element-populated\">\n\t\t\t\t\t\t<div class=\"elementor-element elementor-element-147395a7 elementor-widget elementor-widget-image\" data-id=\"147395a7\" data-element_type=\"widget\" data-e-type=\"widget\" data-widget_type=\"image.default\">\n\t\t\t\t\t\t\t\t\t\t\t\t\t\t\t<img decoding=\"async\" width=\"900\" height=\"689\" src=\"https:\/\/maxnext.io\/wp-content\/uploads\/2022\/01\/fertigungshalle.jpg\" class=\"attachment-full size-full wp-image-10822\" alt=\"\" srcset=\"https:\/\/maxnext.io\/wp-content\/uploads\/2022\/01\/fertigungshalle.jpg 900w, https:\/\/maxnext.io\/wp-content\/uploads\/2022\/01\/fertigungshalle-300x230.jpg 300w, https:\/\/maxnext.io\/wp-content\/uploads\/2022\/01\/fertigungshalle-768x588.jpg 768w\" sizes=\"(max-width: 900px) 100vw, 900px\" \/>\t\t\t\t\t\t\t\t\t\t\t\t\t\t\t<\/div>\n\t\t\t\t\t<\/div>\n\t\t<\/div>\n\t\t\t\t\t<\/div>\n\t\t<\/section>\n\t\t\t\t<section class=\"elementor-section elementor-top-section elementor-element elementor-element-29f44fa elementor-section-boxed elementor-section-height-default elementor-section-height-default\" data-id=\"29f44fa\" data-element_type=\"section\" data-e-type=\"section\">\n\t\t\t\t\t\t<div class=\"elementor-container elementor-column-gap-default\">\n\t\t\t\t\t<div class=\"elementor-column elementor-col-100 elementor-top-column elementor-element elementor-element-a5b060e\" data-id=\"a5b060e\" data-element_type=\"column\" data-e-type=\"column\">\n\t\t\t<div class=\"elementor-widget-wrap\">\n\t\t\t\t\t\t\t<\/div>\n\t\t<\/div>\n\t\t\t\t\t<\/div>\n\t\t<\/section>\n\t\t\t\t<\/div>\n\t\t","protected":false},"excerpt":{"rendered":"<p>\u00c0 la recherche de nouveaux d\u00e9fis ? Produisez-vous des composants de haute qualit\u00e9 pour des applications techniques ? Parfait! Nous avons besoin de soutien ! \u00c9crivez-nous vos USP et nous vous r\u00e9pondrons dans les plus brefs d\u00e9lais concernant une \u00e9ventuelle coop\u00e9ration. Commencez la coop\u00e9ration maintenant !<\/p>\n","protected":false},"author":2,"featured_media":0,"parent":0,"menu_order":0,"comment_status":"closed","ping_status":"closed","template":"elementor_header_footer","meta":{"footnotes":""},"class_list":["post-11325","page","type-page","status-publish","hentry"],"yoast_head":"<!-- This site is optimized with the Yoast SEO plugin v27.4 - https:\/\/yoast.com\/product\/yoast-seo-wordpress\/ -->\n<title>Devenez partenaire - maxnext GmbH \u2013 Spritzguss, Blasformen &amp; Werkzeugbau | Sofort-Preis &amp; bis zu 65% g\u00fcnstiger<\/title>\n<meta name=\"robots\" content=\"index, follow, max-snippet:-1, max-image-preview:large, max-video-preview:-1\" \/>\n<link rel=\"canonical\" href=\"https:\/\/maxnext.io\/fr\/devenez-partenaire\/\" \/>\n<meta property=\"og:locale\" content=\"fr_FR\" \/>\n<meta property=\"og:type\" content=\"article\" \/>\n<meta property=\"og:title\" content=\"Devenez partenaire - maxnext GmbH \u2013 Spritzguss, Blasformen &amp; Werkzeugbau | Sofort-Preis &amp; bis zu 65% g\u00fcnstiger\" \/>\n<meta property=\"og:description\" content=\"\u00c0 la recherche de nouveaux d\u00e9fis ? Produisez-vous des composants de haute qualit\u00e9 pour des applications techniques ? Parfait! Nous avons besoin de soutien ! \u00c9crivez-nous vos USP et nous vous r\u00e9pondrons dans les plus brefs d\u00e9lais concernant une \u00e9ventuelle coop\u00e9ration. Commencez la coop\u00e9ration maintenant !\" \/>\n<meta property=\"og:url\" content=\"https:\/\/maxnext.io\/fr\/devenez-partenaire\/\" \/>\n<meta property=\"og:site_name\" content=\"maxnext GmbH \u2013 Spritzguss, Blasformen &amp; Werkzeugbau | Sofort-Preis &amp; bis zu 65% g\u00fcnstiger\" \/>\n<meta property=\"article:modified_time\" content=\"2024-11-11T08:26:48+00:00\" \/>\n<meta property=\"og:image\" content=\"https:\/\/maxnext.io\/wp-content\/uploads\/2022\/01\/fertigungshalle.jpg\" \/>\n<meta name=\"twitter:card\" content=\"summary_large_image\" \/>\n<script type=\"application\/ld+json\" class=\"yoast-schema-graph\">{\"@context\":\"https:\\\/\\\/schema.org\",\"@graph\":[{\"@type\":\"WebPage\",\"@id\":\"https:\\\/\\\/maxnext.io\\\/fr\\\/devenez-partenaire\\\/\",\"url\":\"https:\\\/\\\/maxnext.io\\\/fr\\\/devenez-partenaire\\\/\",\"name\":\"Devenez partenaire - maxnext GmbH \u2013 Spritzguss, Blasformen &amp; Werkzeugbau | Sofort-Preis &amp; bis zu 65% g\u00fcnstiger\",\"isPartOf\":{\"@id\":\"https:\\\/\\\/maxnext.io\\\/fr\\\/#website\"},\"primaryImageOfPage\":{\"@id\":\"https:\\\/\\\/maxnext.io\\\/fr\\\/devenez-partenaire\\\/#primaryimage\"},\"image\":{\"@id\":\"https:\\\/\\\/maxnext.io\\\/fr\\\/devenez-partenaire\\\/#primaryimage\"},\"thumbnailUrl\":\"https:\\\/\\\/maxnext.io\\\/wp-content\\\/uploads\\\/2022\\\/01\\\/fertigungshalle.jpg\",\"datePublished\":\"2022-04-20T16:37:08+00:00\",\"dateModified\":\"2024-11-11T08:26:48+00:00\",\"breadcrumb\":{\"@id\":\"https:\\\/\\\/maxnext.io\\\/fr\\\/devenez-partenaire\\\/#breadcrumb\"},\"inLanguage\":\"fr-FR\",\"potentialAction\":[{\"@type\":\"ReadAction\",\"target\":[\"https:\\\/\\\/maxnext.io\\\/fr\\\/devenez-partenaire\\\/\"]}]},{\"@type\":\"ImageObject\",\"inLanguage\":\"fr-FR\",\"@id\":\"https:\\\/\\\/maxnext.io\\\/fr\\\/devenez-partenaire\\\/#primaryimage\",\"url\":\"https:\\\/\\\/maxnext.io\\\/wp-content\\\/uploads\\\/2022\\\/01\\\/fertigungshalle.jpg\",\"contentUrl\":\"https:\\\/\\\/maxnext.io\\\/wp-content\\\/uploads\\\/2022\\\/01\\\/fertigungshalle.jpg\"},{\"@type\":\"BreadcrumbList\",\"@id\":\"https:\\\/\\\/maxnext.io\\\/fr\\\/devenez-partenaire\\\/#breadcrumb\",\"itemListElement\":[{\"@type\":\"ListItem\",\"position\":1,\"name\":\"Home\",\"item\":\"https:\\\/\\\/maxnext.io\\\/fr\\\/\"},{\"@type\":\"ListItem\",\"position\":2,\"name\":\"Devenez partenaire\"}]},{\"@type\":\"WebSite\",\"@id\":\"https:\\\/\\\/maxnext.io\\\/fr\\\/#website\",\"url\":\"https:\\\/\\\/maxnext.io\\\/fr\\\/\",\"name\":\"maxnext GmbH \u2013 Spritzguss, Blasformen &amp; Werkzeugbau | Sofort-Preis &amp; bis zu 65% g\u00fcnstiger\",\"description\":\"Freie Kapazit\u00e4ten nutzen, Produktion nach DIN \u2013 pr\u00e4zise, schnell und deutlich g\u00fcnstiger.\",\"publisher\":{\"@id\":\"https:\\\/\\\/maxnext.io\\\/fr\\\/#organization\"},\"potentialAction\":[{\"@type\":\"SearchAction\",\"target\":{\"@type\":\"EntryPoint\",\"urlTemplate\":\"https:\\\/\\\/maxnext.io\\\/fr\\\/?s={search_term_string}\"},\"query-input\":{\"@type\":\"PropertyValueSpecification\",\"valueRequired\":true,\"valueName\":\"search_term_string\"}}],\"inLanguage\":\"fr-FR\"},{\"@type\":\"Organization\",\"@id\":\"https:\\\/\\\/maxnext.io\\\/fr\\\/#organization\",\"name\":\"maxnext GmbH \u2013 Spritzguss, Blasformen &amp; Werkzeugbau | Sofort-Preis &amp; bis zu 65% g\u00fcnstiger\",\"url\":\"https:\\\/\\\/maxnext.io\\\/fr\\\/\",\"logo\":{\"@type\":\"ImageObject\",\"inLanguage\":\"fr-FR\",\"@id\":\"https:\\\/\\\/maxnext.io\\\/fr\\\/#\\\/schema\\\/logo\\\/image\\\/\",\"url\":\"https:\\\/\\\/maxnext.io\\\/wp-content\\\/uploads\\\/unnamed.png\",\"contentUrl\":\"https:\\\/\\\/maxnext.io\\\/wp-content\\\/uploads\\\/unnamed.png\",\"width\":350,\"height\":88,\"caption\":\"maxnext GmbH \u2013 Spritzguss, Blasformen &amp; Werkzeugbau | Sofort-Preis &amp; bis zu 65% g\u00fcnstiger\"},\"image\":{\"@id\":\"https:\\\/\\\/maxnext.io\\\/fr\\\/#\\\/schema\\\/logo\\\/image\\\/\"}}]}<\/script>\n<!-- \/ Yoast SEO plugin. -->","yoast_head_json":{"title":"Devenez partenaire - maxnext GmbH \u2013 Spritzguss, Blasformen &amp; Werkzeugbau | Sofort-Preis &amp; bis zu 65% g\u00fcnstiger","robots":{"index":"index","follow":"follow","max-snippet":"max-snippet:-1","max-image-preview":"max-image-preview:large","max-video-preview":"max-video-preview:-1"},"canonical":"https:\/\/maxnext.io\/fr\/devenez-partenaire\/","og_locale":"fr_FR","og_type":"article","og_title":"Devenez partenaire - maxnext GmbH \u2013 Spritzguss, Blasformen &amp; Werkzeugbau | Sofort-Preis &amp; bis zu 65% g\u00fcnstiger","og_description":"\u00c0 la recherche de nouveaux d\u00e9fis ? Produisez-vous des composants de haute qualit\u00e9 pour des applications techniques ? Parfait! Nous avons besoin de soutien ! \u00c9crivez-nous vos USP et nous vous r\u00e9pondrons dans les plus brefs d\u00e9lais concernant une \u00e9ventuelle coop\u00e9ration. Commencez la coop\u00e9ration maintenant !","og_url":"https:\/\/maxnext.io\/fr\/devenez-partenaire\/","og_site_name":"maxnext GmbH \u2013 Spritzguss, Blasformen &amp; Werkzeugbau | Sofort-Preis &amp; bis zu 65% g\u00fcnstiger","article_modified_time":"2024-11-11T08:26:48+00:00","og_image":[{"url":"https:\/\/maxnext.io\/wp-content\/uploads\/2022\/01\/fertigungshalle.jpg","type":"","width":"","height":""}],"twitter_card":"summary_large_image","schema":{"@context":"https:\/\/schema.org","@graph":[{"@type":"WebPage","@id":"https:\/\/maxnext.io\/fr\/devenez-partenaire\/","url":"https:\/\/maxnext.io\/fr\/devenez-partenaire\/","name":"Devenez partenaire - maxnext GmbH \u2013 Spritzguss, Blasformen &amp; Werkzeugbau | Sofort-Preis &amp; bis zu 65% g\u00fcnstiger","isPartOf":{"@id":"https:\/\/maxnext.io\/fr\/#website"},"primaryImageOfPage":{"@id":"https:\/\/maxnext.io\/fr\/devenez-partenaire\/#primaryimage"},"image":{"@id":"https:\/\/maxnext.io\/fr\/devenez-partenaire\/#primaryimage"},"thumbnailUrl":"https:\/\/maxnext.io\/wp-content\/uploads\/2022\/01\/fertigungshalle.jpg","datePublished":"2022-04-20T16:37:08+00:00","dateModified":"2024-11-11T08:26:48+00:00","breadcrumb":{"@id":"https:\/\/maxnext.io\/fr\/devenez-partenaire\/#breadcrumb"},"inLanguage":"fr-FR","potentialAction":[{"@type":"ReadAction","target":["https:\/\/maxnext.io\/fr\/devenez-partenaire\/"]}]},{"@type":"ImageObject","inLanguage":"fr-FR","@id":"https:\/\/maxnext.io\/fr\/devenez-partenaire\/#primaryimage","url":"https:\/\/maxnext.io\/wp-content\/uploads\/2022\/01\/fertigungshalle.jpg","contentUrl":"https:\/\/maxnext.io\/wp-content\/uploads\/2022\/01\/fertigungshalle.jpg"},{"@type":"BreadcrumbList","@id":"https:\/\/maxnext.io\/fr\/devenez-partenaire\/#breadcrumb","itemListElement":[{"@type":"ListItem","position":1,"name":"Home","item":"https:\/\/maxnext.io\/fr\/"},{"@type":"ListItem","position":2,"name":"Devenez partenaire"}]},{"@type":"WebSite","@id":"https:\/\/maxnext.io\/fr\/#website","url":"https:\/\/maxnext.io\/fr\/","name":"maxnext GmbH \u2013 Spritzguss, Blasformen &amp; Werkzeugbau | Sofort-Preis &amp; bis zu 65% g\u00fcnstiger","description":"Freie Kapazit\u00e4ten nutzen, Produktion nach DIN \u2013 pr\u00e4zise, schnell und deutlich g\u00fcnstiger.","publisher":{"@id":"https:\/\/maxnext.io\/fr\/#organization"},"potentialAction":[{"@type":"SearchAction","target":{"@type":"EntryPoint","urlTemplate":"https:\/\/maxnext.io\/fr\/?s={search_term_string}"},"query-input":{"@type":"PropertyValueSpecification","valueRequired":true,"valueName":"search_term_string"}}],"inLanguage":"fr-FR"},{"@type":"Organization","@id":"https:\/\/maxnext.io\/fr\/#organization","name":"maxnext GmbH \u2013 Spritzguss, Blasformen &amp; Werkzeugbau | Sofort-Preis &amp; bis zu 65% g\u00fcnstiger","url":"https:\/\/maxnext.io\/fr\/","logo":{"@type":"ImageObject","inLanguage":"fr-FR","@id":"https:\/\/maxnext.io\/fr\/#\/schema\/logo\/image\/","url":"https:\/\/maxnext.io\/wp-content\/uploads\/unnamed.png","contentUrl":"https:\/\/maxnext.io\/wp-content\/uploads\/unnamed.png","width":350,"height":88,"caption":"maxnext GmbH \u2013 Spritzguss, Blasformen &amp; Werkzeugbau | Sofort-Preis &amp; bis zu 65% g\u00fcnstiger"},"image":{"@id":"https:\/\/maxnext.io\/fr\/#\/schema\/logo\/image\/"}}]}},"_links":{"self":[{"href":"https:\/\/maxnext.io\/fr\/wp-json\/wp\/v2\/pages\/11325","targetHints":{"allow":["GET"]}}],"collection":[{"href":"https:\/\/maxnext.io\/fr\/wp-json\/wp\/v2\/pages"}],"about":[{"href":"https:\/\/maxnext.io\/fr\/wp-json\/wp\/v2\/types\/page"}],"author":[{"embeddable":true,"href":"https:\/\/maxnext.io\/fr\/wp-json\/wp\/v2\/users\/2"}],"replies":[{"embeddable":true,"href":"https:\/\/maxnext.io\/fr\/wp-json\/wp\/v2\/comments?post=11325"}],"version-history":[{"count":0,"href":"https:\/\/maxnext.io\/fr\/wp-json\/wp\/v2\/pages\/11325\/revisions"}],"wp:attachment":[{"href":"https:\/\/maxnext.io\/fr\/wp-json\/wp\/v2\/media?parent=11325"}],"curies":[{"name":"wp","href":"https:\/\/api.w.org\/{rel}","templated":true}]}}