{"id":23141,"date":"2022-06-07T16:49:57","date_gmt":"2022-06-07T16:49:57","guid":{"rendered":"https:\/\/maxnext.io\/merci-pour-le-telechargement\/"},"modified":"2025-12-02T13:12:51","modified_gmt":"2025-12-02T13:12:51","slug":"merci-pour-le-telechargement","status":"publish","type":"page","link":"https:\/\/maxnext.io\/fr\/merci-pour-le-telechargement\/","title":{"rendered":"Merci pour le t\u00e9l\u00e9chargement."},"content":{"rendered":"\t\t<div data-elementor-type=\"wp-page\" data-elementor-id=\"23141\" class=\"elementor elementor-23141 elementor-17204\" data-elementor-post-type=\"page\">\n\t\t\t\t\t\t<section class=\"elementor-section elementor-top-section elementor-element elementor-element-6ef2aec7 elementor-section-content-middle elementor-section-boxed elementor-section-height-default elementor-section-height-default\" data-id=\"6ef2aec7\" data-element_type=\"section\" data-e-type=\"section\" data-settings=\"{&quot;background_background&quot;:&quot;classic&quot;}\">\n\t\t\t\t\t\t\t<div class=\"elementor-background-overlay\"><\/div>\n\t\t\t\t\t\t\t<div class=\"elementor-container elementor-column-gap-no\">\n\t\t\t\t\t<div class=\"elementor-column elementor-col-100 elementor-top-column elementor-element elementor-element-224e1765\" data-id=\"224e1765\" data-element_type=\"column\" data-e-type=\"column\" data-settings=\"{&quot;background_background&quot;:&quot;classic&quot;}\">\n\t\t\t<div class=\"elementor-widget-wrap elementor-element-populated\">\n\t\t\t\t\t\t<section class=\"elementor-section elementor-inner-section elementor-element elementor-element-d92500e elementor-section-boxed elementor-section-height-default elementor-section-height-default\" data-id=\"d92500e\" data-element_type=\"section\" data-e-type=\"section\" data-settings=\"{&quot;background_background&quot;:&quot;classic&quot;}\">\n\t\t\t\t\t\t<div class=\"elementor-container elementor-column-gap-default\">\n\t\t\t\t\t<div class=\"elementor-column elementor-col-50 elementor-inner-column elementor-element elementor-element-18d534ca\" data-id=\"18d534ca\" data-element_type=\"column\" data-e-type=\"column\">\n\t\t\t<div class=\"elementor-widget-wrap elementor-element-populated\">\n\t\t\t\t\t\t<div class=\"elementor-element elementor-element-137262ea elementor-view-default elementor-widget elementor-widget-icon\" data-id=\"137262ea\" data-element_type=\"widget\" data-e-type=\"widget\" data-widget_type=\"icon.default\">\n\t\t\t\t\t\t\t<div class=\"elementor-icon-wrapper\">\n\t\t\t<div class=\"elementor-icon\">\n\t\t\t<i aria-hidden=\"true\" class=\"fas fa-envelope\"><\/i>\t\t\t<\/div>\n\t\t<\/div>\n\t\t\t\t\t\t<\/div>\n\t\t\t\t\t<\/div>\n\t\t<\/div>\n\t\t\t\t<div class=\"elementor-column elementor-col-50 elementor-inner-column elementor-element elementor-element-40cae096\" data-id=\"40cae096\" data-element_type=\"column\" data-e-type=\"column\">\n\t\t\t<div class=\"elementor-widget-wrap elementor-element-populated\">\n\t\t\t\t\t\t<div class=\"elementor-element elementor-element-4e598bbf elementor-widget elementor-widget-heading\" data-id=\"4e598bbf\" data-element_type=\"widget\" data-e-type=\"widget\" data-widget_type=\"heading.default\">\n\t\t\t\t\t<h2 class=\"elementor-heading-title elementor-size-default\">\u2713 L'offre a \u00e9t\u00e9 envoy\u00e9e<\/h2>\t\t\t\t<\/div>\n\t\t\t\t<div class=\"elementor-element elementor-element-71f6da46 elementor-widget elementor-widget-text-editor\" data-id=\"71f6da46\" data-element_type=\"widget\" data-e-type=\"widget\" data-widget_type=\"text-editor.default\">\n\t\t\t\t\t\t\t\t\t<p>Cr\u00e9ez d\u00e8s maintenant un compte gratuit dans notre NextDesk et modifiez la surface, la couleur et le mat\u00e9riau en un seul clic.<\/p>\t\t\t\t\t\t\t\t<\/div>\n\t\t<div class=\"elementor-element elementor-element-3a10e67 e-con-full e-flex e-con e-parent\" data-id=\"3a10e67\" data-element_type=\"container\" data-e-type=\"container\">\n\t\t<div class=\"elementor-element elementor-element-57b963b e-con-full e-flex e-con e-child\" data-id=\"57b963b\" data-element_type=\"container\" data-e-type=\"container\">\n\t\t\t\t<div class=\"elementor-element elementor-element-4db3455 elementor-align-justify elementor-widget elementor-widget-button\" data-id=\"4db3455\" data-element_type=\"widget\" data-e-type=\"widget\" data-widget_type=\"button.default\">\n\t\t\t\t\t\t\t\t\t\t<a class=\"elementor-button elementor-button-link elementor-size-xl\" href=\"http:\/\/dashboard.maxnext.io\">\n\t\t\t\t\t\t<span class=\"elementor-button-content-wrapper\">\n\t\t\t\t\t\t\t\t\t<span class=\"elementor-button-text\">Aller \u00e0 NextDesk<\/span>\n\t\t\t\t\t<\/span>\n\t\t\t\t\t<\/a>\n\t\t\t\t\t\t\t\t<\/div>\n\t\t\t\t<\/div>\n\t\t<div class=\"elementor-element elementor-element-4bc83ec e-con-full e-flex e-con e-child\" data-id=\"4bc83ec\" data-element_type=\"container\" data-e-type=\"container\">\n\t\t\t\t<div class=\"elementor-element elementor-element-778b24c elementor-align-justify elementor-widget elementor-widget-button\" data-id=\"778b24c\" data-element_type=\"widget\" data-e-type=\"widget\" data-widget_type=\"button.default\">\n\t\t\t\t\t\t\t\t\t\t<a class=\"elementor-button elementor-button-link elementor-size-xl\" href=\"https:\/\/maxnext.io\/fr\/unternehmen\/\">\n\t\t\t\t\t\t<span class=\"elementor-button-content-wrapper\">\n\t\t\t\t\t\t\t\t\t<span class=\"elementor-button-text\">Des questions ? Contactez-nous ! <\/span>\n\t\t\t\t\t<\/span>\n\t\t\t\t\t<\/a>\n\t\t\t\t\t\t\t\t<\/div>\n\t\t\t\t<\/div>\n\t\t\t\t<\/div>\n\t\t\t\t\t<\/div>\n\t\t<\/div>\n\t\t\t\t\t<\/div>\n\t\t<\/section>\n\t\t\t\t<div class=\"elementor-element elementor-element-3536f40 elementor-hidden-desktop elementor-hidden-laptop elementor-widget elementor-widget-ucaddon_icon_pointer_button\" data-id=\"3536f40\" data-element_type=\"widget\" data-e-type=\"widget\" data-widget_type=\"ucaddon_icon_pointer_button.default\">\n\t\t\t\t<div class=\"elementor-widget-container\">\n\t\t\t\t\t\n<!-- start Icon Pointer Button -->\n\t\t<link id='font-awesome-css' href='https:\/\/maxnext.io\/wp-content\/plugins\/unlimited-elements-for-elementor-premium\/assets_libraries\/font-awesome6\/fontawesome-all.min.css' type='text\/css' rel='stylesheet' >\n\t\t<link id='font-awesome-4-shim-css' href='https:\/\/maxnext.io\/wp-content\/plugins\/unlimited-elements-for-elementor-premium\/assets_libraries\/font-awesome6\/fontawesome-v4-shims.min.css' type='text\/css' rel='stylesheet' >\n\n<style>\/* widget: Icon Pointer Button *\/\n\n#uc_icon_pointer_button_elementor_3536f40 *{\n\tmargin:0;\n\tbox-sizing: border-box;\n}\n\n#uc_icon_pointer_button_elementor_3536f40 {\n  text-align:center;\n  direction: ltr;\n}\n\n#uc_icon_pointer_button_elementor_3536f40 .icon_pointer_button_holder\n{\n  display:inline-block;\n}\n\n#uc_icon_pointer_button_elementor_3536f40 a {\n\tdisplay: flex;\n\tposition: relative;\n\ttransition: all 0.3s;\n    text-decoration:none;\n    overflow:hidden;\n}\n\n#uc_icon_pointer_button_elementor_3536f40 .icon_pointer_button_icon\n{\n  display:flex;\n  align-items:center;\n  justify-content:center;\n  position:relative;\n  transition: all 0.3s;\n}\n\n#uc_icon_pointer_button_elementor_3536f40 .icon_pointer_button_text\n{\n  flex-grow: 1;\n  text-align:center;\n}\n\n\n\t\n#uc_icon_pointer_button_elementor_3536f40 .icon_pointer_button_icon::after {\n\tcontent: \"\";\n    top: 50%;\n    clip-path: polygon(100% 50%, 0 0, 0 100%);\n  \ttransition: all 0.3s;\n  \tposition:absolute;\t\n      \tright: 0px;\t\n    transform: translateX(98%) translateY(-50%);\n  \t\t\n}  \n\n#uc_icon_pointer_button_elementor_3536f40 .icon_pointer_button_icon_holder\n{\n  transition: all 0.3s;\n  display:block;\n  line-height:1em;\n  background-color:transparent;\n\n}\n\n<\/style>\n\n<div class=\"icon_pointer_button\" id=\"uc_icon_pointer_button_elementor_3536f40\">\n  \t<div class=\"icon_pointer_button_holder\">\n    <a href=\"https:\/\/wa.me\/4991121650563\" class=\"ue-icon-btn\" >\n       <span class=\"icon_pointer_button_icon\">\n         <span class=\"icon_pointer_button_icon_holder\"><i class=\"fab fa-whatsapp\" aria-hidden=\"true\"><\/i><\/span>\n       <\/span>\n       <span class=\"icon_pointer_button_space\"><\/span>\n       <span class=\"icon_pointer_button_text\">Discutez avec nous sur WhatsApp : <br> Nous sommes en ligne !<\/span>          \n    <\/a>\n    <\/div>\n<\/div>\n<!-- end Icon Pointer Button -->\t\t\t\t<\/div>\n\t\t\t\t<\/div>\n\t\t<div class=\"elementor-element elementor-element-91c6167 e-flex e-con-boxed e-con e-parent\" data-id=\"91c6167\" data-element_type=\"container\" data-e-type=\"container\" data-settings=\"{&quot;background_background&quot;:&quot;classic&quot;}\">\n\t\t\t\t\t<div class=\"e-con-inner\">\n\t\t\t\t<div class=\"elementor-element elementor-element-feaa9a0 elementor-widget elementor-widget-heading\" data-id=\"feaa9a0\" data-element_type=\"widget\" data-e-type=\"widget\" data-widget_type=\"heading.default\">\n\t\t\t\t\t<h2 class=\"elementor-heading-title elementor-size-default\">Nous serions ravis de recevoir vos commentaires !<\/h2>\t\t\t\t<\/div>\n\t\t\t\t<div class=\"elementor-element elementor-element-7ec4af3 elementor-widget elementor-widget-html\" data-id=\"7ec4af3\" data-element_type=\"widget\" data-e-type=\"widget\" data-widget_type=\"html.default\">\n\t\t\t\t\t<style id=\"wpforms-css-vars-23191\">\n\t\t\t\t#wpforms-23191 {\n\t\t\t\t--wpforms-field-size-input-height: 43px;\n--wpforms-field-size-input-spacing: 15px;\n--wpforms-field-size-font-size: 16px;\n--wpforms-field-size-line-height: 19px;\n--wpforms-field-size-padding-h: 14px;\n--wpforms-field-size-checkbox-size: 16px;\n--wpforms-field-size-sublabel-spacing: 5px;\n--wpforms-field-size-icon-size: 1;\n--wpforms-label-size-font-size: 16px;\n--wpforms-label-size-line-height: 19px;\n--wpforms-label-size-sublabel-font-size: 14px;\n--wpforms-label-size-sublabel-line-height: 17px;\n--wpforms-button-size-font-size: 17px;\n--wpforms-button-size-height: 41px;\n--wpforms-button-size-padding-h: 15px;\n--wpforms-button-size-margin-top: 10px;\n--wpforms-container-shadow-size-box-shadow: none;\n\t\t\t}\n\t\t\t<\/style><div class=\"wpforms-container wpforms-container-full wpforms-render-modern\" id=\"wpforms-23191\"><form id=\"wpforms-form-23191\" class=\"wpforms-validate wpforms-form wpforms-ajax-form\" data-formid=\"23191\" method=\"post\" enctype=\"multipart\/form-data\" action=\"\/fr\/wp-json\/wp\/v2\/pages\/23141\" data-token=\"cbf71817d7e00ab6dd55abb949272df8\" data-token-time=\"1776213359\"><noscript class=\"wpforms-error-noscript\">Veuillez activer JavaScript dans votre navigateur pour remplir ce formulaire.<\/noscript><div id=\"wpforms-error-noscript\" style=\"display: none;\">Veuillez activer JavaScript dans votre navigateur pour remplir ce formulaire.<\/div><div class=\"wpforms-field-container\"><div id=\"wpforms-23191-field_4-container\" class=\"wpforms-field wpforms-field-rating\" data-field-id=\"4\"><label class=\"wpforms-field-label\">How easy was it to use our tool? <span class=\"wpforms-required-label\" aria-hidden=\"true\">*<\/span><\/label><div class=\"wpforms-field-rating-wrapper wpforms-field-rating-labels-position-below\"><div class=\"wpforms-field-rating-items\"><label class=\"wpforms-field-rating-item choice-1\" for=\"wpforms-23191-field_4_1\"><span class=\"wpforms-screen-reader-element\">Note de 1 sur 5<\/span><input type=\"radio\" id=\"wpforms-23191-field_4_1\" class=\"wpforms-field-required wpforms-screen-reader-element\" name=\"wpforms[fields][4]\" value=\"1\" aria-errormessage=\"wpforms-23191-field_4-error\" required><svg width=\"24\" height=\"24\" style=\"height:24px;width:24px;\" fill=\"currentColor\" color=\"#007f61\" viewBox=\"0 0 1792 1792\" xmlns=\"http:\/\/www.w3.org\/2000\/svg\"><path d=\"M1728 647q0 22-26 48l-363 354 86 500q1 7 1 20 0 21-10.5 35.5t-30.5 14.5q-19 0-40-12l-449-236-449 236q-22 12-40 12-21 0-31.5-14.5t-10.5-35.5q0-6 2-20l86-500-364-354q-25-27-25-48 0-37 56-46l502-73 225-455q19-41 49-41t49 41l225 455 502 73q56 9 56 46z\"\/><\/svg><\/label><label class=\"wpforms-field-rating-item choice-2\" for=\"wpforms-23191-field_4_2\"><span class=\"wpforms-screen-reader-element\">Note de 2 sur 5<\/span><input type=\"radio\" id=\"wpforms-23191-field_4_2\" class=\"wpforms-field-required wpforms-screen-reader-element\" name=\"wpforms[fields][4]\" value=\"2\" aria-errormessage=\"wpforms-23191-field_4-error\" required><svg width=\"24\" height=\"24\" style=\"height:24px;width:24px;\" fill=\"currentColor\" color=\"#007f61\" viewBox=\"0 0 1792 1792\" xmlns=\"http:\/\/www.w3.org\/2000\/svg\"><path d=\"M1728 647q0 22-26 48l-363 354 86 500q1 7 1 20 0 21-10.5 35.5t-30.5 14.5q-19 0-40-12l-449-236-449 236q-22 12-40 12-21 0-31.5-14.5t-10.5-35.5q0-6 2-20l86-500-364-354q-25-27-25-48 0-37 56-46l502-73 225-455q19-41 49-41t49 41l225 455 502 73q56 9 56 46z\"\/><\/svg><\/label><label class=\"wpforms-field-rating-item choice-3\" for=\"wpforms-23191-field_4_3\"><span class=\"wpforms-screen-reader-element\">Note de 3 sur 5<\/span><input type=\"radio\" id=\"wpforms-23191-field_4_3\" class=\"wpforms-field-required wpforms-screen-reader-element\" name=\"wpforms[fields][4]\" value=\"3\" aria-errormessage=\"wpforms-23191-field_4-error\" required><svg width=\"24\" height=\"24\" style=\"height:24px;width:24px;\" fill=\"currentColor\" color=\"#007f61\" viewBox=\"0 0 1792 1792\" xmlns=\"http:\/\/www.w3.org\/2000\/svg\"><path d=\"M1728 647q0 22-26 48l-363 354 86 500q1 7 1 20 0 21-10.5 35.5t-30.5 14.5q-19 0-40-12l-449-236-449 236q-22 12-40 12-21 0-31.5-14.5t-10.5-35.5q0-6 2-20l86-500-364-354q-25-27-25-48 0-37 56-46l502-73 225-455q19-41 49-41t49 41l225 455 502 73q56 9 56 46z\"\/><\/svg><\/label><label class=\"wpforms-field-rating-item choice-4\" for=\"wpforms-23191-field_4_4\"><span class=\"wpforms-screen-reader-element\">Note de 4 sur 5<\/span><input type=\"radio\" id=\"wpforms-23191-field_4_4\" class=\"wpforms-field-required wpforms-screen-reader-element\" name=\"wpforms[fields][4]\" value=\"4\" aria-errormessage=\"wpforms-23191-field_4-error\" required><svg width=\"24\" height=\"24\" style=\"height:24px;width:24px;\" fill=\"currentColor\" color=\"#007f61\" viewBox=\"0 0 1792 1792\" xmlns=\"http:\/\/www.w3.org\/2000\/svg\"><path d=\"M1728 647q0 22-26 48l-363 354 86 500q1 7 1 20 0 21-10.5 35.5t-30.5 14.5q-19 0-40-12l-449-236-449 236q-22 12-40 12-21 0-31.5-14.5t-10.5-35.5q0-6 2-20l86-500-364-354q-25-27-25-48 0-37 56-46l502-73 225-455q19-41 49-41t49 41l225 455 502 73q56 9 56 46z\"\/><\/svg><\/label><label class=\"wpforms-field-rating-item choice-5\" for=\"wpforms-23191-field_4_5\"><span class=\"wpforms-screen-reader-element\">Note de 5 sur 5<\/span><input type=\"radio\" id=\"wpforms-23191-field_4_5\" class=\"wpforms-field-required wpforms-screen-reader-element\" name=\"wpforms[fields][4]\" value=\"5\" aria-errormessage=\"wpforms-23191-field_4-error\" required><svg width=\"24\" height=\"24\" style=\"height:24px;width:24px;\" fill=\"currentColor\" color=\"#007f61\" viewBox=\"0 0 1792 1792\" xmlns=\"http:\/\/www.w3.org\/2000\/svg\"><path d=\"M1728 647q0 22-26 48l-363 354 86 500q1 7 1 20 0 21-10.5 35.5t-30.5 14.5q-19 0-40-12l-449-236-449 236q-22 12-40 12-21 0-31.5-14.5t-10.5-35.5q0-6 2-20l86-500-364-354q-25-27-25-48 0-37 56-46l502-73 225-455q19-41 49-41t49 41l225 455 502 73q56 9 56 46z\"\/><\/svg><\/label><\/div><\/div><\/div><div id=\"wpforms-23191-field_13-container\" class=\"wpforms-field wpforms-field-textarea\" data-field-id=\"13\"><label class=\"wpforms-field-label\" for=\"wpforms-23191-field_13\">Anything else you\u2019d like to share with us? <span class=\"wpforms-required-label\" aria-hidden=\"true\">*<\/span><\/label><textarea id=\"wpforms-23191-field_13\" class=\"wpforms-field-medium wpforms-field-required\" name=\"wpforms[fields][13]\" aria-errormessage=\"wpforms-23191-field_13-error\" required><\/textarea><\/div><\/div><!-- .wpforms-field-container --><div class=\"wpforms-submit-container\" ><input type=\"hidden\" name=\"wpforms[id]\" value=\"23191\"><input type=\"hidden\" name=\"page_title\" value=\"\"><input type=\"hidden\" name=\"page_url\" value=\"https:\/\/maxnext.io\/fr\/wp-json\/wp\/v2\/pages\/23141\"><input type=\"hidden\" name=\"url_referer\" value=\"\"><button type=\"submit\" name=\"wpforms[submit]\" id=\"wpforms-submit-23191\" class=\"wpforms-submit\" data-alt-text=\"Sending...\" data-submit-text=\"Submit\" aria-live=\"assertive\" value=\"wpforms-submit\">Submit<\/button><img decoding=\"async\" src=\"https:\/\/maxnext.io\/wp-content\/plugins\/wpforms\/assets\/images\/submit-spin.svg\" class=\"wpforms-submit-spinner\" style=\"display: none;\" width=\"26\" height=\"26\" alt=\"Chargement en cours\"><\/div><\/form><\/div>  <!-- .wpforms-container -->\t\t\t\t<\/div>\n\t\t\t\t\t<\/div>\n\t\t\t\t<\/div>\n\t\t\t\t\t<\/div>\n\t\t<\/div>\n\t\t\t\t\t<\/div>\n\t\t<\/section>\n\t\t\t\t<\/div>\n\t\t","protected":false},"excerpt":{"rendered":"<p>\u2713 L&#8217;offre a \u00e9t\u00e9 envoy\u00e9e Cr\u00e9ez d\u00e8s maintenant un compte gratuit dans notre NextDesk et modifiez la surface, la couleur et le mat\u00e9riau en un seul clic. Aller \u00e0 NextDesk Des questions ? Contactez-nous ! Discutez avec nous sur WhatsApp : Nous sommes en ligne ! Nous serions ravis de recevoir vos commentaires !<\/p>\n","protected":false},"author":2,"featured_media":0,"parent":0,"menu_order":0,"comment_status":"closed","ping_status":"closed","template":"elementor_header_footer","meta":{"footnotes":""},"class_list":["post-23141","page","type-page","status-publish","hentry"],"yoast_head":"<!-- This site is optimized with the Yoast SEO plugin v27.4 - https:\/\/yoast.com\/product\/yoast-seo-wordpress\/ -->\n<title>Merci pour le t\u00e9l\u00e9chargement. - maxnext GmbH \u2013 Spritzguss, Blasformen &amp; Werkzeugbau | Sofort-Preis &amp; bis zu 65% g\u00fcnstiger<\/title>\n<meta name=\"robots\" content=\"index, follow, max-snippet:-1, max-image-preview:large, max-video-preview:-1\" \/>\n<link rel=\"canonical\" href=\"https:\/\/maxnext.io\/fr\/merci-pour-le-telechargement\/\" \/>\n<meta property=\"og:locale\" content=\"fr_FR\" \/>\n<meta property=\"og:type\" content=\"article\" \/>\n<meta property=\"og:title\" content=\"Merci pour le t\u00e9l\u00e9chargement. - maxnext GmbH \u2013 Spritzguss, Blasformen &amp; Werkzeugbau | Sofort-Preis &amp; bis zu 65% g\u00fcnstiger\" \/>\n<meta property=\"og:description\" content=\"\u2713 L&#8217;offre a \u00e9t\u00e9 envoy\u00e9e Cr\u00e9ez d\u00e8s maintenant un compte gratuit dans notre NextDesk et modifiez la surface, la couleur et le mat\u00e9riau en un seul clic. Aller \u00e0 NextDesk Des questions ? Contactez-nous ! Discutez avec nous sur WhatsApp : Nous sommes en ligne ! Nous serions ravis de recevoir vos commentaires !\" \/>\n<meta property=\"og:url\" content=\"https:\/\/maxnext.io\/fr\/merci-pour-le-telechargement\/\" \/>\n<meta property=\"og:site_name\" content=\"maxnext GmbH \u2013 Spritzguss, Blasformen &amp; Werkzeugbau | Sofort-Preis &amp; bis zu 65% g\u00fcnstiger\" \/>\n<meta property=\"article:modified_time\" content=\"2025-12-02T13:12:51+00:00\" \/>\n<meta name=\"twitter:card\" content=\"summary_large_image\" \/>\n<meta name=\"twitter:label1\" content=\"Dur\u00e9e de lecture estim\u00e9e\" \/>\n\t<meta name=\"twitter:data1\" content=\"1 minute\" \/>\n<script type=\"application\/ld+json\" class=\"yoast-schema-graph\">{\"@context\":\"https:\\\/\\\/schema.org\",\"@graph\":[{\"@type\":\"WebPage\",\"@id\":\"https:\\\/\\\/maxnext.io\\\/fr\\\/merci-pour-le-telechargement\\\/\",\"url\":\"https:\\\/\\\/maxnext.io\\\/fr\\\/merci-pour-le-telechargement\\\/\",\"name\":\"Merci pour le t\u00e9l\u00e9chargement. - maxnext GmbH \u2013 Spritzguss, Blasformen &amp; Werkzeugbau | Sofort-Preis &amp; bis zu 65% g\u00fcnstiger\",\"isPartOf\":{\"@id\":\"https:\\\/\\\/maxnext.io\\\/fr\\\/#website\"},\"datePublished\":\"2022-06-07T16:49:57+00:00\",\"dateModified\":\"2025-12-02T13:12:51+00:00\",\"breadcrumb\":{\"@id\":\"https:\\\/\\\/maxnext.io\\\/fr\\\/merci-pour-le-telechargement\\\/#breadcrumb\"},\"inLanguage\":\"fr-FR\",\"potentialAction\":[{\"@type\":\"ReadAction\",\"target\":[\"https:\\\/\\\/maxnext.io\\\/fr\\\/merci-pour-le-telechargement\\\/\"]}]},{\"@type\":\"BreadcrumbList\",\"@id\":\"https:\\\/\\\/maxnext.io\\\/fr\\\/merci-pour-le-telechargement\\\/#breadcrumb\",\"itemListElement\":[{\"@type\":\"ListItem\",\"position\":1,\"name\":\"Home\",\"item\":\"https:\\\/\\\/maxnext.io\\\/fr\\\/\"},{\"@type\":\"ListItem\",\"position\":2,\"name\":\"Merci pour le t\u00e9l\u00e9chargement.\"}]},{\"@type\":\"WebSite\",\"@id\":\"https:\\\/\\\/maxnext.io\\\/fr\\\/#website\",\"url\":\"https:\\\/\\\/maxnext.io\\\/fr\\\/\",\"name\":\"maxnext GmbH \u2013 Spritzguss, Blasformen &amp; Werkzeugbau | Sofort-Preis &amp; bis zu 65% g\u00fcnstiger\",\"description\":\"Freie Kapazit\u00e4ten nutzen, Produktion nach DIN \u2013 pr\u00e4zise, schnell und deutlich g\u00fcnstiger.\",\"publisher\":{\"@id\":\"https:\\\/\\\/maxnext.io\\\/fr\\\/#organization\"},\"potentialAction\":[{\"@type\":\"SearchAction\",\"target\":{\"@type\":\"EntryPoint\",\"urlTemplate\":\"https:\\\/\\\/maxnext.io\\\/fr\\\/?s={search_term_string}\"},\"query-input\":{\"@type\":\"PropertyValueSpecification\",\"valueRequired\":true,\"valueName\":\"search_term_string\"}}],\"inLanguage\":\"fr-FR\"},{\"@type\":\"Organization\",\"@id\":\"https:\\\/\\\/maxnext.io\\\/fr\\\/#organization\",\"name\":\"maxnext GmbH \u2013 Spritzguss, Blasformen &amp; Werkzeugbau | Sofort-Preis &amp; bis zu 65% g\u00fcnstiger\",\"url\":\"https:\\\/\\\/maxnext.io\\\/fr\\\/\",\"logo\":{\"@type\":\"ImageObject\",\"inLanguage\":\"fr-FR\",\"@id\":\"https:\\\/\\\/maxnext.io\\\/fr\\\/#\\\/schema\\\/logo\\\/image\\\/\",\"url\":\"https:\\\/\\\/maxnext.io\\\/wp-content\\\/uploads\\\/unnamed.png\",\"contentUrl\":\"https:\\\/\\\/maxnext.io\\\/wp-content\\\/uploads\\\/unnamed.png\",\"width\":350,\"height\":88,\"caption\":\"maxnext GmbH \u2013 Spritzguss, Blasformen &amp; Werkzeugbau | Sofort-Preis &amp; bis zu 65% g\u00fcnstiger\"},\"image\":{\"@id\":\"https:\\\/\\\/maxnext.io\\\/fr\\\/#\\\/schema\\\/logo\\\/image\\\/\"}}]}<\/script>\n<!-- \/ Yoast SEO plugin. -->","yoast_head_json":{"title":"Merci pour le t\u00e9l\u00e9chargement. - maxnext GmbH \u2013 Spritzguss, Blasformen &amp; Werkzeugbau | Sofort-Preis &amp; bis zu 65% g\u00fcnstiger","robots":{"index":"index","follow":"follow","max-snippet":"max-snippet:-1","max-image-preview":"max-image-preview:large","max-video-preview":"max-video-preview:-1"},"canonical":"https:\/\/maxnext.io\/fr\/merci-pour-le-telechargement\/","og_locale":"fr_FR","og_type":"article","og_title":"Merci pour le t\u00e9l\u00e9chargement. - maxnext GmbH \u2013 Spritzguss, Blasformen &amp; Werkzeugbau | Sofort-Preis &amp; bis zu 65% g\u00fcnstiger","og_description":"\u2713 L&#8217;offre a \u00e9t\u00e9 envoy\u00e9e Cr\u00e9ez d\u00e8s maintenant un compte gratuit dans notre NextDesk et modifiez la surface, la couleur et le mat\u00e9riau en un seul clic. Aller \u00e0 NextDesk Des questions ? Contactez-nous ! Discutez avec nous sur WhatsApp : Nous sommes en ligne ! Nous serions ravis de recevoir vos commentaires !","og_url":"https:\/\/maxnext.io\/fr\/merci-pour-le-telechargement\/","og_site_name":"maxnext GmbH \u2013 Spritzguss, Blasformen &amp; Werkzeugbau | Sofort-Preis &amp; bis zu 65% g\u00fcnstiger","article_modified_time":"2025-12-02T13:12:51+00:00","twitter_card":"summary_large_image","twitter_misc":{"Dur\u00e9e de lecture estim\u00e9e":"1 minute"},"schema":{"@context":"https:\/\/schema.org","@graph":[{"@type":"WebPage","@id":"https:\/\/maxnext.io\/fr\/merci-pour-le-telechargement\/","url":"https:\/\/maxnext.io\/fr\/merci-pour-le-telechargement\/","name":"Merci pour le t\u00e9l\u00e9chargement. - maxnext GmbH \u2013 Spritzguss, Blasformen &amp; Werkzeugbau | Sofort-Preis &amp; bis zu 65% g\u00fcnstiger","isPartOf":{"@id":"https:\/\/maxnext.io\/fr\/#website"},"datePublished":"2022-06-07T16:49:57+00:00","dateModified":"2025-12-02T13:12:51+00:00","breadcrumb":{"@id":"https:\/\/maxnext.io\/fr\/merci-pour-le-telechargement\/#breadcrumb"},"inLanguage":"fr-FR","potentialAction":[{"@type":"ReadAction","target":["https:\/\/maxnext.io\/fr\/merci-pour-le-telechargement\/"]}]},{"@type":"BreadcrumbList","@id":"https:\/\/maxnext.io\/fr\/merci-pour-le-telechargement\/#breadcrumb","itemListElement":[{"@type":"ListItem","position":1,"name":"Home","item":"https:\/\/maxnext.io\/fr\/"},{"@type":"ListItem","position":2,"name":"Merci pour le t\u00e9l\u00e9chargement."}]},{"@type":"WebSite","@id":"https:\/\/maxnext.io\/fr\/#website","url":"https:\/\/maxnext.io\/fr\/","name":"maxnext GmbH \u2013 Spritzguss, Blasformen &amp; Werkzeugbau | Sofort-Preis &amp; bis zu 65% g\u00fcnstiger","description":"Freie Kapazit\u00e4ten nutzen, Produktion nach DIN \u2013 pr\u00e4zise, schnell und deutlich g\u00fcnstiger.","publisher":{"@id":"https:\/\/maxnext.io\/fr\/#organization"},"potentialAction":[{"@type":"SearchAction","target":{"@type":"EntryPoint","urlTemplate":"https:\/\/maxnext.io\/fr\/?s={search_term_string}"},"query-input":{"@type":"PropertyValueSpecification","valueRequired":true,"valueName":"search_term_string"}}],"inLanguage":"fr-FR"},{"@type":"Organization","@id":"https:\/\/maxnext.io\/fr\/#organization","name":"maxnext GmbH \u2013 Spritzguss, Blasformen &amp; Werkzeugbau | Sofort-Preis &amp; bis zu 65% g\u00fcnstiger","url":"https:\/\/maxnext.io\/fr\/","logo":{"@type":"ImageObject","inLanguage":"fr-FR","@id":"https:\/\/maxnext.io\/fr\/#\/schema\/logo\/image\/","url":"https:\/\/maxnext.io\/wp-content\/uploads\/unnamed.png","contentUrl":"https:\/\/maxnext.io\/wp-content\/uploads\/unnamed.png","width":350,"height":88,"caption":"maxnext GmbH \u2013 Spritzguss, Blasformen &amp; Werkzeugbau | Sofort-Preis &amp; bis zu 65% g\u00fcnstiger"},"image":{"@id":"https:\/\/maxnext.io\/fr\/#\/schema\/logo\/image\/"}}]}},"_links":{"self":[{"href":"https:\/\/maxnext.io\/fr\/wp-json\/wp\/v2\/pages\/23141","targetHints":{"allow":["GET"]}}],"collection":[{"href":"https:\/\/maxnext.io\/fr\/wp-json\/wp\/v2\/pages"}],"about":[{"href":"https:\/\/maxnext.io\/fr\/wp-json\/wp\/v2\/types\/page"}],"author":[{"embeddable":true,"href":"https:\/\/maxnext.io\/fr\/wp-json\/wp\/v2\/users\/2"}],"replies":[{"embeddable":true,"href":"https:\/\/maxnext.io\/fr\/wp-json\/wp\/v2\/comments?post=23141"}],"version-history":[{"count":0,"href":"https:\/\/maxnext.io\/fr\/wp-json\/wp\/v2\/pages\/23141\/revisions"}],"wp:attachment":[{"href":"https:\/\/maxnext.io\/fr\/wp-json\/wp\/v2\/media?parent=23141"}],"curies":[{"name":"wp","href":"https:\/\/api.w.org\/{rel}","templated":true}]}}