{"id":11249,"date":"2023-05-23T04:22:46","date_gmt":"2023-05-23T04:22:46","guid":{"rendered":"https:\/\/maxnext.io\/instrukcja-obslugi-pompy-cieplnej\/"},"modified":"2024-11-13T05:45:32","modified_gmt":"2024-11-13T05:45:32","slug":"instrukcja-obslugi-pompy-cieplnej","status":"publish","type":"page","link":"https:\/\/maxnext.io\/pl\/instrukcja-obslugi-pompy-cieplnej\/","title":{"rendered":"Instrukcja obs\u0142ugi pompy cieplnej"},"content":{"rendered":"\t\t<div data-elementor-type=\"wp-page\" data-elementor-id=\"11249\" class=\"elementor elementor-11249 elementor-9194\" data-elementor-post-type=\"page\">\n\t\t\t\t<div class=\"elementor-element elementor-element-5dbf1120 e-con-full e-flex e-con e-parent\" data-id=\"5dbf1120\" data-element_type=\"container\" data-e-type=\"container\" data-settings=\"{&quot;background_background&quot;:&quot;classic&quot;}\">\n\t\t\t\t<div class=\"elementor-element elementor-element-5305cb78 elementor-widget elementor-widget-heading\" data-id=\"5305cb78\" data-element_type=\"widget\" data-e-type=\"widget\" data-widget_type=\"heading.default\">\n\t\t\t\t\t<h2 class=\"elementor-heading-title elementor-size-default\">Dzi\u0119kuj\u0119 bardzo<\/h2>\t\t\t\t<\/div>\n\t\t\t\t<div class=\"elementor-element elementor-element-4db04794 elementor-widget elementor-widget-heading\" data-id=\"4db04794\" data-element_type=\"widget\" data-e-type=\"widget\" data-widget_type=\"heading.default\">\n\t\t\t\t\t<h2 class=\"elementor-heading-title elementor-size-default\">Podejmij wyzwanie.\nWYJD\u0179 NA WY\u017bSZY POZIOM.<\/h2>\t\t\t\t<\/div>\n\t\t\t\t<div class=\"elementor-element elementor-element-4cd0cc79 elementor-align-center elementor-widget elementor-widget-button\" data-id=\"4cd0cc79\" data-element_type=\"widget\" data-e-type=\"widget\" data-widget_type=\"button.default\">\n\t\t\t\t\t\t\t\t\t\t<a class=\"elementor-button elementor-button-link elementor-size-lg elementor-animation-grow\" href=\"https:\/\/maxnext.io\/wp-content\/uploads\/2023\/05\/Manual_one_one__pro_leistungsdiagramm_hydraulikschema.pdf\">\n\t\t\t\t\t\t<span class=\"elementor-button-content-wrapper\">\n\t\t\t\t\t\t\t\t\t<span class=\"elementor-button-text\">Kliknij tutaj<\/span>\n\t\t\t\t\t<\/span>\n\t\t\t\t\t<\/a>\n\t\t\t\t\t\t\t\t<\/div>\n\t\t\t\t<\/div>\n\t\t\t\t<\/div>\n\t\t","protected":false},"excerpt":{"rendered":"<p>Dzi\u0119kuj\u0119 bardzo Podejmij wyzwanie. WYJD\u0179 NA WY\u017bSZY POZIOM. Kliknij tutaj<\/p>\n","protected":false},"author":2,"featured_media":0,"parent":0,"menu_order":0,"comment_status":"closed","ping_status":"closed","template":"elementor_header_footer","meta":{"footnotes":""},"class_list":["post-11249","page","type-page","status-publish","hentry"],"yoast_head":"<!-- This site is optimized with the Yoast SEO plugin v27.3 - https:\/\/yoast.com\/product\/yoast-seo-wordpress\/ -->\n<title>Instrukcja obs\u0142ugi pompy ciep\u0142a | maxnext<\/title>\n<meta name=\"description\" content=\"Instrukcj\u0119 obs\u0142ugi pompy ciep\u0142a znajdziesz na maxnext. Zarz\u0105dzany przez w\u0142a\u015bciciela \u2713 Certyfikowany \u2713 Szybki i skalowalny \u2713 Skontaktuj si\u0119 teraz!\" \/>\n<meta name=\"robots\" content=\"index, follow, max-snippet:-1, max-image-preview:large, max-video-preview:-1\" \/>\n<link rel=\"canonical\" href=\"https:\/\/maxnext.io\/pl\/instrukcja-obslugi-pompy-cieplnej\/\" \/>\n<meta property=\"og:locale\" content=\"pl_PL\" \/>\n<meta property=\"og:type\" content=\"article\" \/>\n<meta property=\"og:title\" content=\"Instrukcja obs\u0142ugi pompy ciep\u0142a | maxnext\" \/>\n<meta property=\"og:description\" content=\"Instrukcj\u0119 obs\u0142ugi pompy ciep\u0142a znajdziesz na maxnext. Zarz\u0105dzany przez w\u0142a\u015bciciela \u2713 Certyfikowany \u2713 Szybki i skalowalny \u2713 Skontaktuj si\u0119 teraz!\" \/>\n<meta property=\"og:url\" content=\"https:\/\/maxnext.io\/pl\/instrukcja-obslugi-pompy-cieplnej\/\" \/>\n<meta property=\"og:site_name\" content=\"maxnext GmbH \u2013 Spritzguss, Blasformen &amp; Werkzeugbau | Sofort-Preis &amp; bis zu 65% g\u00fcnstiger\" \/>\n<meta property=\"article:modified_time\" content=\"2024-11-13T05:45:32+00:00\" \/>\n<meta name=\"twitter:card\" content=\"summary_large_image\" \/>\n<script type=\"application\/ld+json\" class=\"yoast-schema-graph\">{\"@context\":\"https:\\\/\\\/schema.org\",\"@graph\":[{\"@type\":\"WebPage\",\"@id\":\"https:\\\/\\\/maxnext.io\\\/pl\\\/instrukcja-obslugi-pompy-cieplnej\\\/\",\"url\":\"https:\\\/\\\/maxnext.io\\\/pl\\\/instrukcja-obslugi-pompy-cieplnej\\\/\",\"name\":\"Instrukcja obs\u0142ugi pompy ciep\u0142a | maxnext\",\"isPartOf\":{\"@id\":\"https:\\\/\\\/maxnext.io\\\/pl\\\/#website\"},\"datePublished\":\"2023-05-23T04:22:46+00:00\",\"dateModified\":\"2024-11-13T05:45:32+00:00\",\"description\":\"Instrukcj\u0119 obs\u0142ugi pompy ciep\u0142a znajdziesz na maxnext. Zarz\u0105dzany przez w\u0142a\u015bciciela \u2713 Certyfikowany \u2713 Szybki i skalowalny \u2713 Skontaktuj si\u0119 teraz!\",\"breadcrumb\":{\"@id\":\"https:\\\/\\\/maxnext.io\\\/pl\\\/instrukcja-obslugi-pompy-cieplnej\\\/#breadcrumb\"},\"inLanguage\":\"pl-PL\",\"potentialAction\":[{\"@type\":\"ReadAction\",\"target\":[\"https:\\\/\\\/maxnext.io\\\/pl\\\/instrukcja-obslugi-pompy-cieplnej\\\/\"]}]},{\"@type\":\"BreadcrumbList\",\"@id\":\"https:\\\/\\\/maxnext.io\\\/pl\\\/instrukcja-obslugi-pompy-cieplnej\\\/#breadcrumb\",\"itemListElement\":[{\"@type\":\"ListItem\",\"position\":1,\"name\":\"Home\",\"item\":\"https:\\\/\\\/maxnext.io\\\/pl\\\/\"},{\"@type\":\"ListItem\",\"position\":2,\"name\":\"Instrukcja obs\u0142ugi pompy cieplnej\"}]},{\"@type\":\"WebSite\",\"@id\":\"https:\\\/\\\/maxnext.io\\\/pl\\\/#website\",\"url\":\"https:\\\/\\\/maxnext.io\\\/pl\\\/\",\"name\":\"maxnext GmbH \u2013 Spritzguss, Blasformen &amp; Werkzeugbau | Sofort-Preis &amp; bis zu 65% g\u00fcnstiger\",\"description\":\"Freie Kapazit\u00e4ten nutzen, Produktion nach DIN \u2013 pr\u00e4zise, schnell und deutlich g\u00fcnstiger.\",\"publisher\":{\"@id\":\"https:\\\/\\\/maxnext.io\\\/pl\\\/#organization\"},\"potentialAction\":[{\"@type\":\"SearchAction\",\"target\":{\"@type\":\"EntryPoint\",\"urlTemplate\":\"https:\\\/\\\/maxnext.io\\\/pl\\\/?s={search_term_string}\"},\"query-input\":{\"@type\":\"PropertyValueSpecification\",\"valueRequired\":true,\"valueName\":\"search_term_string\"}}],\"inLanguage\":\"pl-PL\"},{\"@type\":\"Organization\",\"@id\":\"https:\\\/\\\/maxnext.io\\\/pl\\\/#organization\",\"name\":\"maxnext GmbH \u2013 Spritzguss, Blasformen &amp; Werkzeugbau | Sofort-Preis &amp; bis zu 65% g\u00fcnstiger\",\"url\":\"https:\\\/\\\/maxnext.io\\\/pl\\\/\",\"logo\":{\"@type\":\"ImageObject\",\"inLanguage\":\"pl-PL\",\"@id\":\"https:\\\/\\\/maxnext.io\\\/pl\\\/#\\\/schema\\\/logo\\\/image\\\/\",\"url\":\"https:\\\/\\\/maxnext.io\\\/wp-content\\\/uploads\\\/unnamed.png\",\"contentUrl\":\"https:\\\/\\\/maxnext.io\\\/wp-content\\\/uploads\\\/unnamed.png\",\"width\":350,\"height\":88,\"caption\":\"maxnext GmbH \u2013 Spritzguss, Blasformen &amp; Werkzeugbau | Sofort-Preis &amp; bis zu 65% g\u00fcnstiger\"},\"image\":{\"@id\":\"https:\\\/\\\/maxnext.io\\\/pl\\\/#\\\/schema\\\/logo\\\/image\\\/\"}}]}<\/script>\n<!-- \/ Yoast SEO plugin. -->","yoast_head_json":{"title":"Instrukcja obs\u0142ugi pompy ciep\u0142a | maxnext","description":"Instrukcj\u0119 obs\u0142ugi pompy ciep\u0142a znajdziesz na maxnext. Zarz\u0105dzany przez w\u0142a\u015bciciela \u2713 Certyfikowany \u2713 Szybki i skalowalny \u2713 Skontaktuj si\u0119 teraz!","robots":{"index":"index","follow":"follow","max-snippet":"max-snippet:-1","max-image-preview":"max-image-preview:large","max-video-preview":"max-video-preview:-1"},"canonical":"https:\/\/maxnext.io\/pl\/instrukcja-obslugi-pompy-cieplnej\/","og_locale":"pl_PL","og_type":"article","og_title":"Instrukcja obs\u0142ugi pompy ciep\u0142a | maxnext","og_description":"Instrukcj\u0119 obs\u0142ugi pompy ciep\u0142a znajdziesz na maxnext. Zarz\u0105dzany przez w\u0142a\u015bciciela \u2713 Certyfikowany \u2713 Szybki i skalowalny \u2713 Skontaktuj si\u0119 teraz!","og_url":"https:\/\/maxnext.io\/pl\/instrukcja-obslugi-pompy-cieplnej\/","og_site_name":"maxnext GmbH \u2013 Spritzguss, Blasformen &amp; Werkzeugbau | Sofort-Preis &amp; bis zu 65% g\u00fcnstiger","article_modified_time":"2024-11-13T05:45:32+00:00","twitter_card":"summary_large_image","schema":{"@context":"https:\/\/schema.org","@graph":[{"@type":"WebPage","@id":"https:\/\/maxnext.io\/pl\/instrukcja-obslugi-pompy-cieplnej\/","url":"https:\/\/maxnext.io\/pl\/instrukcja-obslugi-pompy-cieplnej\/","name":"Instrukcja obs\u0142ugi pompy ciep\u0142a | maxnext","isPartOf":{"@id":"https:\/\/maxnext.io\/pl\/#website"},"datePublished":"2023-05-23T04:22:46+00:00","dateModified":"2024-11-13T05:45:32+00:00","description":"Instrukcj\u0119 obs\u0142ugi pompy ciep\u0142a znajdziesz na maxnext. Zarz\u0105dzany przez w\u0142a\u015bciciela \u2713 Certyfikowany \u2713 Szybki i skalowalny \u2713 Skontaktuj si\u0119 teraz!","breadcrumb":{"@id":"https:\/\/maxnext.io\/pl\/instrukcja-obslugi-pompy-cieplnej\/#breadcrumb"},"inLanguage":"pl-PL","potentialAction":[{"@type":"ReadAction","target":["https:\/\/maxnext.io\/pl\/instrukcja-obslugi-pompy-cieplnej\/"]}]},{"@type":"BreadcrumbList","@id":"https:\/\/maxnext.io\/pl\/instrukcja-obslugi-pompy-cieplnej\/#breadcrumb","itemListElement":[{"@type":"ListItem","position":1,"name":"Home","item":"https:\/\/maxnext.io\/pl\/"},{"@type":"ListItem","position":2,"name":"Instrukcja obs\u0142ugi pompy cieplnej"}]},{"@type":"WebSite","@id":"https:\/\/maxnext.io\/pl\/#website","url":"https:\/\/maxnext.io\/pl\/","name":"maxnext GmbH \u2013 Spritzguss, Blasformen &amp; Werkzeugbau | Sofort-Preis &amp; bis zu 65% g\u00fcnstiger","description":"Freie Kapazit\u00e4ten nutzen, Produktion nach DIN \u2013 pr\u00e4zise, schnell und deutlich g\u00fcnstiger.","publisher":{"@id":"https:\/\/maxnext.io\/pl\/#organization"},"potentialAction":[{"@type":"SearchAction","target":{"@type":"EntryPoint","urlTemplate":"https:\/\/maxnext.io\/pl\/?s={search_term_string}"},"query-input":{"@type":"PropertyValueSpecification","valueRequired":true,"valueName":"search_term_string"}}],"inLanguage":"pl-PL"},{"@type":"Organization","@id":"https:\/\/maxnext.io\/pl\/#organization","name":"maxnext GmbH \u2013 Spritzguss, Blasformen &amp; Werkzeugbau | Sofort-Preis &amp; bis zu 65% g\u00fcnstiger","url":"https:\/\/maxnext.io\/pl\/","logo":{"@type":"ImageObject","inLanguage":"pl-PL","@id":"https:\/\/maxnext.io\/pl\/#\/schema\/logo\/image\/","url":"https:\/\/maxnext.io\/wp-content\/uploads\/unnamed.png","contentUrl":"https:\/\/maxnext.io\/wp-content\/uploads\/unnamed.png","width":350,"height":88,"caption":"maxnext GmbH \u2013 Spritzguss, Blasformen &amp; Werkzeugbau | Sofort-Preis &amp; bis zu 65% g\u00fcnstiger"},"image":{"@id":"https:\/\/maxnext.io\/pl\/#\/schema\/logo\/image\/"}}]}},"_links":{"self":[{"href":"https:\/\/maxnext.io\/pl\/wp-json\/wp\/v2\/pages\/11249","targetHints":{"allow":["GET"]}}],"collection":[{"href":"https:\/\/maxnext.io\/pl\/wp-json\/wp\/v2\/pages"}],"about":[{"href":"https:\/\/maxnext.io\/pl\/wp-json\/wp\/v2\/types\/page"}],"author":[{"embeddable":true,"href":"https:\/\/maxnext.io\/pl\/wp-json\/wp\/v2\/users\/2"}],"replies":[{"embeddable":true,"href":"https:\/\/maxnext.io\/pl\/wp-json\/wp\/v2\/comments?post=11249"}],"version-history":[{"count":0,"href":"https:\/\/maxnext.io\/pl\/wp-json\/wp\/v2\/pages\/11249\/revisions"}],"wp:attachment":[{"href":"https:\/\/maxnext.io\/pl\/wp-json\/wp\/v2\/media?parent=11249"}],"curies":[{"name":"wp","href":"https:\/\/api.w.org\/{rel}","templated":true}]}}