{"id":11253,"date":"2022-02-22T15:10:48","date_gmt":"2022-02-22T15:10:48","guid":{"rendered":"https:\/\/maxnext.io\/blog\/"},"modified":"2024-11-22T14:26:27","modified_gmt":"2024-11-22T14:26:27","slug":"blog","status":"publish","type":"page","link":"https:\/\/maxnext.io\/pl\/blog\/","title":{"rendered":"Bloga"},"content":{"rendered":"\t\t<div data-elementor-type=\"wp-page\" data-elementor-id=\"11253\" class=\"elementor elementor-11253 elementor-4779\" data-elementor-post-type=\"page\">\n\t\t\t\t\t\t<section class=\"elementor-section elementor-top-section elementor-element elementor-element-9dcdbf1 elementor-section-boxed elementor-section-height-default elementor-section-height-default\" data-id=\"9dcdbf1\" data-element_type=\"section\" data-e-type=\"section\">\n\t\t\t\t\t\t<div class=\"elementor-container elementor-column-gap-default\">\n\t\t\t\t\t<div class=\"elementor-column elementor-col-100 elementor-top-column elementor-element elementor-element-3248165\" data-id=\"3248165\" data-element_type=\"column\" data-e-type=\"column\">\n\t\t\t<div class=\"elementor-widget-wrap elementor-element-populated\">\n\t\t\t\t\t\t<div class=\"elementor-element elementor-element-b672b8d elementor-widget elementor-widget-heading\" data-id=\"b672b8d\" data-element_type=\"widget\" data-e-type=\"widget\" data-widget_type=\"heading.default\">\n\t\t\t\t\t<h1 class=\"elementor-heading-title elementor-size-default\">AKTUALNO\u015aCI PRODUKCJA CYFROWA<\/h1>\t\t\t\t<\/div>\n\t\t\t\t<div class=\"elementor-element elementor-element-2889250 elementor-widget elementor-widget-ucaddon_post_magazine_grid\" data-id=\"2889250\" data-element_type=\"widget\" data-e-type=\"widget\" data-widget_type=\"ucaddon_post_magazine_grid.default\">\n\t\t\t\t<div class=\"elementor-widget-container\">\n\t\t\t\t\t\n<!-- start Post Magazine Grid -->\n\t\t<link id='font-awesome-css' href='https:\/\/maxnext.io\/wp-content\/plugins\/unlimited-elements-for-elementor-premium\/assets_libraries\/font-awesome6\/fontawesome-all.min.css' type='text\/css' rel='stylesheet' >\n\t\t<link id='font-awesome-4-shim-css' href='https:\/\/maxnext.io\/wp-content\/plugins\/unlimited-elements-for-elementor-premium\/assets_libraries\/font-awesome6\/fontawesome-v4-shims.min.css' type='text\/css' rel='stylesheet' >\n\n<style>\/* widget: Post Magazine Grid *\/\n\n\r\n@keyframes uc_post_magazine_grid_elementor_2889250__item-animation {\r\n  0% {\r\n            \r\n        \t        \tfilter: blur(10px);\r\n\t\t\t\r\n    \t    opacity: 0;\r\n  }\r\n  100% {\r\n            \r\n        \t            filter: blur(0px);\r\n            \r\n    \t\topacity: 1;\r\n  }\r\n}\r\n\r\n\r\n#uc_post_magazine_grid_elementor_2889250 .ue-grid-item{\r\n\topacity:0;\r\n}\r\n\r\n\r\n#uc_post_magazine_grid_elementor_2889250 .uc-entrance-animate {\r\n  opacity:1;\r\n}\r\n\r\n#uc_post_magazine_grid_elementor_2889250 .uc-entrance-animate {\r\n\tanimation: uc_post_magazine_grid_elementor_2889250__item-animation 0.6s cubic-bezier(0.470, 0.000, 0.745, 0.715) both;\r\n}\r\n\r\n\t\t\t\n\n#uc_post_magazine_grid_elementor_2889250 *{\n  box-sizing:border-box;\n}\n\n#uc_post_magazine_grid_elementor_2889250{\n  display: grid;\n  grid-auto-rows: 1fr;\n}\n\n#uc_post_magazine_grid_elementor_2889250 div.ue-grid-item{\n  overflow:hidden;\n  display:flex;\n  position:relative;\n}\n\n#uc_post_magazine_grid_elementor_2889250 .ue-grid-item-intro{\n  position: relative;\n  z-index: 1;\n}\n\n#uc_post_magazine_grid_elementor_2889250 .ue-grid-item-image img{\n  width:100%;\n  display:block;\n}\n\n#uc_post_magazine_grid_elementor_2889250.ue-layout-cover .ue-grid-item-image{\n  position:absolute;\n  top:0;\n  left:0;\n  bottom:0;\n  right:0;\n}\n\n#uc_post_magazine_grid_elementor_2889250.ue-layout-cover .ue-grid-item-image img{\n  height:100%;\n  object-fit: cover;\n}\n\n#uc_post_magazine_grid_elementor_2889250.ue-layout-cover .ue-grid-item-content{\n  position:absolute;\n  width:100%;\n  bottom:0px;\n}\n\n#uc_post_magazine_grid_elementor_2889250 .ue-grid-item-image-overlay{\n  position:absolute;\n  z-index: 1;\n  width:100%;\n  top:0;\n  display:block;\n  bottom:0;\n  height:100%;\n  transition:0.3s;\n}\n\n.ue-grid-item-title a{\n  font-size:21px;\n  font-weight:bold;\n  position: relative;\n  z-index: 1;  \n}\n\n.ue-grid-item-category a{\n  display:inline-block;\n  font-size:10px;\n  text-transform:uppercase;\n  position: relative;\n  z-index: 1; \n}\n\n#uc_post_magazine_grid_elementor_2889250 .uc_more_btn{\n  text-align:center;\n  text-decoration:none;\n  transition:0.3s;\n  position: relative;\n  z-index: 1;\n}\n\n#uc_post_magazine_grid_elementor_2889250 .ue-grid-item-meta-data{\n  display:flex;\n  flex-wrap: wrap;\n}\n\n.ue-grid-item-meta-data{\n  font-size:12px;\n}\n\n#uc_post_magazine_grid_elementor_2889250 .ue-grid-item-meta-data-icon{\n  line-height:1em;\n}\n\n#uc_post_magazine_grid_elementor_2889250 .ue-grid-item-meta-data-icon svg{\n  width:1em;\n  height:1em;\n}\n\n\n\n#uc_post_magazine_grid_elementor_2889250 .ue-date-calendar{\n     position:absolute;\n     top:0px;\n     left:0px;\n     text-align:center;\n}\n\n@media only screen and (max-width: 600px) {\n  #uc_post_magazine_grid_elementor_2889250 div.ue-grid-item  {\n    grid-column: span 1;\n    grid-row: span 1;\n  }\n  \n  #uc_post_magazine_grid_elementor_2889250  {\n  grid-template-columns: repeat(1, 1fr);\n  }\n}\n\n\n\n<\/style>\n\n<div id=\"uc_post_magazine_grid_elementor_2889250\" class=\"post_magazine_grid ue-layout-cover uc-items-wrapper\" >\n\t\n<div class=\"ue-grid-item\">\n  \n\t<div class=\"ue-grid-item-image\">\n       \n          <img decoding=\"async\" src=\"https:\/\/maxnext.io\/wp-content\/uploads\/Spritzgusses.jpg\"  src=\"https:\/\/maxnext.io\/wp-content\/uploads\/Spritzgusses.jpg\" alt=\"Spritzgusses\" width=\"1280\" height=\"719\">  \n      \t\n\t        \n      <a class=\"ue-grid-item-image-overlay\" href=\"https:\/\/maxnext.io\/pl\/blog\/przyszlosc-formowania-wtryskowego-najlepsze-innowacyjne-materialy-na-maxnext-de\/\" aria-label=\"Read more about Przysz\u0142o\u015b\u0107 formowania wtryskowego: Najlepsze innowacyjne materia\u0142y na maxnext.de\" ><\/a>\n    <\/div>\n    <div class=\"ue-grid-item-content\">\n      \n                    \n      <div class=\"ue-grid-item-title\"><a href=\"https:\/\/maxnext.io\/pl\/blog\/przyszlosc-formowania-wtryskowego-najlepsze-innowacyjne-materialy-na-maxnext-de\/\">Przysz\u0142o\u015b\u0107 formowania wtryskowego: Najlepsze innowacyjne materia\u0142y na maxnext.de<\/a><\/div>      \n            \n            <div class=\"ue-grid-item-button\"><a class=\"uc_more_btn \" href=\"https:\/\/maxnext.io\/pl\/blog\/przyszlosc-formowania-wtryskowego-najlepsze-innowacyjne-materialy-na-maxnext-de\/\">Wi\u0119cej na ten temat<\/a><\/div>    <\/div>\n  \n    \n    \n    \n<\/div>\n\n<div class=\"ue-grid-item\">\n  \n\t<div class=\"ue-grid-item-image\">\n       \n          <img decoding=\"async\" src=\"https:\/\/maxnext.io\/wp-content\/uploads\/Zahnrader-Spritzguss.webp\"  src=\"https:\/\/maxnext.io\/wp-content\/uploads\/Zahnrader-Spritzguss.webp\" alt=\"Zahnrader-Spritzguss\" width=\"1000\" height=\"1000\">  \n      \t\n\t        \n      <a class=\"ue-grid-item-image-overlay\" href=\"https:\/\/maxnext.io\/pl\/blog\/czesci-plastikowe-wykonane-z-abs\/\" aria-label=\"Read more about Cz\u0119\u015bci plastikowe wykonane z ABS\" ><\/a>\n    <\/div>\n    <div class=\"ue-grid-item-content\">\n      \n                    \n      <div class=\"ue-grid-item-title\"><a href=\"https:\/\/maxnext.io\/pl\/blog\/czesci-plastikowe-wykonane-z-abs\/\">Cz\u0119\u015bci plastikowe wykonane z ABS<\/a><\/div>      \n            \n            <div class=\"ue-grid-item-button\"><a class=\"uc_more_btn \" href=\"https:\/\/maxnext.io\/pl\/blog\/czesci-plastikowe-wykonane-z-abs\/\">Wi\u0119cej na ten temat<\/a><\/div>    <\/div>\n  \n    \n    \n    \n<\/div>\n\n<div class=\"ue-grid-item\">\n  \n\t<div class=\"ue-grid-item-image\">\n       \n          <img decoding=\"async\" src=\"https:\/\/maxnext.io\/wp-content\/uploads\/2022\/05\/Spritzguss-Medizintechnik.png\"  src=\"https:\/\/maxnext.io\/wp-content\/uploads\/2022\/05\/Spritzguss-Medizintechnik.png\" alt=\"Spritzguss Medizintechnik\" width=\"1000\" height=\"1000\">  \n      \t\n\t        \n      <a class=\"ue-grid-item-image-overlay\" href=\"https:\/\/maxnext.io\/pl\/blog\/obudowa-technologii-medycznej\/\" aria-label=\"Read more about Obudowa technologii medycznej\" ><\/a>\n    <\/div>\n    <div class=\"ue-grid-item-content\">\n      \n                    \n      <div class=\"ue-grid-item-title\"><a href=\"https:\/\/maxnext.io\/pl\/blog\/obudowa-technologii-medycznej\/\">Obudowa technologii medycznej<\/a><\/div>      \n            \n            <div class=\"ue-grid-item-button\"><a class=\"uc_more_btn \" href=\"https:\/\/maxnext.io\/pl\/blog\/obudowa-technologii-medycznej\/\">Wi\u0119cej na ten temat<\/a><\/div>    <\/div>\n  \n    \n    \n    \n<\/div>\n\n<div class=\"ue-grid-item\">\n  \n\t<div class=\"ue-grid-item-image\">\n       \n          <img decoding=\"async\" src=\"https:\/\/maxnext.io\/wp-content\/uploads\/2022\/03\/unnamed-1.jpg\"  src=\"https:\/\/maxnext.io\/wp-content\/uploads\/2022\/03\/unnamed-1.jpg\" alt=\"unnamed\" width=\"512\" height=\"341\">  \n      \t\n\t        \n      <a class=\"ue-grid-item-image-overlay\" href=\"https:\/\/maxnext.io\/pl\/blog\/biokompatybilne-tworzywa-sztuczne-do-wysokiej-jakosci-wyrobow-medycznych\/\" aria-label=\"Read more about Biokompatybilne tworzywa sztuczne do wysokiej jako\u015bci wyrob\u00f3w medycznych\" ><\/a>\n    <\/div>\n    <div class=\"ue-grid-item-content\">\n      \n                    \n      <div class=\"ue-grid-item-title\"><a href=\"https:\/\/maxnext.io\/pl\/blog\/biokompatybilne-tworzywa-sztuczne-do-wysokiej-jakosci-wyrobow-medycznych\/\">Biokompatybilne tworzywa sztuczne do wysokiej jako\u015bci wyrob\u00f3w medycznych<\/a><\/div>      \n            \n            <div class=\"ue-grid-item-button\"><a class=\"uc_more_btn \" href=\"https:\/\/maxnext.io\/pl\/blog\/biokompatybilne-tworzywa-sztuczne-do-wysokiej-jakosci-wyrobow-medycznych\/\">Wi\u0119cej na ten temat<\/a><\/div>    <\/div>\n  \n    \n    \n    \n<\/div>\n\n<div class=\"ue-grid-item\">\n  \n\t<div class=\"ue-grid-item-image\">\n       \n          <img decoding=\"async\" src=\"https:\/\/maxnext.io\/wp-content\/uploads\/2022\/01\/unnamed-1.jpg\"  src=\"https:\/\/maxnext.io\/wp-content\/uploads\/2022\/01\/unnamed-1.jpg\" alt=\"Spritzgusskonstruktionen\" width=\"512\" height=\"361\">  \n      \t\n\t        \n      <a class=\"ue-grid-item-image-overlay\" href=\"https:\/\/maxnext.io\/pl\/blog\/cyfrowa-platforma-produkcyjna\/\" aria-label=\"Read more about Cyfrowa platforma produkcyjna\" ><\/a>\n    <\/div>\n    <div class=\"ue-grid-item-content\">\n      \n                    \n      <div class=\"ue-grid-item-title\"><a href=\"https:\/\/maxnext.io\/pl\/blog\/cyfrowa-platforma-produkcyjna\/\">Cyfrowa platforma produkcyjna<\/a><\/div>      \n            \n            <div class=\"ue-grid-item-button\"><a class=\"uc_more_btn \" href=\"https:\/\/maxnext.io\/pl\/blog\/cyfrowa-platforma-produkcyjna\/\">Wi\u0119cej na ten temat<\/a><\/div>    <\/div>\n  \n    \n    \n    \n<\/div>\n\n<div class=\"ue-grid-item\">\n  \n\t<div class=\"ue-grid-item-image\">\n       \n          <img decoding=\"async\" src=\"https:\/\/maxnext.io\/wp-content\/uploads\/2022\/01\/unnamed.jpg\"  src=\"https:\/\/maxnext.io\/wp-content\/uploads\/2022\/01\/unnamed.jpg\" alt=\"unnamed\" width=\"512\" height=\"341\">  \n      \t\n\t        \n      <a class=\"ue-grid-item-image-overlay\" href=\"https:\/\/maxnext.io\/pl\/blog\/projekt-ux-i-stworzenie-unikalnego-punktu-sprzedazy\/\" aria-label=\"Read more about Projekt UX i stworzenie unikalnego punktu sprzeda\u017cy\" ><\/a>\n    <\/div>\n    <div class=\"ue-grid-item-content\">\n      \n                    \n      <div class=\"ue-grid-item-title\"><a href=\"https:\/\/maxnext.io\/pl\/blog\/projekt-ux-i-stworzenie-unikalnego-punktu-sprzedazy\/\">Projekt UX i stworzenie unikalnego punktu sprzeda\u017cy<\/a><\/div>      \n            \n            <div class=\"ue-grid-item-button\"><a class=\"uc_more_btn \" href=\"https:\/\/maxnext.io\/pl\/blog\/projekt-ux-i-stworzenie-unikalnego-punktu-sprzedazy\/\">Wi\u0119cej na ten temat<\/a><\/div>    <\/div>\n  \n    \n    \n    \n<\/div>\n\n<\/div>\n\n\n<!-- end Post Magazine Grid -->\t\t\t\t<\/div>\n\t\t\t\t<\/div>\n\t\t\t\t\t<\/div>\n\t\t<\/div>\n\t\t\t\t\t<\/div>\n\t\t<\/section>\n\t\t\t\t<\/div>\n\t\t","protected":false},"excerpt":{"rendered":"<p>AKTUALNO\u015aCI PRODUKCJA CYFROWA Przysz\u0142o\u015b\u0107 formowania wtryskowego: Najlepsze innowacyjne materia\u0142y na maxnext.de Wi\u0119cej na ten temat Cz\u0119\u015bci plastikowe wykonane z ABS Wi\u0119cej na ten temat Obudowa technologii medycznej Wi\u0119cej na ten temat Biokompatybilne tworzywa sztuczne do wysokiej jako\u015bci wyrob\u00f3w medycznych Wi\u0119cej na ten temat Cyfrowa platforma produkcyjna Wi\u0119cej na ten temat Projekt UX i stworzenie unikalnego [&hellip;]<\/p>\n","protected":false},"author":2,"featured_media":0,"parent":0,"menu_order":0,"comment_status":"closed","ping_status":"closed","template":"elementor_header_footer","meta":{"footnotes":""},"class_list":["post-11253","page","type-page","status-publish","hentry"],"yoast_head":"<!-- This site is optimized with the Yoast SEO plugin v27.4 - https:\/\/yoast.com\/product\/yoast-seo-wordpress\/ -->\n<title>Bloga - maxnext GmbH \u2013 Spritzguss, Blasformen &amp; Werkzeugbau | Sofort-Preis &amp; bis zu 65% g\u00fcnstiger<\/title>\n<meta name=\"robots\" content=\"index, follow, max-snippet:-1, max-image-preview:large, max-video-preview:-1\" \/>\n<link rel=\"canonical\" href=\"https:\/\/maxnext.io\/pl\/blog\/\" \/>\n<meta property=\"og:locale\" content=\"pl_PL\" \/>\n<meta property=\"og:type\" content=\"article\" \/>\n<meta property=\"og:title\" content=\"Bloga - maxnext GmbH \u2013 Spritzguss, Blasformen &amp; Werkzeugbau | Sofort-Preis &amp; bis zu 65% g\u00fcnstiger\" \/>\n<meta property=\"og:description\" content=\"AKTUALNO\u015aCI PRODUKCJA CYFROWA Przysz\u0142o\u015b\u0107 formowania wtryskowego: Najlepsze innowacyjne materia\u0142y na maxnext.de Wi\u0119cej na ten temat Cz\u0119\u015bci plastikowe wykonane z ABS Wi\u0119cej na ten temat Obudowa technologii medycznej Wi\u0119cej na ten temat Biokompatybilne tworzywa sztuczne do wysokiej jako\u015bci wyrob\u00f3w medycznych Wi\u0119cej na ten temat Cyfrowa platforma produkcyjna Wi\u0119cej na ten temat Projekt UX i stworzenie unikalnego [&hellip;]\" \/>\n<meta property=\"og:url\" content=\"https:\/\/maxnext.io\/pl\/blog\/\" \/>\n<meta property=\"og:site_name\" content=\"maxnext GmbH \u2013 Spritzguss, Blasformen &amp; Werkzeugbau | Sofort-Preis &amp; bis zu 65% g\u00fcnstiger\" \/>\n<meta property=\"article:modified_time\" content=\"2024-11-22T14:26:27+00:00\" \/>\n<meta property=\"og:image\" content=\"https:\/\/maxnext.io\/wp-content\/uploads\/Spritzgusses.jpg\" \/>\n<meta name=\"twitter:card\" content=\"summary_large_image\" \/>\n<meta name=\"twitter:label1\" content=\"Szacowany czas czytania\" \/>\n\t<meta name=\"twitter:data1\" content=\"2 minuty\" \/>\n<script type=\"application\/ld+json\" class=\"yoast-schema-graph\">{\"@context\":\"https:\\\/\\\/schema.org\",\"@graph\":[{\"@type\":\"WebPage\",\"@id\":\"https:\\\/\\\/maxnext.io\\\/pl\\\/blog\\\/\",\"url\":\"https:\\\/\\\/maxnext.io\\\/pl\\\/blog\\\/\",\"name\":\"Bloga - maxnext GmbH \u2013 Spritzguss, Blasformen &amp; Werkzeugbau | Sofort-Preis &amp; bis zu 65% g\u00fcnstiger\",\"isPartOf\":{\"@id\":\"https:\\\/\\\/maxnext.io\\\/pl\\\/#website\"},\"primaryImageOfPage\":{\"@id\":\"https:\\\/\\\/maxnext.io\\\/pl\\\/blog\\\/#primaryimage\"},\"image\":{\"@id\":\"https:\\\/\\\/maxnext.io\\\/pl\\\/blog\\\/#primaryimage\"},\"thumbnailUrl\":\"https:\\\/\\\/maxnext.io\\\/wp-content\\\/uploads\\\/Spritzgusses.jpg\",\"datePublished\":\"2022-02-22T15:10:48+00:00\",\"dateModified\":\"2024-11-22T14:26:27+00:00\",\"breadcrumb\":{\"@id\":\"https:\\\/\\\/maxnext.io\\\/pl\\\/blog\\\/#breadcrumb\"},\"inLanguage\":\"pl-PL\",\"potentialAction\":[{\"@type\":\"ReadAction\",\"target\":[\"https:\\\/\\\/maxnext.io\\\/pl\\\/blog\\\/\"]}]},{\"@type\":\"ImageObject\",\"inLanguage\":\"pl-PL\",\"@id\":\"https:\\\/\\\/maxnext.io\\\/pl\\\/blog\\\/#primaryimage\",\"url\":\"https:\\\/\\\/maxnext.io\\\/wp-content\\\/uploads\\\/Spritzgusses.jpg\",\"contentUrl\":\"https:\\\/\\\/maxnext.io\\\/wp-content\\\/uploads\\\/Spritzgusses.jpg\"},{\"@type\":\"BreadcrumbList\",\"@id\":\"https:\\\/\\\/maxnext.io\\\/pl\\\/blog\\\/#breadcrumb\",\"itemListElement\":[{\"@type\":\"ListItem\",\"position\":1,\"name\":\"Home\",\"item\":\"https:\\\/\\\/maxnext.io\\\/pl\\\/\"},{\"@type\":\"ListItem\",\"position\":2,\"name\":\"Bloga\"}]},{\"@type\":\"WebSite\",\"@id\":\"https:\\\/\\\/maxnext.io\\\/pl\\\/#website\",\"url\":\"https:\\\/\\\/maxnext.io\\\/pl\\\/\",\"name\":\"maxnext GmbH \u2013 Spritzguss, Blasformen &amp; Werkzeugbau | Sofort-Preis &amp; bis zu 65% g\u00fcnstiger\",\"description\":\"Freie Kapazit\u00e4ten nutzen, Produktion nach DIN \u2013 pr\u00e4zise, schnell und deutlich g\u00fcnstiger.\",\"publisher\":{\"@id\":\"https:\\\/\\\/maxnext.io\\\/pl\\\/#organization\"},\"potentialAction\":[{\"@type\":\"SearchAction\",\"target\":{\"@type\":\"EntryPoint\",\"urlTemplate\":\"https:\\\/\\\/maxnext.io\\\/pl\\\/?s={search_term_string}\"},\"query-input\":{\"@type\":\"PropertyValueSpecification\",\"valueRequired\":true,\"valueName\":\"search_term_string\"}}],\"inLanguage\":\"pl-PL\"},{\"@type\":\"Organization\",\"@id\":\"https:\\\/\\\/maxnext.io\\\/pl\\\/#organization\",\"name\":\"maxnext GmbH \u2013 Spritzguss, Blasformen &amp; Werkzeugbau | Sofort-Preis &amp; bis zu 65% g\u00fcnstiger\",\"url\":\"https:\\\/\\\/maxnext.io\\\/pl\\\/\",\"logo\":{\"@type\":\"ImageObject\",\"inLanguage\":\"pl-PL\",\"@id\":\"https:\\\/\\\/maxnext.io\\\/pl\\\/#\\\/schema\\\/logo\\\/image\\\/\",\"url\":\"https:\\\/\\\/maxnext.io\\\/wp-content\\\/uploads\\\/unnamed.png\",\"contentUrl\":\"https:\\\/\\\/maxnext.io\\\/wp-content\\\/uploads\\\/unnamed.png\",\"width\":350,\"height\":88,\"caption\":\"maxnext GmbH \u2013 Spritzguss, Blasformen &amp; Werkzeugbau | Sofort-Preis &amp; bis zu 65% g\u00fcnstiger\"},\"image\":{\"@id\":\"https:\\\/\\\/maxnext.io\\\/pl\\\/#\\\/schema\\\/logo\\\/image\\\/\"}}]}<\/script>\n<!-- \/ Yoast SEO plugin. -->","yoast_head_json":{"title":"Bloga - maxnext GmbH \u2013 Spritzguss, Blasformen &amp; Werkzeugbau | Sofort-Preis &amp; bis zu 65% g\u00fcnstiger","robots":{"index":"index","follow":"follow","max-snippet":"max-snippet:-1","max-image-preview":"max-image-preview:large","max-video-preview":"max-video-preview:-1"},"canonical":"https:\/\/maxnext.io\/pl\/blog\/","og_locale":"pl_PL","og_type":"article","og_title":"Bloga - maxnext GmbH \u2013 Spritzguss, Blasformen &amp; Werkzeugbau | Sofort-Preis &amp; bis zu 65% g\u00fcnstiger","og_description":"AKTUALNO\u015aCI PRODUKCJA CYFROWA Przysz\u0142o\u015b\u0107 formowania wtryskowego: Najlepsze innowacyjne materia\u0142y na maxnext.de Wi\u0119cej na ten temat Cz\u0119\u015bci plastikowe wykonane z ABS Wi\u0119cej na ten temat Obudowa technologii medycznej Wi\u0119cej na ten temat Biokompatybilne tworzywa sztuczne do wysokiej jako\u015bci wyrob\u00f3w medycznych Wi\u0119cej na ten temat Cyfrowa platforma produkcyjna Wi\u0119cej na ten temat Projekt UX i stworzenie unikalnego [&hellip;]","og_url":"https:\/\/maxnext.io\/pl\/blog\/","og_site_name":"maxnext GmbH \u2013 Spritzguss, Blasformen &amp; Werkzeugbau | Sofort-Preis &amp; bis zu 65% g\u00fcnstiger","article_modified_time":"2024-11-22T14:26:27+00:00","og_image":[{"url":"https:\/\/maxnext.io\/wp-content\/uploads\/Spritzgusses.jpg","type":"","width":"","height":""}],"twitter_card":"summary_large_image","twitter_misc":{"Szacowany czas czytania":"2 minuty"},"schema":{"@context":"https:\/\/schema.org","@graph":[{"@type":"WebPage","@id":"https:\/\/maxnext.io\/pl\/blog\/","url":"https:\/\/maxnext.io\/pl\/blog\/","name":"Bloga - maxnext GmbH \u2013 Spritzguss, Blasformen &amp; Werkzeugbau | Sofort-Preis &amp; bis zu 65% g\u00fcnstiger","isPartOf":{"@id":"https:\/\/maxnext.io\/pl\/#website"},"primaryImageOfPage":{"@id":"https:\/\/maxnext.io\/pl\/blog\/#primaryimage"},"image":{"@id":"https:\/\/maxnext.io\/pl\/blog\/#primaryimage"},"thumbnailUrl":"https:\/\/maxnext.io\/wp-content\/uploads\/Spritzgusses.jpg","datePublished":"2022-02-22T15:10:48+00:00","dateModified":"2024-11-22T14:26:27+00:00","breadcrumb":{"@id":"https:\/\/maxnext.io\/pl\/blog\/#breadcrumb"},"inLanguage":"pl-PL","potentialAction":[{"@type":"ReadAction","target":["https:\/\/maxnext.io\/pl\/blog\/"]}]},{"@type":"ImageObject","inLanguage":"pl-PL","@id":"https:\/\/maxnext.io\/pl\/blog\/#primaryimage","url":"https:\/\/maxnext.io\/wp-content\/uploads\/Spritzgusses.jpg","contentUrl":"https:\/\/maxnext.io\/wp-content\/uploads\/Spritzgusses.jpg"},{"@type":"BreadcrumbList","@id":"https:\/\/maxnext.io\/pl\/blog\/#breadcrumb","itemListElement":[{"@type":"ListItem","position":1,"name":"Home","item":"https:\/\/maxnext.io\/pl\/"},{"@type":"ListItem","position":2,"name":"Bloga"}]},{"@type":"WebSite","@id":"https:\/\/maxnext.io\/pl\/#website","url":"https:\/\/maxnext.io\/pl\/","name":"maxnext GmbH \u2013 Spritzguss, Blasformen &amp; Werkzeugbau | Sofort-Preis &amp; bis zu 65% g\u00fcnstiger","description":"Freie Kapazit\u00e4ten nutzen, Produktion nach DIN \u2013 pr\u00e4zise, schnell und deutlich g\u00fcnstiger.","publisher":{"@id":"https:\/\/maxnext.io\/pl\/#organization"},"potentialAction":[{"@type":"SearchAction","target":{"@type":"EntryPoint","urlTemplate":"https:\/\/maxnext.io\/pl\/?s={search_term_string}"},"query-input":{"@type":"PropertyValueSpecification","valueRequired":true,"valueName":"search_term_string"}}],"inLanguage":"pl-PL"},{"@type":"Organization","@id":"https:\/\/maxnext.io\/pl\/#organization","name":"maxnext GmbH \u2013 Spritzguss, Blasformen &amp; Werkzeugbau | Sofort-Preis &amp; bis zu 65% g\u00fcnstiger","url":"https:\/\/maxnext.io\/pl\/","logo":{"@type":"ImageObject","inLanguage":"pl-PL","@id":"https:\/\/maxnext.io\/pl\/#\/schema\/logo\/image\/","url":"https:\/\/maxnext.io\/wp-content\/uploads\/unnamed.png","contentUrl":"https:\/\/maxnext.io\/wp-content\/uploads\/unnamed.png","width":350,"height":88,"caption":"maxnext GmbH \u2013 Spritzguss, Blasformen &amp; Werkzeugbau | Sofort-Preis &amp; bis zu 65% g\u00fcnstiger"},"image":{"@id":"https:\/\/maxnext.io\/pl\/#\/schema\/logo\/image\/"}}]}},"_links":{"self":[{"href":"https:\/\/maxnext.io\/pl\/wp-json\/wp\/v2\/pages\/11253","targetHints":{"allow":["GET"]}}],"collection":[{"href":"https:\/\/maxnext.io\/pl\/wp-json\/wp\/v2\/pages"}],"about":[{"href":"https:\/\/maxnext.io\/pl\/wp-json\/wp\/v2\/types\/page"}],"author":[{"embeddable":true,"href":"https:\/\/maxnext.io\/pl\/wp-json\/wp\/v2\/users\/2"}],"replies":[{"embeddable":true,"href":"https:\/\/maxnext.io\/pl\/wp-json\/wp\/v2\/comments?post=11253"}],"version-history":[{"count":0,"href":"https:\/\/maxnext.io\/pl\/wp-json\/wp\/v2\/pages\/11253\/revisions"}],"wp:attachment":[{"href":"https:\/\/maxnext.io\/pl\/wp-json\/wp\/v2\/media?parent=11253"}],"curies":[{"name":"wp","href":"https:\/\/api.w.org\/{rel}","templated":true}]}}