{"id":11542,"date":"2021-12-28T08:35:00","date_gmt":"2021-12-28T08:35:00","guid":{"rendered":"https:\/\/maxnext.io\/odcisk\/"},"modified":"2026-01-02T16:38:28","modified_gmt":"2026-01-02T16:38:28","slug":"odcisk","status":"publish","type":"page","link":"https:\/\/maxnext.io\/pl\/odcisk\/","title":{"rendered":"odcisk"},"content":{"rendered":"\t\t<div data-elementor-type=\"wp-page\" data-elementor-id=\"11542\" class=\"elementor elementor-11542 elementor-2190\" data-elementor-post-type=\"page\">\n\t\t\t\t\t\t<section class=\"elementor-section elementor-top-section elementor-element elementor-element-e9690db elementor-section-boxed elementor-section-height-default elementor-section-height-default\" data-id=\"e9690db\" data-element_type=\"section\" data-e-type=\"section\">\n\t\t\t\t\t\t<div class=\"elementor-container elementor-column-gap-default\">\n\t\t\t\t\t<div class=\"elementor-column elementor-col-100 elementor-top-column elementor-element elementor-element-05dc74a\" data-id=\"05dc74a\" data-element_type=\"column\" data-e-type=\"column\">\n\t\t\t<div class=\"elementor-widget-wrap elementor-element-populated\">\n\t\t\t\t\t\t<div class=\"elementor-element elementor-element-448f62e elementor-widget elementor-widget-heading\" data-id=\"448f62e\" data-element_type=\"widget\" data-e-type=\"widget\" data-widget_type=\"heading.default\">\n\t\t\t\t\t<h1 class=\"elementor-heading-title elementor-size-default\">Nadruk z maxnext<\/h1>\t\t\t\t<\/div>\n\t\t\t\t<div class=\"elementor-element elementor-element-d14aab5 elementor-widget elementor-widget-text-editor\" data-id=\"d14aab5\" data-element_type=\"widget\" data-e-type=\"widget\" data-widget_type=\"text-editor.default\">\n\t\t\t\t\t\t\t\t\t<div><div><div><div><div><h2 data-fontsize=\"25\" data-lineheight=\"48px\">Informacje zgodnie z \u00a7 5 TMG:<\/h2><div><strong>maxnext GmbH <\/strong><br \/>Daimlerstrasse 7<br \/>72285 Pfalzgrafenweiler<br \/>GERMANY<\/div><div>\u00a0<\/div><p><b>maxnext GmbH<\/b><\/p><p>Ulica Liliowa 8<br \/>91126 Rednitzhembach<\/p><p>Dyrektor zarz\u0105dzaj\u0105cy: Armin Klepsch<\/p><p><span style=\"font-family: Roboto, sans-serif; font-style: normal;\">Marka:<\/span> <a style=\"font-style: normal; font-family: Roboto, sans-serif;\" href=\"https:\/\/www.formenbau-spritzguss.de\/\">KSE Kunststoff<\/a><\/p><p>Rejestr Handlowy: HRB 40855<br \/>S\u0105d Rejestrowy: S\u0105d Rejonowy w Norymberdze<\/p><p>VAT-ID: DE359087781<\/p><h2 data-fontsize=\"25\" data-lineheight=\"48px\">Kontakt:<\/h2><table><tbody><tr><td>Telefon:<\/td><td>+49 (0) 911 \/ 21 65 05 63<\/td><\/tr><tr><td>E-Mail:<\/td><td><a href=\"mailto:hi@maxnext.de\">hi@maxnext.de<\/a><\/td><\/tr><\/tbody><\/table><p>\u017ar\u00f3d\u0142o: <em><a title=\"https:\/\/www.e-recht24.de\" href=\"https:\/\/www.e-recht24.de\/\">https:\/\/www.e-recht24.de<\/a><\/em><\/p><p>Projektowanie stron internetowych i strategia marketingowa: <a href=\"https:\/\/www.neukunden-erobern.de\/\">agencja reklamowa CONQUER NEW CUSTOMERS<\/a><\/p><\/div><div>\u00a0<\/div><div>\u00a0<\/div><div>\u00a0<\/div><div><h3 data-fontsize=\"20\" data-lineheight=\"24px\">skontaktuj si\u0119 z nami:<\/h3><\/div><div>\u00a0<\/div><\/div><\/div><div><div><div>\u00a0<\/div><\/div><\/div><\/div><\/div><div><div><div><div><div><p><strong>Odpowiedzialno\u015b\u0107 za tre\u015b\u0107<\/strong><\/p><p>Jako us\u0142ugodawca jeste\u015bmy odpowiedzialni za w\u0142asne tre\u015bci na tych stronach zgodnie z og\u00f3lnymi przepisami prawa zgodnie z \u00a7 7 ust. 1 TMG. Jednak\u017ce zgodnie z \u00a7\u00a7 8 do 10 TMG jako us\u0142ugodawca nie jeste\u015bmy zobowi\u0105zani do monitorowania przekazywanych lub przechowywanych informacji os\u00f3b trzecich ani do badania okoliczno\u015bci wskazuj\u0105cych na nielegaln\u0105 dzia\u0142alno\u015b\u0107. Obowi\u0105zek usuni\u0119cia lub zablokowania wykorzystania informacji zgodnie z og\u00f3lnymi przepisami prawa pozostaje nienaruszony. Odpowiedzialno\u015b\u0107 w tym zakresie mo\u017cliwa jest jednak dopiero od momentu poznania konkretnego naruszenia prawa. Je\u015bli dowiemy si\u0119 o odpowiednich naruszeniach prawa, natychmiast usuniemy te tre\u015bci.<\/p><p><strong>Odpowiedzialno\u015b\u0107 za linki<\/strong><\/p><p>W naszej ofercie znajduj\u0105 si\u0119 linki do zewn\u0119trznych stron internetowych podmiot\u00f3w trzecich, na kt\u00f3rych tre\u015b\u0107 nie mamy wp\u0142ywu. Dlatego nie mo\u017cemy ponosi\u0107 \u017cadnej odpowiedzialno\u015bci za te tre\u015bci zewn\u0119trzne. Za tre\u015b\u0107 stron, do kt\u00f3rych prowadz\u0105 linki, zawsze odpowiada odpowiedni dostawca lub operator stron. W momencie linkowania strony, do kt\u00f3rych prowadz\u0105 linki, zosta\u0142y sprawdzone pod k\u0105tem ewentualnych narusze\u0144 prawa. W momencie \u0142\u0105czenia nie by\u0142o wida\u0107 nielegalnych tre\u015bci. Jednak\u017ce sta\u0142a kontrola tre\u015bci stron, do kt\u00f3rych prowadz\u0105 linki, jest nieuzasadniona bez konkretnych dowod\u00f3w naruszenia prawa. Je\u015bli dowiemy si\u0119 o jakichkolwiek naruszeniach prawa, natychmiast usuniemy takie linki.<\/p><p><strong>prawo autorskie<\/strong><\/p><p>Tre\u015bci i dzie\u0142a na tych stronach stworzone przez operator\u00f3w witryn podlegaj\u0105 niemieckiemu prawu autorskiemu. Powielanie, przetwarzanie, rozpowszechnianie i wszelkiego rodzaju wykorzystywanie wykraczaj\u0105ce poza granice prawa autorskiego wymaga pisemnej zgody danego autora lub tw\u00f3rcy. Pobieranie i kopiowanie tej strony jest dozwolone wy\u0142\u0105cznie do u\u017cytku prywatnego, niekomercyjnego. Je\u017celi tre\u015bci znajduj\u0105ce si\u0119 na tej stronie nie zosta\u0142y stworzone przez operatora, respektowane s\u0105 prawa autorskie os\u00f3b trzecich. W szczeg\u00f3lno\u015bci tre\u015bci os\u00f3b trzecich s\u0105 jako takie oznaczone. Je\u015bli mimo to dowiesz si\u0119 o naruszeniu praw autorskich, prosimy o odpowiednie powiadomienie nas. Je\u015bli dowiemy si\u0119 o jakichkolwiek naruszeniach prawa, natychmiast usuniemy takie tre\u015bci.<\/p><p>Obowi\u0105zuj\u0105 nast\u0119puj\u0105ce przepisy zawodowe:<br \/>Regulamin mo\u017cna zobaczy\u0107 pod adresem: Odpowiedzialno\u015b\u0107 za tre\u015b\u0107<\/p><p>Tre\u015bci zawarte na naszych stronach zosta\u0142y stworzone z najwi\u0119ksz\u0105 staranno\u015bci\u0105. Nie mo\u017cemy jednak zagwarantowa\u0107, \u017ce tre\u015b\u0107 jest poprawna, kompletna i aktualna. Jako us\u0142ugodawca jeste\u015bmy odpowiedzialni za w\u0142asne tre\u015bci na tych stronach zgodnie z og\u00f3lnymi przepisami prawa zgodnie z \u00a7 7 ust. 1 TMG. Jednak\u017ce zgodnie z \u00a7\u00a7 8 do 10 TMG jako us\u0142ugodawca nie jeste\u015bmy zobowi\u0105zani do monitorowania przekazywanych lub przechowywanych informacji os\u00f3b trzecich ani do badania okoliczno\u015bci wskazuj\u0105cych na nielegaln\u0105 dzia\u0142alno\u015b\u0107. Obowi\u0105zek usuni\u0119cia lub zablokowania wykorzystania informacji zgodnie z og\u00f3lnymi przepisami prawa pozostaje nienaruszony. Odpowiedzialno\u015b\u0107 w tym zakresie mo\u017cliwa jest jednak dopiero od momentu poznania konkretnego naruszenia prawa. Je\u015bli dowiemy si\u0119 o odpowiednich naruszeniach prawa, natychmiast usuniemy t\u0119 tre\u015b\u0107. Odpowiedzialno\u015b\u0107 za linki. Nasza oferta zawiera linki do zewn\u0119trznych stron internetowych os\u00f3b trzecich, na kt\u00f3rych tre\u015b\u0107 nie mamy wp\u0142ywu. Dlatego nie mo\u017cemy ponosi\u0107 \u017cadnej odpowiedzialno\u015bci za te tre\u015bci zewn\u0119trzne. Za tre\u015b\u0107 stron, do kt\u00f3rych prowadz\u0105 linki, zawsze odpowiada odpowiedni dostawca lub operator stron. W momencie linkowania strony, do kt\u00f3rych prowadz\u0105 linki, zosta\u0142y sprawdzone pod k\u0105tem ewentualnych narusze\u0144 prawa. W momencie \u0142\u0105czenia nie by\u0142o wida\u0107 nielegalnych tre\u015bci. Jednak\u017ce sta\u0142a kontrola tre\u015bci stron, do kt\u00f3rych prowadz\u0105 linki, jest nieuzasadniona bez konkretnych dowod\u00f3w naruszenia prawa. Je\u015bli dowiemy si\u0119 o jakichkolwiek naruszeniach prawa, natychmiast usuniemy takie linki.<\/p><\/div><div>\u00a0<\/div><div>\u00a0<\/div><div>\u00a0<\/div><div><p>Zdj\u0119cia: pixabay.de<\/p><\/div><\/div><\/div><\/div><\/div>\t\t\t\t\t\t\t\t<\/div>\n\t\t\t\t\t<\/div>\n\t\t<\/div>\n\t\t\t\t\t<\/div>\n\t\t<\/section>\n\t\t\t\t<\/div>\n\t\t","protected":false},"excerpt":{"rendered":"<p>Nadruk z maxnext Informacje zgodnie z \u00a7 5 TMG: maxnext GmbH Daimlerstrasse 772285 PfalzgrafenweilerGERMANY\u00a0 maxnext GmbH Ulica Liliowa 891126 Rednitzhembach Dyrektor zarz\u0105dzaj\u0105cy: Armin Klepsch Marka: KSE Kunststoff Rejestr Handlowy: HRB 40855S\u0105d Rejestrowy: S\u0105d Rejonowy w Norymberdze VAT-ID: DE359087781 Kontakt: Telefon: +49 (0) 911 \/ 21 65 05 63 E-Mail: hi@maxnext.de \u017ar\u00f3d\u0142o: https:\/\/www.e-recht24.de Projektowanie stron internetowych [&hellip;]<\/p>\n","protected":false},"author":2,"featured_media":0,"parent":0,"menu_order":0,"comment_status":"closed","ping_status":"closed","template":"elementor_header_footer","meta":{"footnotes":""},"class_list":["post-11542","page","type-page","status-publish","hentry"],"yoast_head":"<!-- This site is optimized with the Yoast SEO plugin v27.3 - https:\/\/yoast.com\/product\/yoast-seo-wordpress\/ -->\n<title>odcisk - maxnext GmbH \u2013 Spritzguss, Blasformen &amp; Werkzeugbau | Sofort-Preis &amp; bis zu 65% g\u00fcnstiger<\/title>\n<meta name=\"robots\" content=\"index, follow, max-snippet:-1, max-image-preview:large, max-video-preview:-1\" \/>\n<link rel=\"canonical\" href=\"https:\/\/maxnext.io\/pl\/odcisk\/\" \/>\n<meta property=\"og:locale\" content=\"pl_PL\" \/>\n<meta property=\"og:type\" content=\"article\" \/>\n<meta property=\"og:title\" content=\"odcisk - maxnext GmbH \u2013 Spritzguss, Blasformen &amp; Werkzeugbau | Sofort-Preis &amp; bis zu 65% g\u00fcnstiger\" \/>\n<meta property=\"og:description\" content=\"Nadruk z maxnext Informacje zgodnie z \u00a7 5 TMG: maxnext GmbH Daimlerstrasse 772285 PfalzgrafenweilerGERMANY\u00a0 maxnext GmbH Ulica Liliowa 891126 Rednitzhembach Dyrektor zarz\u0105dzaj\u0105cy: Armin Klepsch Marka: KSE Kunststoff Rejestr Handlowy: HRB 40855S\u0105d Rejestrowy: S\u0105d Rejonowy w Norymberdze VAT-ID: DE359087781 Kontakt: Telefon: +49 (0) 911 \/ 21 65 05 63 E-Mail: hi@maxnext.de \u017ar\u00f3d\u0142o: https:\/\/www.e-recht24.de Projektowanie stron internetowych [&hellip;]\" \/>\n<meta property=\"og:url\" content=\"https:\/\/maxnext.io\/pl\/odcisk\/\" \/>\n<meta property=\"og:site_name\" content=\"maxnext GmbH \u2013 Spritzguss, Blasformen &amp; Werkzeugbau | Sofort-Preis &amp; bis zu 65% g\u00fcnstiger\" \/>\n<meta property=\"article:modified_time\" content=\"2026-01-02T16:38:28+00:00\" \/>\n<meta name=\"twitter:card\" content=\"summary_large_image\" \/>\n<meta name=\"twitter:label1\" content=\"Szacowany czas czytania\" \/>\n\t<meta name=\"twitter:data1\" content=\"4 minuty\" \/>\n<script type=\"application\/ld+json\" class=\"yoast-schema-graph\">{\"@context\":\"https:\\\/\\\/schema.org\",\"@graph\":[{\"@type\":\"WebPage\",\"@id\":\"https:\\\/\\\/maxnext.io\\\/pl\\\/odcisk\\\/\",\"url\":\"https:\\\/\\\/maxnext.io\\\/pl\\\/odcisk\\\/\",\"name\":\"odcisk - maxnext GmbH \u2013 Spritzguss, Blasformen &amp; Werkzeugbau | Sofort-Preis &amp; bis zu 65% g\u00fcnstiger\",\"isPartOf\":{\"@id\":\"https:\\\/\\\/maxnext.io\\\/pl\\\/#website\"},\"datePublished\":\"2021-12-28T08:35:00+00:00\",\"dateModified\":\"2026-01-02T16:38:28+00:00\",\"breadcrumb\":{\"@id\":\"https:\\\/\\\/maxnext.io\\\/pl\\\/odcisk\\\/#breadcrumb\"},\"inLanguage\":\"pl-PL\",\"potentialAction\":[{\"@type\":\"ReadAction\",\"target\":[\"https:\\\/\\\/maxnext.io\\\/pl\\\/odcisk\\\/\"]}]},{\"@type\":\"BreadcrumbList\",\"@id\":\"https:\\\/\\\/maxnext.io\\\/pl\\\/odcisk\\\/#breadcrumb\",\"itemListElement\":[{\"@type\":\"ListItem\",\"position\":1,\"name\":\"Home\",\"item\":\"https:\\\/\\\/maxnext.io\\\/pl\\\/\"},{\"@type\":\"ListItem\",\"position\":2,\"name\":\"odcisk\"}]},{\"@type\":\"WebSite\",\"@id\":\"https:\\\/\\\/maxnext.io\\\/pl\\\/#website\",\"url\":\"https:\\\/\\\/maxnext.io\\\/pl\\\/\",\"name\":\"maxnext GmbH \u2013 Spritzguss, Blasformen &amp; Werkzeugbau | Sofort-Preis &amp; bis zu 65% g\u00fcnstiger\",\"description\":\"Freie Kapazit\u00e4ten nutzen, Produktion nach DIN \u2013 pr\u00e4zise, schnell und deutlich g\u00fcnstiger.\",\"publisher\":{\"@id\":\"https:\\\/\\\/maxnext.io\\\/pl\\\/#organization\"},\"potentialAction\":[{\"@type\":\"SearchAction\",\"target\":{\"@type\":\"EntryPoint\",\"urlTemplate\":\"https:\\\/\\\/maxnext.io\\\/pl\\\/?s={search_term_string}\"},\"query-input\":{\"@type\":\"PropertyValueSpecification\",\"valueRequired\":true,\"valueName\":\"search_term_string\"}}],\"inLanguage\":\"pl-PL\"},{\"@type\":\"Organization\",\"@id\":\"https:\\\/\\\/maxnext.io\\\/pl\\\/#organization\",\"name\":\"maxnext GmbH \u2013 Spritzguss, Blasformen &amp; Werkzeugbau | Sofort-Preis &amp; bis zu 65% g\u00fcnstiger\",\"url\":\"https:\\\/\\\/maxnext.io\\\/pl\\\/\",\"logo\":{\"@type\":\"ImageObject\",\"inLanguage\":\"pl-PL\",\"@id\":\"https:\\\/\\\/maxnext.io\\\/pl\\\/#\\\/schema\\\/logo\\\/image\\\/\",\"url\":\"https:\\\/\\\/maxnext.io\\\/wp-content\\\/uploads\\\/unnamed.png\",\"contentUrl\":\"https:\\\/\\\/maxnext.io\\\/wp-content\\\/uploads\\\/unnamed.png\",\"width\":350,\"height\":88,\"caption\":\"maxnext GmbH \u2013 Spritzguss, Blasformen &amp; Werkzeugbau | Sofort-Preis &amp; bis zu 65% g\u00fcnstiger\"},\"image\":{\"@id\":\"https:\\\/\\\/maxnext.io\\\/pl\\\/#\\\/schema\\\/logo\\\/image\\\/\"}}]}<\/script>\n<!-- \/ Yoast SEO plugin. -->","yoast_head_json":{"title":"odcisk - maxnext GmbH \u2013 Spritzguss, Blasformen &amp; Werkzeugbau | Sofort-Preis &amp; bis zu 65% g\u00fcnstiger","robots":{"index":"index","follow":"follow","max-snippet":"max-snippet:-1","max-image-preview":"max-image-preview:large","max-video-preview":"max-video-preview:-1"},"canonical":"https:\/\/maxnext.io\/pl\/odcisk\/","og_locale":"pl_PL","og_type":"article","og_title":"odcisk - maxnext GmbH \u2013 Spritzguss, Blasformen &amp; Werkzeugbau | Sofort-Preis &amp; bis zu 65% g\u00fcnstiger","og_description":"Nadruk z maxnext Informacje zgodnie z \u00a7 5 TMG: maxnext GmbH Daimlerstrasse 772285 PfalzgrafenweilerGERMANY\u00a0 maxnext GmbH Ulica Liliowa 891126 Rednitzhembach Dyrektor zarz\u0105dzaj\u0105cy: Armin Klepsch Marka: KSE Kunststoff Rejestr Handlowy: HRB 40855S\u0105d Rejestrowy: S\u0105d Rejonowy w Norymberdze VAT-ID: DE359087781 Kontakt: Telefon: +49 (0) 911 \/ 21 65 05 63 E-Mail: hi@maxnext.de \u017ar\u00f3d\u0142o: https:\/\/www.e-recht24.de Projektowanie stron internetowych [&hellip;]","og_url":"https:\/\/maxnext.io\/pl\/odcisk\/","og_site_name":"maxnext GmbH \u2013 Spritzguss, Blasformen &amp; Werkzeugbau | Sofort-Preis &amp; bis zu 65% g\u00fcnstiger","article_modified_time":"2026-01-02T16:38:28+00:00","twitter_card":"summary_large_image","twitter_misc":{"Szacowany czas czytania":"4 minuty"},"schema":{"@context":"https:\/\/schema.org","@graph":[{"@type":"WebPage","@id":"https:\/\/maxnext.io\/pl\/odcisk\/","url":"https:\/\/maxnext.io\/pl\/odcisk\/","name":"odcisk - maxnext GmbH \u2013 Spritzguss, Blasformen &amp; Werkzeugbau | Sofort-Preis &amp; bis zu 65% g\u00fcnstiger","isPartOf":{"@id":"https:\/\/maxnext.io\/pl\/#website"},"datePublished":"2021-12-28T08:35:00+00:00","dateModified":"2026-01-02T16:38:28+00:00","breadcrumb":{"@id":"https:\/\/maxnext.io\/pl\/odcisk\/#breadcrumb"},"inLanguage":"pl-PL","potentialAction":[{"@type":"ReadAction","target":["https:\/\/maxnext.io\/pl\/odcisk\/"]}]},{"@type":"BreadcrumbList","@id":"https:\/\/maxnext.io\/pl\/odcisk\/#breadcrumb","itemListElement":[{"@type":"ListItem","position":1,"name":"Home","item":"https:\/\/maxnext.io\/pl\/"},{"@type":"ListItem","position":2,"name":"odcisk"}]},{"@type":"WebSite","@id":"https:\/\/maxnext.io\/pl\/#website","url":"https:\/\/maxnext.io\/pl\/","name":"maxnext GmbH \u2013 Spritzguss, Blasformen &amp; Werkzeugbau | Sofort-Preis &amp; bis zu 65% g\u00fcnstiger","description":"Freie Kapazit\u00e4ten nutzen, Produktion nach DIN \u2013 pr\u00e4zise, schnell und deutlich g\u00fcnstiger.","publisher":{"@id":"https:\/\/maxnext.io\/pl\/#organization"},"potentialAction":[{"@type":"SearchAction","target":{"@type":"EntryPoint","urlTemplate":"https:\/\/maxnext.io\/pl\/?s={search_term_string}"},"query-input":{"@type":"PropertyValueSpecification","valueRequired":true,"valueName":"search_term_string"}}],"inLanguage":"pl-PL"},{"@type":"Organization","@id":"https:\/\/maxnext.io\/pl\/#organization","name":"maxnext GmbH \u2013 Spritzguss, Blasformen &amp; Werkzeugbau | Sofort-Preis &amp; bis zu 65% g\u00fcnstiger","url":"https:\/\/maxnext.io\/pl\/","logo":{"@type":"ImageObject","inLanguage":"pl-PL","@id":"https:\/\/maxnext.io\/pl\/#\/schema\/logo\/image\/","url":"https:\/\/maxnext.io\/wp-content\/uploads\/unnamed.png","contentUrl":"https:\/\/maxnext.io\/wp-content\/uploads\/unnamed.png","width":350,"height":88,"caption":"maxnext GmbH \u2013 Spritzguss, Blasformen &amp; Werkzeugbau | Sofort-Preis &amp; bis zu 65% g\u00fcnstiger"},"image":{"@id":"https:\/\/maxnext.io\/pl\/#\/schema\/logo\/image\/"}}]}},"_links":{"self":[{"href":"https:\/\/maxnext.io\/pl\/wp-json\/wp\/v2\/pages\/11542","targetHints":{"allow":["GET"]}}],"collection":[{"href":"https:\/\/maxnext.io\/pl\/wp-json\/wp\/v2\/pages"}],"about":[{"href":"https:\/\/maxnext.io\/pl\/wp-json\/wp\/v2\/types\/page"}],"author":[{"embeddable":true,"href":"https:\/\/maxnext.io\/pl\/wp-json\/wp\/v2\/users\/2"}],"replies":[{"embeddable":true,"href":"https:\/\/maxnext.io\/pl\/wp-json\/wp\/v2\/comments?post=11542"}],"version-history":[{"count":0,"href":"https:\/\/maxnext.io\/pl\/wp-json\/wp\/v2\/pages\/11542\/revisions"}],"wp:attachment":[{"href":"https:\/\/maxnext.io\/pl\/wp-json\/wp\/v2\/media?parent=11542"}],"curies":[{"name":"wp","href":"https:\/\/api.w.org\/{rel}","templated":true}]}}